{"id":563,"date":"2023-01-01T11:30:46","date_gmt":"2023-01-01T03:30:46","guid":{"rendered":"https:\/\/www.aocfiberlink.com\/?post_type=product&#038;p=563"},"modified":"2025-10-25T10:21:31","modified_gmt":"2025-10-25T02:21:31","slug":"verrouillage-hdmi-2-1-aoc-cable-optique-actif-blinde-8k60hz-48gbps","status":"publish","type":"product","link":"https:\/\/www.aocfiberlink.com\/fr\/product\/fiber-optic-8k-hdmi-aoc-active-optical-cable-armored\/","title":{"rendered":"C\u00e2ble optique actif \u00e0 fibre optique HDMI 2.1 AOC-Armored-8K@60Hz 48Gbps"},"content":{"rendered":"<p>Les s\u00e9ries FHDA-21AA-XX <strong>Blind\u00e9 <\/strong><strong>HDMI 2.1 AOC-Active Optical Cable with screw locking optional <\/strong>are also called HDMI 2.1 AOC, HDMI 2.1 Active Optical Cable, Fiber Optic HDMI Cable, <a href=\"https:\/\/www.aocfiberlink.com\/fr\/categorie-produit\/cables-optiques-hdmi\/\">C\u00e2ble HDMI optique<\/a>, Active HDMI Cable, Active HDMI 2.1 Cable, Active Optical HDMI Cable.<\/p>\n<p>Constructed with high-quality stainless steel and reinforced hybrid optical fiber cable (4 Fiber &amp; 7 Copper), featuring a lockable HDMI 2.1 connector for use with <a href=\"https:\/\/tripplite.eaton.com\/hdbaset-lite-hdmi-over-cat5e-6-6a-extender-kit-serial-ir-control-4kx2k-uhd-1080p-up-to-230-feet-70m~BHDBTKSI\">BHDBT Series HDBaseT Extender products<\/a>,\u00a0 this Armored Locking HDMI 2.1 AOC-Active Optical Cables offer exceptional durability and resilience and secure connections. With a crush-resistant armor capable of withstanding up to 500kg of force, these cables are designed for demanding environments. The industrial-grade TPU jacket provides a wide operating temperature range (-40\u2103 to +80\u2103), making them perfect for use in challenging settings like Medical Surgeries, Live Events Rental, Military, Shipboard, Temporary Staging, or anywhere that requires extended HDMI cables in tough conditions.<\/p>\n<p><strong>Caract\u00e9ristiques principales\u00a0:<\/strong><\/p>\n<ul>\n<li><strong>Connexion s\u00e9curis\u00e9e:<\/strong> Verrouillage \u00e0 vis en option pour assurer une connexion s\u00e9curis\u00e9e, emp\u00eachant la perte de signal due aux c\u00e2bles qui se cognent et se d\u00e9connectent<\/li>\n<li class=\"text-th-primary-dark\"><strong>R\u00e9solution de haute qualit\u00e9<\/strong>: Prend en charge 8K@60Hz, 4K@144Hz, 4K@120Hz selon les sp\u00e9cifications HDMI 2.1, r\u00e9trocompatible<\/li>\n<li class=\"text-th-primary-dark\"><strong>Bande passante \u00e9lev\u00e9e<\/strong>: Capacit\u00e9 de 48 Gbps, r\u00e9trocompatible<\/li>\n<li class=\"text-th-primary-dark\"><strong>Transmission sans perte<\/strong>: Fournit des visuels 8K @ 60Hz, des signaux d&#039;affichage VR et 3D sur de longues distances<\/li>\n<li class=\"text-th-primary-dark\"><strong>Taux de rafra\u00eechissement rapide<\/strong>: 120 Hz \u00e0 une r\u00e9solution 4K pour des images nettes et nettes ; taux plus \u00e9lev\u00e9s \u00e0 des r\u00e9solutions inf\u00e9rieures<\/li>\n<li class=\"text-th-primary-dark\"><strong>HDR dynamique<\/strong>: optimise le contraste, la profondeur, la luminosit\u00e9 et la gamme de couleurs image par image<\/li>\n<li class=\"text-th-primary-dark\"><strong>eARC am\u00e9lior\u00e9<\/strong>: Simplifie la connectivit\u00e9 et l&#039;optimisation audio pour plusieurs composants<\/li>\n<li class=\"text-th-primary-dark\"><strong>Audio de haute qualit\u00e9<\/strong>: Prend en charge jusqu&#039;\u00e0 192 kHz, 24 bits, 5.1 et 7.1 non compress\u00e9s, les formats Dolby sans perte et l&#039;audio 32 canaux<\/li>\n<li class=\"text-th-primary-dark\"><strong>VRR pour les jeux<\/strong>: Gameplay fluide avec un minimum de d\u00e9calage, de saccades et de d\u00e9chirure de cadre<\/li>\n<li class=\"text-th-primary-dark\"><strong>Fonctionnalit\u00e9s avanc\u00e9es<\/strong>: Prend en charge EDID, fonction d&#039;auto-d\u00e9tection, ALLM, QMS et QFT<\/li>\n<li class=\"text-th-primary-dark\"><strong>Construction durable<\/strong>: Bo\u00eetier en alliage de zinc, connecteurs plaqu\u00e9s or r\u00e9sistants \u00e0 la corrosion<\/li>\n<li class=\"text-th-primary-dark\"><strong>R\u00e9sistance EMI<\/strong>: Haute r\u00e9sistance aux interf\u00e9rences \u00e9lectromagn\u00e9tiques, assurant un environnement s\u00fbr et sans rayonnement<\/li>\n<li class=\"text-th-primary-dark\"><strong>Personnalisable<\/strong>: Jusqu&#039;\u00e0 150 m de longueur maximale (30 m max pour eARC), longueur, logo et emballage personnalis\u00e9s disponibles<\/li>\n<\/ul>\n<p><strong>Applications:<\/strong><\/p>\n<ul>\n<li>Affichage num\u00e9rique<\/li>\n<li>Panneaux et moniteurs LED pour stades, h\u00f4pitaux, centres commerciaux<\/li>\n<li>Mat\u00e9riel d&#039;imagerie m\u00e9dicale<\/li>\n<li>Syst\u00e8me d&#039;information vid\u00e9o d&#039;embarquement \u00e0 l&#039;a\u00e9roport<\/li>\n<li>Cin\u00e9ma maison, Blu-ray, vid\u00e9o 3D, projecteur, d\u00e9codeur, DVR, contr\u00f4le de la console de jeu et connexion du moniteur<\/li>\n<li>Station de radio et de t\u00e9l\u00e9vision<\/li>\n<li>Mat\u00e9riel de visioconf\u00e9rence<\/li>\n<li>Syst\u00e8me de surveillance de la s\u00e9curit\u00e9<\/li>\n<\/ul>","protected":false},"excerpt":{"rendered":"<p>-Verrouillage \u00e0 vis en option pour une connexion s\u00e9curis\u00e9e\u00a0;<br \/>\n-D\u00e9finition 8K 60Hz in\u00e9gal\u00e9e, bande passante 48Gbps;<br \/>\n-Maximum 240Hz id\u00e9al pour un divertissement immersif ;<br \/>\n-Solution optique\/\u00e9lectrique pour une transmission sans perte\u00a0;<br \/>\n-Construction en acier inoxydable 200CU<br \/>\n-R\u00e9sistance \u00e0 l&#039;\u00e9crasement\u00a0: 100\u00a0kg \u00e0 long terme\u00a0; Court terme 200kg<br \/>\n-Up to 150m length, Roxtone cable drum optional<\/p>","protected":false},"featured_media":589,"comment_status":"open","ping_status":"closed","template":"","meta":{"rs_blank_template":"","rs_page_bg_color":"","slide_template_v7":""},"product_brand":[],"product_cat":[488,490,38,24,108,493],"product_tag":[39,33,99,98,31,35,32,36,29],"class_list":{"0":"post-563","1":"product","2":"type-product","3":"status-publish","4":"has-post-thumbnail","6":"product_cat-solution-audio-visual","7":"product_cat-solution-hd-conferences","8":"product_cat-hdmi-2-1","9":"product_cat-optical-hdmi-cables","10":"product_cat-shop","11":"product_cat-solution-smart-home","12":"product_tag-active-hdmi-2-1-cable","13":"product_tag-active-optical-hdmi-cable","14":"product_tag-armored-aoc-cable","15":"product_tag-armored-hdmi-2-1-cable","16":"product_tag-fiber-optic-hdmi-cable","17":"product_tag-hdmi-2-1-aoc","18":"product_tag-hdmi-fiber-cable","19":"product_tag-hybrid-hdmi-cable-8k","20":"product_tag-optical-hdmi-cable","22":"first","23":"instock","24":"shipping-taxable","25":"product-type-simple"},"aioseo_notices":[],"_links":{"self":[{"href":"https:\/\/www.aocfiberlink.com\/fr\/wp-json\/wp\/v2\/product\/563","targetHints":{"allow":["GET"]}}],"collection":[{"href":"https:\/\/www.aocfiberlink.com\/fr\/wp-json\/wp\/v2\/product"}],"about":[{"href":"https:\/\/www.aocfiberlink.com\/fr\/wp-json\/wp\/v2\/types\/product"}],"replies":[{"embeddable":true,"href":"https:\/\/www.aocfiberlink.com\/fr\/wp-json\/wp\/v2\/comments?post=563"}],"wp:featuredmedia":[{"embeddable":true,"href":"https:\/\/www.aocfiberlink.com\/fr\/wp-json\/wp\/v2\/media\/589"}],"wp:attachment":[{"href":"https:\/\/www.aocfiberlink.com\/fr\/wp-json\/wp\/v2\/media?parent=563"}],"wp:term":[{"taxonomy":"product_brand","embeddable":true,"href":"https:\/\/www.aocfiberlink.com\/fr\/wp-json\/wp\/v2\/product_brand?post=563"},{"taxonomy":"product_cat","embeddable":true,"href":"https:\/\/www.aocfiberlink.com\/fr\/wp-json\/wp\/v2\/product_cat?post=563"},{"taxonomy":"product_tag","embeddable":true,"href":"https:\/\/www.aocfiberlink.com\/fr\/wp-json\/wp\/v2\/product_tag?post=563"}],"curies":[{"name":"wp","href":"https:\/\/api.w.org\/{rel}","templated":true}]}}