{"id":711,"date":"2023-01-01T10:00:45","date_gmt":"2023-01-01T02:00:45","guid":{"rendered":"https:\/\/www.aocfiberlink.com\/?post_type=product&#038;p=711"},"modified":"2025-10-25T10:24:28","modified_gmt":"2025-10-25T02:24:28","slug":"retractable-4k-hdmi-2-0-aoc-reel-armed-active-optical-cable-am-to-am-100m-2","status":"publish","type":"product","link":"https:\/\/www.aocfiberlink.com\/fr\/product\/armored-8k-fiber-optic-hdmi-active-optical-cable-drum\/","title":{"rendered":"C\u00e2ble optique actif HDMI 2.1 \u00e0 fibre optique blind\u00e9 8K sur tambour Roxtone PCD 310"},"content":{"rendered":"<p>Les s\u00e9ries FHDC-21AA-XX <strong>Armored 8K Fiber Optic HDMI 2.1 Active Optical Cables <\/strong>are supplied with protective caps and optional portable Roxtone PCD 235 &amp; PCD 310 drum. They are ideal alternative replacement for #<a href=\"https:\/\/shop.klotz-ais.com\/foauhw.html\">Klotz FOAUHW<\/a>, #<a href=\"https:\/\/www1.kramerav.com\/hk\/Product\/CRS-PlugNView-H\">Kramer CRS-PlugNView<\/a>,#<a href=\"https:\/\/www.bhphotovideo.com\/c\/product\/1672319-REG\/techlogix_networx_mofo_hd20st_100_mofo_media_over_fiber.html\">TechLogix R\u00e9seau MOFO-HD20ST<\/a>, #<a href=\"https:\/\/tripplite.eaton.com\/armored-hdmi-active-optical-cable-aoc-on-reel-4k-60hz-hdr-18-gbps-waterproof-shell-cap-70m-230ft~P568FA70MWR\">Tripplie<\/a> #<a href=\"http:\/\/Eaton P568FA series Armored\">Eaton P568FA series Armored High-Speed Optical HDMI Cable<\/a> on portable but unbreakable drum reel.<\/p>\n<p>Crafted with high-quality hybrid optical fiber cable (4 Fiber &amp; 7 Copper), the 8K Fiber Optic HDMI 2.1 Active Optical Fiber Cables are designed to extend the transmission distance between data source and display devices with a maximum length of 150 meters, which offer unmatched transmission capabilities with a maximum data rate of 48Gbps. These Fiber Optic HDMI 2.1 AOC cables deliver Ultra High Speed performance, ensuring pristine visual quality with resolutions up to UHD 8K\/60p and 4K\/120p.<\/p>\n<p><strong>Caract\u00e9ristiques principales\u00a0:<\/strong><\/p>\n<ul>\n<li><strong>Remplacement id\u00e9al<\/strong>: for Klotz FOAUHW,Kramer CRS-PlugNView,TechLogix Networx MOFO-HD20ST,Tripplite #Eaton P568FA series<\/li>\n<li class=\"text-th-primary-dark\"><strong>Conception r\u00e9tractable et extr\u00eamement durable<\/strong>: Construction durable en aluminium\/acier pour moins de 11,3 kg ; Conception de cadre empilable\u00a0; Capuchons de protection inclus\u00a0;<\/li>\n<li><strong>Compliant<\/strong> with HDMI 1.4, 2.0 and 2.1 specification;<\/li>\n<li class=\"text-th-primary-dark\"><strong>Haute r\u00e9solution:<\/strong> Supports UHD 8K\/60p and 4K\/120p 4:4:4 video signals up to 150 meters for a high-quality viewing experience;<\/li>\n<li class=\"text-th-primary-dark\"><strong>Bande passante \u00e9lev\u00e9e<\/strong>: 48Gbps capacity, ensuring fast and reliable transmission of multimedia content<\/li>\n<li class=\"text-th-primary-dark\"><strong>Transmission sans perte<\/strong>: Delivers 8K\/60p and 4K\/120p visuals, VR, and 3D display signals over long distances<\/li>\n<li class=\"text-th-primary-dark\"><strong>Taux de rafra\u00eechissement rapide<\/strong>: 60Hz at 8K UHD resolution for crisp, sharp images; higher rates at lower resolutions<\/li>\n<li class=\"text-th-primary-dark\"><strong>HDR dynamique<\/strong>: optimise le contraste, la profondeur, la luminosit\u00e9 et la gamme de couleurs image par image<\/li>\n<li class=\"text-th-primary-dark\"><strong>eARC am\u00e9lior\u00e9<\/strong>: Simplifie la connectivit\u00e9 et l&#039;optimisation audio pour plusieurs composants<\/li>\n<li class=\"text-th-primary-dark\"><strong>Audio de haute qualit\u00e9<\/strong>: Prend en charge jusqu&#039;\u00e0 192 kHz, 24 bits, 5.1 et 7.1 non compress\u00e9s, les formats Dolby sans perte et l&#039;audio 32 canaux<\/li>\n<li class=\"text-th-primary-dark\"><strong>VRR pour les jeux<\/strong>: Gameplay fluide avec un minimum de d\u00e9calage, de saccades et de d\u00e9chirure de cadre<\/li>\n<li class=\"text-th-primary-dark\"><strong>Fonctionnalit\u00e9s avanc\u00e9es<\/strong>: Prend en charge EDID, fonction d&#039;auto-d\u00e9tection, ALLM, QMS et QFT<\/li>\n<li class=\"text-th-primary-dark\"><strong>Construction durable<\/strong>: Bo\u00eetier en alliage de zinc, connecteurs plaqu\u00e9s or r\u00e9sistants \u00e0 la corrosion<\/li>\n<li class=\"text-th-primary-dark\"><strong>R\u00e9sistance EMI<\/strong>: Haute r\u00e9sistance aux interf\u00e9rences \u00e9lectromagn\u00e9tiques, assurant un environnement s\u00fbr et sans rayonnement<\/li>\n<li class=\"text-th-primary-dark\"><strong>Personnalisable<\/strong>: Jusqu&#039;\u00e0 150 m de longueur maximale (30 m max pour eARC), longueur, logo et emballage personnalis\u00e9s disponibles<\/li>\n<\/ul>\n<p><strong>Applications:<\/strong><\/p>\n<ul>\n<li>Affichage num\u00e9rique<\/li>\n<li>Panneaux et moniteurs LED pour stades, h\u00f4pitaux, centres commerciaux<\/li>\n<li>Mat\u00e9riel d&#039;imagerie m\u00e9dicale<\/li>\n<li>Syst\u00e8me d&#039;information vid\u00e9o d&#039;embarquement \u00e0 l&#039;a\u00e9roport<\/li>\n<li>Cin\u00e9ma maison, Blu-ray, vid\u00e9o 3D, projecteur, d\u00e9codeur, DVR, contr\u00f4le de la console de jeu et connexion du moniteur<\/li>\n<li>Station de radio et de t\u00e9l\u00e9vision<\/li>\n<li>Mat\u00e9riel de visioconf\u00e9rence<\/li>\n<li>Syst\u00e8me de surveillance de la s\u00e9curit\u00e9<\/li>\n<\/ul>","protected":false},"excerpt":{"rendered":"<ul>\n<li>Rectractable &amp; Durable design with protection caps;<\/li>\n<li>Extend full 7680 x 4320(8K), 4096 x 2160 (4K), 3840 x 2160 (2K) at 60Hz 4:4:4 video signals up to 150m (492ft)<\/li>\n<li>Fully supports HDMI 1.4, 2.0 &amp; 2.1 spec, including eARC, 21:9 Aspect Ratio and more<\/li>\n<li>Compatible PCM, DTS-HD Master et Dolby Digital True HD Surround Sound<\/li>\n<li>Profil EMI\/RFI pratiquement nul pour des performances sans faille<\/li>\n<li>La conception hybride fibre\/cuivre ne n\u00e9cessite aucune alimentation externe<\/li>\n<li>Prend en charge HDCP 2.2 \/ EDID \/ DDC \/ CEC<\/li>\n<li>Custom length up to 150m<\/li>\n<\/ul>","protected":false},"featured_media":1090,"comment_status":"open","ping_status":"closed","template":"","meta":{"rs_blank_template":"","rs_page_bg_color":"","slide_template_v7":""},"product_brand":[],"product_cat":[488,38,76,24,108],"product_tag":[169,40,165,168,35,164,166,96,29,167],"class_list":{"0":"post-711","1":"product","2":"type-product","3":"status-publish","4":"has-post-thumbnail","6":"product_cat-solution-audio-visual","7":"product_cat-hdmi-2-1","8":"product_cat-hot-sellers","9":"product_cat-optical-hdmi-cables","10":"product_cat-shop","11":"product_tag-8k-hdmi-aoc","12":"product_tag-8k-hdmi-fiber-cable","13":"product_tag-active-optical-hdmi-2-1-cable","14":"product_tag-armored-8k-hdmi-2-1-cable","15":"product_tag-hdmi-2-1-aoc","16":"product_tag-hdmi-2-1-fiber","17":"product_tag-hdmi-2-1-optical-cable","18":"product_tag-hdmi-aoc","19":"product_tag-optical-hdmi-cable","20":"product_tag-tactical-hdmi-aoc","22":"first","23":"instock","24":"shipping-taxable","25":"product-type-simple"},"aioseo_notices":[],"_links":{"self":[{"href":"https:\/\/www.aocfiberlink.com\/fr\/wp-json\/wp\/v2\/product\/711","targetHints":{"allow":["GET"]}}],"collection":[{"href":"https:\/\/www.aocfiberlink.com\/fr\/wp-json\/wp\/v2\/product"}],"about":[{"href":"https:\/\/www.aocfiberlink.com\/fr\/wp-json\/wp\/v2\/types\/product"}],"replies":[{"embeddable":true,"href":"https:\/\/www.aocfiberlink.com\/fr\/wp-json\/wp\/v2\/comments?post=711"}],"wp:featuredmedia":[{"embeddable":true,"href":"https:\/\/www.aocfiberlink.com\/fr\/wp-json\/wp\/v2\/media\/1090"}],"wp:attachment":[{"href":"https:\/\/www.aocfiberlink.com\/fr\/wp-json\/wp\/v2\/media?parent=711"}],"wp:term":[{"taxonomy":"product_brand","embeddable":true,"href":"https:\/\/www.aocfiberlink.com\/fr\/wp-json\/wp\/v2\/product_brand?post=711"},{"taxonomy":"product_cat","embeddable":true,"href":"https:\/\/www.aocfiberlink.com\/fr\/wp-json\/wp\/v2\/product_cat?post=711"},{"taxonomy":"product_tag","embeddable":true,"href":"https:\/\/www.aocfiberlink.com\/fr\/wp-json\/wp\/v2\/product_tag?post=711"}],"curies":[{"name":"wp","href":"https:\/\/api.w.org\/{rel}","templated":true}]}}