{"id":811,"date":"2024-07-17T10:08:51","date_gmt":"2024-07-17T02:08:51","guid":{"rendered":"https:\/\/www.aocfiberlink.com\/?post_type=product&#038;p=811"},"modified":"2025-07-30T07:36:10","modified_gmt":"2025-07-29T23:36:10","slug":"cable-optique-actif-hdmi-20-aoc-amovible-2","status":"publish","type":"product","link":"https:\/\/www.aocfiberlink.com\/fr\/product\/detachable-8k-active-optical-hdmi-cable-latching\/","title":{"rendered":"C\u00e2ble HDMI optique actif 8K d\u00e9tachable, \u00e0 verrouillage, DM-DM, 48Gbps"},"content":{"rendered":"<p>The FHDC-21DD-XX serires <strong>Detacbale 8K Hybrid Active Optical HDMI 2.1 Cables <\/strong>are also called HDMI 2.1 AOC, <a href=\"https:\/\/www.aocfiberlink.com\/fr\/produit\/8k-active-optical-hdmi-2-1-fiber-cable-type-am-to-type-am-48gbps\/\">HDMI 2.1 Active Optical Cable<\/a>, <a href=\"https:\/\/www.aocfiberlink.com\/fr\/produit\/verrouillage-hdmi-2-1-aoc-cable-optique-actif-blinde-8k60hz-48gbps\/\">Fiber Optic HDMI 2.1 Cable<\/a>, <a href=\"https:\/\/www.aocfiberlink.com\/fr\/categorie-produit\/cables-optiques-hdmi\/\">Optical HDMI Cable<\/a>, Active HDMI Cable, Active Optical HDMI Cable.<\/p>\n<p>Construits avec de l&#039;acier inoxydable de haute qualit\u00e9 et un c\u00e2ble \u00e0 fibre optique hybride renforc\u00e9 (4 fibres et 7 cuivre), les c\u00e2bles optiques actifs HDMI 2.1 AOC blind\u00e9s offrent une durabilit\u00e9 et une r\u00e9silience exceptionnelles. Avec une armure r\u00e9sistante \u00e0 l&#039;\u00e9crasement capable de supporter jusqu&#039;\u00e0 500 kg de force, ces c\u00e2bles sont con\u00e7us pour les environnements exigeants. La veste en TPU de qualit\u00e9 industrielle offre une large plage de temp\u00e9ratures de fonctionnement (-40 \u2103 \u00e0 + 80 \u2103), ce qui les rend parfaites pour une utilisation dans des environnements difficiles tels que les chirurgies m\u00e9dicales, la location d&#039;\u00e9v\u00e9nements en direct, l&#039;arm\u00e9e, le bord d&#039;un navire, la mise en sc\u00e8ne temporaire ou n&#039;importe o\u00f9 qui n\u00e9cessite une prolongation. C\u00e2bles HDMI dans des conditions difficiles.<\/p>\n<p>The FHDC-21DD-XX series Detachable 8K Hybrid Active Optical HDMI 2.1 AOC Cables, transmit ultra-high-speed signals of up to 48Gbps and 8K@60Hz resolution, 4:4:4 color subsampling, HDR,eARC without any signal loss. These EMI-resistant Detachable Fiber Optic HDMI Cables, compliant with HDMI 2.1 specifications, deliver unparalleled visual quality with up to 8K resolution and a refresh rate of up to 144Hz. Immerse yourself in an exceptional entertainment and gaming experience. The optical solution ensures lossless transmission even over long distances, guaranteeing superior signal quality.<\/p>\n<p><strong>Caract\u00e9ristiques principales\u00a0:<\/strong><\/p>\n<ul>\n<li class=\"text-th-primary-dark\"><strong>R\u00e9solution de haute qualit\u00e9<\/strong>: Prend en charge 8K@60Hz, 4K@144Hz, 4K@120Hz selon les sp\u00e9cifications HDMI 2.1, r\u00e9trocompatible<\/li>\n<li class=\"text-th-primary-dark\"><strong>Bande passante \u00e9lev\u00e9e<\/strong>: Capacit\u00e9 de 48 Gbps, r\u00e9trocompatible<\/li>\n<li class=\"text-th-primary-dark\"><strong>Transmission sans perte<\/strong>: Fournit des visuels 8K @ 60Hz, des signaux d&#039;affichage VR et 3D sur de longues distances<\/li>\n<li class=\"text-th-primary-dark\"><strong>Taux de rafra\u00eechissement rapide<\/strong>: 120 Hz \u00e0 une r\u00e9solution 4K pour des images nettes et nettes ; taux plus \u00e9lev\u00e9s \u00e0 des r\u00e9solutions inf\u00e9rieures<\/li>\n<li class=\"text-th-primary-dark\"><strong>HDR dynamique<\/strong>: optimise le contraste, la profondeur, la luminosit\u00e9 et la gamme de couleurs image par image<\/li>\n<li class=\"text-th-primary-dark\"><strong>eARC am\u00e9lior\u00e9<\/strong>: Simplifie la connectivit\u00e9 et l&#039;optimisation audio pour plusieurs composants<\/li>\n<li class=\"text-th-primary-dark\"><strong>Audio de haute qualit\u00e9<\/strong>: Prend en charge jusqu&#039;\u00e0 192 kHz, 24 bits, 5.1 et 7.1 non compress\u00e9s, les formats Dolby sans perte et l&#039;audio 32 canaux<\/li>\n<li class=\"text-th-primary-dark\"><strong>VRR pour les jeux<\/strong>: Gameplay fluide avec un minimum de d\u00e9calage, de saccades et de d\u00e9chirure de cadre<\/li>\n<li class=\"text-th-primary-dark\"><strong>Fonctionnalit\u00e9s avanc\u00e9es<\/strong>: Prend en charge EDID, fonction d&#039;auto-d\u00e9tection, ALLM, QMS et QFT<\/li>\n<li class=\"text-th-primary-dark\"><strong>Construction durable<\/strong>: Bo\u00eetier en alliage de zinc, connecteurs plaqu\u00e9s or r\u00e9sistants \u00e0 la corrosion<\/li>\n<li class=\"text-th-primary-dark\"><strong>R\u00e9sistance EMI<\/strong>: Haute r\u00e9sistance aux interf\u00e9rences \u00e9lectromagn\u00e9tiques, assurant un environnement s\u00fbr et sans rayonnement<\/li>\n<li class=\"text-th-primary-dark\"><strong>Personnalisable<\/strong>: Jusqu&#039;\u00e0 70 m de longueur maximale (30 m max pour eARC), longueur, logo et emballage personnalis\u00e9s disponibles<\/li>\n<\/ul>\n<p><strong>Applications:<\/strong><\/p>\n<ul>\n<li>Affichage num\u00e9rique<\/li>\n<li>Panneaux et moniteurs LED pour stades, h\u00f4pitaux, centres commerciaux<\/li>\n<li>Mat\u00e9riel d&#039;imagerie m\u00e9dicale<\/li>\n<li>Syst\u00e8me d&#039;information vid\u00e9o d&#039;embarquement \u00e0 l&#039;a\u00e9roport<\/li>\n<li>Cin\u00e9ma maison, Blu-ray, vid\u00e9o 3D, projecteur, d\u00e9codeur, DVR, contr\u00f4le de la console de jeu et connexion du moniteur<\/li>\n<li>Station de radio et de t\u00e9l\u00e9vision<\/li>\n<li>Mat\u00e9riel de visioconf\u00e9rence<\/li>\n<li>Syst\u00e8me de surveillance de la s\u00e9curit\u00e9<\/li>\n<\/ul>","protected":false},"excerpt":{"rendered":"<ul>\n<li>Extend full 8K@60Hz, 4K@144Hz, 4K@120Hz as per HDMI 2.1 video signals up to 150m (492ft)<\/li>\n<li>Fully supports HDMI 2.1 spec, including eARC, 21:9 Aspect Ratio and more<\/li>\n<li>Compatible PCM, DTS-HD Master et Dolby Digital True HD Surround Sound<\/li>\n<li>Profil EMI\/RFI pratiquement nul pour des performances sans faille<\/li>\n<li>La conception hybride fibre\/cuivre ne n\u00e9cessite aucune alimentation externe<\/li>\n<li>Prend en charge HDCP 2.2 \/ EDID \/ DDC \/ CEC<\/li>\n<\/ul>","protected":false},"featured_media":329,"comment_status":"open","ping_status":"closed","template":"","meta":{"rs_blank_template":"","rs_page_bg_color":"","slide_template_v7":""},"product_brand":[683],"product_cat":[488,489,490,38,76,24,108,493],"product_tag":[40,39,30,33,41,35,29],"class_list":{"0":"post-811","1":"product","2":"type-product","3":"status-publish","4":"has-post-thumbnail","6":"product_brand-aocfiberlink","7":"product_cat-solution-audio-visual","8":"product_cat-solution-education","9":"product_cat-solution-hd-conferences","10":"product_cat-hdmi-2-1","11":"product_cat-hot-sellers","12":"product_cat-optical-hdmi-cables","13":"product_cat-shop","14":"product_cat-solution-smart-home","15":"product_tag-8k-hdmi-fiber-cable","16":"product_tag-active-hdmi-2-1-cable","17":"product_tag-active-hdmi-cable","18":"product_tag-active-optical-hdmi-cable","19":"product_tag-fiber-optic-hdmi-2-1-cable","20":"product_tag-hdmi-2-1-aoc","21":"product_tag-optical-hdmi-cable","23":"first","24":"instock","25":"shipping-taxable","26":"product-type-simple"},"aioseo_notices":[],"_links":{"self":[{"href":"https:\/\/www.aocfiberlink.com\/fr\/wp-json\/wp\/v2\/product\/811","targetHints":{"allow":["GET"]}}],"collection":[{"href":"https:\/\/www.aocfiberlink.com\/fr\/wp-json\/wp\/v2\/product"}],"about":[{"href":"https:\/\/www.aocfiberlink.com\/fr\/wp-json\/wp\/v2\/types\/product"}],"replies":[{"embeddable":true,"href":"https:\/\/www.aocfiberlink.com\/fr\/wp-json\/wp\/v2\/comments?post=811"}],"wp:featuredmedia":[{"embeddable":true,"href":"https:\/\/www.aocfiberlink.com\/fr\/wp-json\/wp\/v2\/media\/329"}],"wp:attachment":[{"href":"https:\/\/www.aocfiberlink.com\/fr\/wp-json\/wp\/v2\/media?parent=811"}],"wp:term":[{"taxonomy":"product_brand","embeddable":true,"href":"https:\/\/www.aocfiberlink.com\/fr\/wp-json\/wp\/v2\/product_brand?post=811"},{"taxonomy":"product_cat","embeddable":true,"href":"https:\/\/www.aocfiberlink.com\/fr\/wp-json\/wp\/v2\/product_cat?post=811"},{"taxonomy":"product_tag","embeddable":true,"href":"https:\/\/www.aocfiberlink.com\/fr\/wp-json\/wp\/v2\/product_tag?post=811"}],"curies":[{"name":"wp","href":"https:\/\/api.w.org\/{rel}","templated":true}]}}