{"id":831,"date":"2024-01-02T07:00:47","date_gmt":"2024-01-01T23:00:47","guid":{"rendered":"https:\/\/www.aocfiberlink.com\/?post_type=product&#038;p=831"},"modified":"2025-10-25T10:47:01","modified_gmt":"2025-10-25T02:47:01","slug":"usb-3-1-gen-2-aoc-cableam-optique-actif-vers-af50m10gbps-2","status":"publish","type":"product","link":"https:\/\/www.aocfiberlink.com\/fr\/product\/usb3-pure-fiber-optical-extension-cable-100m\/","title":{"rendered":"C\u00e2ble d&#039;extension en fibre optique pure USB3.0 - AM vers AM - 5 Gbit\/s - 100 m"},"content":{"rendered":"<p>The\u00a0FPUC-3001\u00a0serires\u00a0<strong>USB3.0 Pure Fiber Optical Extension Cable-type A Male to type A Male <\/strong>are also called USB 3.0 Optical Cable, Fiber Optic USB Cable, Optical USB Cable, Pure Fiber USB Cable,USB 3.0 Optical Extension Cable. They are specifically designed to extend the transmission distance between USB hosts and devices, and each cable consists of two USB 3.0 Standard-A connectors. The transmission distance can be up to 100m (330ft) through OM3 pure fiber optical cable, with maximum transmission of 5Gbps.<\/p>\n<p>Without any other connector or power adapter, FPUC-3001 is powered by vBus of two USB3.0 Standard-A connectors.<\/p>\n<p>Built to support the latest USB 3.0 standard, our USB 3.0 pure fiber USB cables are perfect for a wide range of applications, especially for EMI application such as medical devices,industrial machine vision systems, web cameras.<\/p>\n<p><strong>Caract\u00e9ristiques principales\u00a0:<\/strong><\/p>\n<ul>\n<li class=\"text-th-primary-dark\"><strong>Largeur de bande \u00e9lev\u00e9e :<\/strong> conforme \u00e0 la norme USB 3.0, vitesse maximale de 5 Gbps<\/li>\n<li class=\"text-th-primary-dark\"><strong>R\u00e9trocompatible :<\/strong> Prise en charge de l'USB 2.0\/1.1 en cas d'utilisation de p\u00e9riph\u00e9riques SuperTT int\u00e9gr\u00e9s.<\/li>\n<li class=\"text-th-primary-dark\"><strong>Grande longueur Transmission :<\/strong> D\u00e9livre des signaux sans perte sur une longueur maximale de 100 m\u00e8tres<\/li>\n<li class=\"text-th-primary-dark\"><strong>Aliment\u00e9<\/strong> par USB VBUS<\/li>\n<li class=\"text-th-primary-dark\"><strong>Installation facile :<\/strong> Plug and play pour les deux c\u00f4t\u00e9s, conception unidirectionnelle<\/li>\n<li class=\"text-th-primary-dark\"><strong>Les soutiens<\/strong> dispositifs auto-aliment\u00e9s conformes \u00e0 la norme USB 3.0<\/li>\n<li class=\"text-th-primary-dark\"><strong>Construction durable :<\/strong> Zinc-alloy housing, corrosion-resistant gold-plated connectors<\/li>\n<li class=\"text-th-primary-dark\"><strong>R\u00e9sistance RFI\/EMI :<\/strong> Haute r\u00e9sistance aux interf\u00e9rences \u00e9lectromagn\u00e9tiques, garantissant un environnement s\u00fbr et sans radiations<\/li>\n<li class=\"text-th-primary-dark\"><strong>Personnalisation :<\/strong> Longueur maximale de 100 m, logo et emballage disponibles<\/li>\n<\/ul>\n<p><strong>Applications:<\/strong><\/p>\n<ul>\n<li>Lien de cam\u00e9ra de vision industrielle<\/li>\n<li>Contr\u00f4le industriel<\/li>\n<li>Signalisation num\u00e9rique<\/li>\n<li>Int\u00e9gration des r\u00e9seaux domestiques<\/li>\n<li>Connectivit\u00e9 des dispositifs m\u00e9dicaux<\/li>\n<li>Extension KVM<\/li>\n<li>Connexions USB 3.0 pour le bureau \u00e0 distance<\/li>\n<li>S\u00e9curit\u00e9 : cam\u00e9ra web, contr\u00f4le d'acc\u00e8s<\/li>\n<li>Partage de p\u00e9riph\u00e9riques USB 3.0 : impression, num\u00e9risation, stockage<\/li>\n<\/ul>","protected":false},"excerpt":{"rendered":"<p>-Pure Fiber USB3 Active Optical Cable AM to AM<\/p>\n<p>-USB3 5Gbps super speed<\/p>\n<p>-Profil EMI\/RFI pratiquement nul pour une performance sans faille<\/p>\n<p>-Extension de la distance jusqu'\u00e0 100m<\/p>","protected":false},"featured_media":833,"comment_status":"open","ping_status":"closed","template":"","meta":{"rs_blank_template":"","rs_page_bg_color":"","slide_template_v7":""},"product_brand":[],"product_cat":[488,489,490,491,492,25,108],"product_tag":[56,57,212,213,455,454,456,58,66,69,70,458,457,459],"class_list":{"0":"post-831","1":"product","2":"type-product","3":"status-publish","4":"has-post-thumbnail","6":"product_cat-solution-audio-visual","7":"product_cat-solution-education","8":"product_cat-solution-hd-conferences","9":"product_cat-solution-machine-vision","10":"product_cat-solution-medical","11":"product_cat-optical-usb-cables","12":"product_cat-shop","13":"product_tag-fiber-optic-usb-cable","14":"product_tag-optical-usb-cable","15":"product_tag-pure-fiber-aoc","16":"product_tag-pure-fiber-usb","17":"product_tag-pure-fiber-usb-cable","18":"product_tag-usb-3-0-optical-cable","19":"product_tag-usb-3-0-optical-extension-cable","20":"product_tag-usb-active-optical-cable","21":"product_tag-usb-aoc","22":"product_tag-usb-aoc-cable","23":"product_tag-usb-optical-cable","24":"product_tag-usb3-extension-cable","25":"product_tag-usb3-fiber-optical-cable","26":"product_tag-usb3-optical-extension-cable","28":"first","29":"instock","30":"shipping-taxable","31":"product-type-simple"},"aioseo_notices":[],"_links":{"self":[{"href":"https:\/\/www.aocfiberlink.com\/fr\/wp-json\/wp\/v2\/product\/831","targetHints":{"allow":["GET"]}}],"collection":[{"href":"https:\/\/www.aocfiberlink.com\/fr\/wp-json\/wp\/v2\/product"}],"about":[{"href":"https:\/\/www.aocfiberlink.com\/fr\/wp-json\/wp\/v2\/types\/product"}],"replies":[{"embeddable":true,"href":"https:\/\/www.aocfiberlink.com\/fr\/wp-json\/wp\/v2\/comments?post=831"}],"wp:featuredmedia":[{"embeddable":true,"href":"https:\/\/www.aocfiberlink.com\/fr\/wp-json\/wp\/v2\/media\/833"}],"wp:attachment":[{"href":"https:\/\/www.aocfiberlink.com\/fr\/wp-json\/wp\/v2\/media?parent=831"}],"wp:term":[{"taxonomy":"product_brand","embeddable":true,"href":"https:\/\/www.aocfiberlink.com\/fr\/wp-json\/wp\/v2\/product_brand?post=831"},{"taxonomy":"product_cat","embeddable":true,"href":"https:\/\/www.aocfiberlink.com\/fr\/wp-json\/wp\/v2\/product_cat?post=831"},{"taxonomy":"product_tag","embeddable":true,"href":"https:\/\/www.aocfiberlink.com\/fr\/wp-json\/wp\/v2\/product_tag?post=831"}],"curies":[{"name":"wp","href":"https:\/\/api.w.org\/{rel}","templated":true}]}}