{"id":872,"date":"2024-01-04T04:00:37","date_gmt":"2024-01-03T20:00:37","guid":{"rendered":"https:\/\/www.aocfiberlink.com\/?post_type=product&#038;p=872"},"modified":"2025-10-25T10:54:21","modified_gmt":"2025-10-25T02:54:21","slug":"cableam-optique-actif-usb-3-0-aoc-vers-af5gbps50m-2","status":"publish","type":"product","link":"https:\/\/www.aocfiberlink.com\/fr\/product\/usb3-hybrid-aoc-active-optical-cable-am-to-microb-20m\/","title":{"rendered":"USB3.1 Gen1 Hybrid AOC-Active Optical Cable-AM to Micro-B 20m 5Gbps"},"content":{"rendered":"<p>Le FUBC-31AB-XX <strong>C\u00e2ble optique hybride AOC-Active USB 3.1 Gen 1 (5Gbps), type A m\u00e2le vers Micro-B <\/strong>offrent une solution \u00e0 une limitation importante des c\u00e2bles optiques purs : l'incapacit\u00e9 d'alimenter les appareils finaux.<\/p>\n<p>Utilisant une fibre optique \u00e9l\u00e9gante et tr\u00e8s flexible (4,8 mm) comme support de transmission, le c\u00e2ble optique actif hybride USB 3.1 int\u00e8gre de mani\u00e8re innovante du cuivre pour alimenter \u00e0 la fois les composants actifs du c\u00e2ble et le(s) p\u00e9riph\u00e9rique(s) connect\u00e9(s), en particulier lorsqu'ils sont aliment\u00e9s par le bus.<\/p>\n<p>Prolongeant le bus USB 3.x jusqu'\u00e0 une distance remarquable de 20 m\u00e8tres, ce c\u00e2ble optique actif hybride USB 3.1 garantit une vitesse de bande passante maximale de 5 Gbps. Avec un connecteur Micro-B dot\u00e9 d'un support de verrouillage \u00e0 vis, il est parfaitement adapt\u00e9 aux applications de vision industrielle, industrielles et robotiques.<\/p>\n<p>Remplacement id\u00e9al pour :<\/p>\n<ul>\n<li><a href=\"https:\/\/store.unibrain.com\/product-category\/usb3x-products\/usb-3-0-active-optical-cables\/\">C\u00e2bles Unibrain USB AOC<\/a>;<\/li>\n<li><a href=\"https:\/\/www.l-com.com\/active-optical-cable-10gbps-5m-aoc-u31ammbm-aoc-u31ammbm-bc-005\">C\u00e2bles optiques actifs L-COM USB 3.1<\/a>;<\/li>\n<li><a href=\"https:\/\/www.compufox.com\/AOC-U30-AM-MB-p\/aoc-u30-am-mb.htm\">Compufox USA USB 3.0 AOC<\/a>;<\/li>\n<li><a href=\"https:\/\/www.edmundoptics.com\/p\/usb-30-locking-cable-3m-length\/29172\/?gad_source=1&amp;gclid=EAIaIQobChMI3tjw14yRgwMV6yWtBh3qPQ2DEAMYASAAEgK5avD_BwE\">Edmudoptics C\u00e2ble Camera Link USB 3.0<\/a>;<\/li>\n<li><a href=\"https:\/\/www.intercon-1.com\/products\/usb\/usb-3-0-hybrid-active-optical-cable\/\">Intercon-1 C\u00e2ble optique actif Hyrbid USB 3.1<\/a><\/li>\n<\/ul>\n<p><strong>Caract\u00e9ristiques principales\u00a0:<\/strong><\/p>\n<ul>\n<li class=\"text-th-primary-dark\"><strong>Vitesse de transmission maximale<\/strong>: USB 3.1 @ 5Gbps<\/li>\n<li><strong>Longueur maximale de la transmission<\/strong>USB : 20 m\u00e8tres (65ft), USB 2.0 jusqu'\u00e0 50 m\u00e8tres (115ft)<\/li>\n<li><strong>Source de courant<\/strong>: Prend en charge 5V 900mA max vers l&#039;appareil distant<\/li>\n<li><strong>Installation facile<\/strong>: Branchement \u00e0 chaud, aucun pilote n'est n\u00e9cessaire<\/li>\n<li class=\"text-th-primary-dark\"><strong>R\u00e9sistance EMI<\/strong>: Haute r\u00e9sistance aux interf\u00e9rences \u00e9lectromagn\u00e9tiques, assurant un environnement s\u00fbr et sans rayonnement<\/li>\n<li class=\"text-th-primary-dark\"><strong>Personnalisable<\/strong>: Longueur maximale de 20 m, longueur personnalis\u00e9e (5m\/10m\/15m\/20m), logo et emballage disponibles.<\/li>\n<\/ul>\n<p><strong>Sp\u00e9cifications :<\/strong><\/p>\n<ul>\n<li>C\u00f4t\u00e9 h\u00f4te : Prise USB 3.1 Type-A, dimensions : 34mm x 16mmx 8mm<\/li>\n<li>C\u00f4t\u00e9 appareil : Prise USB 3.1 Micro-B avec vis de verrouillage, dimensions : 36 mm x 22 mm x 8 mm<\/li>\n<li>Diam\u00e8tre du c\u00e2ble : 4,8 mm<\/li>\n<li>Rayon de courbure : 40 mm<\/li>\n<li>Haute flexibilit\u00e9 : &gt;10 millions de cycles pour une course de pliage de 1 m, vitesse de 80 cycles\/min.<\/li>\n<li>R\u00e9sistance \u00e0 la traction (long terme\/court terme) : 150N\/300N<\/li>\n<li>R\u00e9sistance \u00e0 l'\u00e9crasement (long terme\/court terme)\/100mm : 500N\/1000N<\/li>\n<li>Tension d'alimentation : 4,75 - 5,25 V<\/li>\n<li>Dissipation de puissance : 0.95 W<\/li>\n<li>Courant d'alimentation de l'appareil : Max 5V - 900mA (jusqu'\u00e0 20m), 600mA (21m-50m)<\/li>\n<li>Conditions de fonctionnement : -10\u2019C -55\u2032C, 15%-80% humidit\u00e9<\/li>\n<li>Gradient de temp\u00e9rature maximal : 6\u2032 C par heure<\/li>\n<li>Conformit\u00e9 : FCC\/CE\/RoHS<\/li>\n<\/ul>\n<p><strong>Applications:<\/strong><\/p>\n<ul>\n<li>Lien de cam\u00e9ra de vision industrielle<\/li>\n<li>\u00c9quipement d&#039;imagerie m\u00e9dicale<\/li>\n<li>Vision industrielle<\/li>\n<\/ul>","protected":false},"excerpt":{"rendered":"<ul>\n<li>C\u00e2ble fibre optique USB 3.1 Type-A m\u00e2le vers Micro-B Link<\/li>\n<li>USB 3.1 jusqu'\u00e0 5Gbps@20m(65ft)<\/li>\n<li>Profil EMI\/RFI pratiquement nul pour des performances sans faille<\/li>\n<li>Conception hybride ne n\u00e9cessitant pas d'alimentation externe<\/li>\n<li>Test de la cha\u00eene de tra\u00een\u00e9e 20 millions de fois<\/li>\n<li>Type A avec vis verrouill\u00e9e en option<\/li>\n<\/ul>","protected":false},"featured_media":873,"comment_status":"open","ping_status":"closed","template":"","meta":{"rs_blank_template":"","rs_page_bg_color":"","slide_template_v7":""},"product_brand":[],"product_cat":[76,491,25,108],"product_tag":[56,57,67,243,242,70],"class_list":{"0":"post-872","1":"product","2":"type-product","3":"status-publish","4":"has-post-thumbnail","6":"product_cat-hot-sellers","7":"product_cat-solution-machine-vision","8":"product_cat-optical-usb-cables","9":"product_cat-shop","10":"product_tag-fiber-optic-usb-cable","11":"product_tag-optical-usb-cable","12":"product_tag-usb-3-1-aoc","13":"product_tag-usb-3-1-hybrid-active-optical-cable","14":"product_tag-usb-3-1-hybrid-aoc","15":"product_tag-usb-optical-cable","17":"first","18":"instock","19":"shipping-taxable","20":"product-type-simple"},"aioseo_notices":[],"_links":{"self":[{"href":"https:\/\/www.aocfiberlink.com\/fr\/wp-json\/wp\/v2\/product\/872","targetHints":{"allow":["GET"]}}],"collection":[{"href":"https:\/\/www.aocfiberlink.com\/fr\/wp-json\/wp\/v2\/product"}],"about":[{"href":"https:\/\/www.aocfiberlink.com\/fr\/wp-json\/wp\/v2\/types\/product"}],"replies":[{"embeddable":true,"href":"https:\/\/www.aocfiberlink.com\/fr\/wp-json\/wp\/v2\/comments?post=872"}],"wp:featuredmedia":[{"embeddable":true,"href":"https:\/\/www.aocfiberlink.com\/fr\/wp-json\/wp\/v2\/media\/873"}],"wp:attachment":[{"href":"https:\/\/www.aocfiberlink.com\/fr\/wp-json\/wp\/v2\/media?parent=872"}],"wp:term":[{"taxonomy":"product_brand","embeddable":true,"href":"https:\/\/www.aocfiberlink.com\/fr\/wp-json\/wp\/v2\/product_brand?post=872"},{"taxonomy":"product_cat","embeddable":true,"href":"https:\/\/www.aocfiberlink.com\/fr\/wp-json\/wp\/v2\/product_cat?post=872"},{"taxonomy":"product_tag","embeddable":true,"href":"https:\/\/www.aocfiberlink.com\/fr\/wp-json\/wp\/v2\/product_tag?post=872"}],"curies":[{"name":"wp","href":"https:\/\/api.w.org\/{rel}","templated":true}]}}