{"id":954,"date":"2024-01-02T05:00:34","date_gmt":"2024-01-01T21:00:34","guid":{"rendered":"https:\/\/www.aocfiberlink.com\/?post_type=product&#038;p=954"},"modified":"2025-10-25T10:47:28","modified_gmt":"2025-10-25T02:47:28","slug":"usb-3-1-gen-2-aoc-cableam-optique-actif-vers-af50m10gbps-4","status":"publish","type":"product","link":"https:\/\/www.aocfiberlink.com\/fr\/product\/usb3-pure-fiber-active-optical-extension-cable\/","title":{"rendered":"C\u00e2ble d'extension optique actif en fibre pure USB3.1-AM \u00e0 AF-100m-5Gbps"},"content":{"rendered":"<p>The FPUC-3001 serires <strong>USB 3.1 Fiber Active Optical Extension Cable-type A Male to type A Female, with power supply Y-cable <\/strong>are also called USB 3.0 AOC, Fiber Optic USB Cable, Optical USB Cable, USB Active Optical Cable,USB Active Optical Extension Cable. They are specifically designed to extend the transmission distance between USB hosts and devices, and each cable consists of two USB 3.0 Standard-A connectors. The transmission distance can be up to 100m (330ft) through OM3 pure fiber optical cable, with maximum transmission of 5Gbps.<\/p>\n<p>FPUC-3001 device side is powered by its Y-cable.<\/p>\n<p><strong>Caract\u00e9ristiques principales\u00a0:<\/strong><\/p>\n<ul>\n<li class=\"text-th-primary-dark\"><strong>Largeur de bande \u00e9lev\u00e9e :<\/strong> conforme \u00e0 la norme USB 3.0, vitesse maximale de 5 Gbps<\/li>\n<li class=\"text-th-primary-dark\"><strong>R\u00e9trocompatible :<\/strong> Prise en charge de l'USB 2.0\/1.1 en cas d'utilisation de p\u00e9riph\u00e9riques SuperTT int\u00e9gr\u00e9s.<\/li>\n<li class=\"text-th-primary-dark\"><strong>Grande longueur Transmission :<\/strong> D\u00e9livre des signaux sans perte sur une longueur maximale de 100 m\u00e8tres<\/li>\n<li class=\"text-th-primary-dark\"><strong>Aliment\u00e9<\/strong> by Y-cable (USB 2.0 type-A Male)<\/li>\n<li class=\"text-th-primary-dark\"><strong>Installation facile :<\/strong> Plug and play pour les deux c\u00f4t\u00e9s, conception unidirectionnelle<\/li>\n<li class=\"text-th-primary-dark\"><strong>Les soutiens<\/strong> dispositifs auto-aliment\u00e9s conformes \u00e0 la norme USB 3.0<\/li>\n<li class=\"text-th-primary-dark\"><strong>Construction durable :<\/strong> Zinc-alloy housing, corrosion-resistant gold-plated connectors<\/li>\n<li class=\"text-th-primary-dark\"><strong>R\u00e9sistance RFI\/EMI :<\/strong> Haute r\u00e9sistance aux interf\u00e9rences \u00e9lectromagn\u00e9tiques, garantissant un environnement s\u00fbr et sans radiations<\/li>\n<li class=\"text-th-primary-dark\"><strong>Personnalisation :<\/strong> Longueur maximale de 100 m, logo et emballage disponibles<\/li>\n<\/ul>\n<p><strong>Applications:<\/strong><\/p>\n<ul>\n<li>Lien de cam\u00e9ra de vision industrielle<\/li>\n<li>Contr\u00f4le industriel<\/li>\n<li>Signalisation num\u00e9rique<\/li>\n<li>Int\u00e9gration des r\u00e9seaux domestiques<\/li>\n<li>Connectivit\u00e9 des dispositifs m\u00e9dicaux<\/li>\n<li>Extension KVM<\/li>\n<li>Connexions USB 3.0 pour le bureau \u00e0 distance<\/li>\n<li>S\u00e9curit\u00e9 : cam\u00e9ra web, contr\u00f4le d'acc\u00e8s<\/li>\n<li>Partage de p\u00e9riph\u00e9riques USB 3.0 : impression, num\u00e9risation, stockage<\/li>\n<\/ul>","protected":false},"excerpt":{"rendered":"<p>-Pure Fiber Optic USB 3.0 to Type-A Male to Type-A Male Link Cable<\/p>\n<p>-USB 3.0 jusqu'\u00e0 une vitesse de 5Gbps<\/p>\n<p>-Profil EMI\/RFI pratiquement nul pour une performance sans faille<\/p>\n<p>-Extension de la distance jusqu'\u00e0 100m<\/p>","protected":false},"featured_media":958,"comment_status":"open","ping_status":"closed","template":"","meta":{"rs_blank_template":"","rs_page_bg_color":"","slide_template_v7":""},"product_brand":[],"product_cat":[76,491,25,108],"product_tag":[56,57,213,455,71,266,58,66,69,265,461,462,70,460,458,457,459],"class_list":{"0":"post-954","1":"product","2":"type-product","3":"status-publish","4":"has-post-thumbnail","6":"product_cat-hot-sellers","7":"product_cat-solution-machine-vision","8":"product_cat-optical-usb-cables","9":"product_cat-shop","10":"product_tag-fiber-optic-usb-cable","11":"product_tag-optical-usb-cable","12":"product_tag-pure-fiber-usb","13":"product_tag-pure-fiber-usb-cable","14":"product_tag-usb-3-0-aoc","15":"product_tag-usb-3-1-fiber-active-optical-extension-cable","16":"product_tag-usb-active-optical-cable","17":"product_tag-usb-aoc","18":"product_tag-usb-aoc-cable","19":"product_tag-usb-fiber-optic","20":"product_tag-usb-fiber-optical-cable","21":"product_tag-usb-fiber-optical-extension","22":"product_tag-usb-optical-cable","23":"product_tag-usb-optical-extension-cable","24":"product_tag-usb3-extension-cable","25":"product_tag-usb3-fiber-optical-cable","26":"product_tag-usb3-optical-extension-cable","28":"first","29":"instock","30":"shipping-taxable","31":"product-type-simple"},"aioseo_notices":[],"_links":{"self":[{"href":"https:\/\/www.aocfiberlink.com\/fr\/wp-json\/wp\/v2\/product\/954","targetHints":{"allow":["GET"]}}],"collection":[{"href":"https:\/\/www.aocfiberlink.com\/fr\/wp-json\/wp\/v2\/product"}],"about":[{"href":"https:\/\/www.aocfiberlink.com\/fr\/wp-json\/wp\/v2\/types\/product"}],"replies":[{"embeddable":true,"href":"https:\/\/www.aocfiberlink.com\/fr\/wp-json\/wp\/v2\/comments?post=954"}],"wp:featuredmedia":[{"embeddable":true,"href":"https:\/\/www.aocfiberlink.com\/fr\/wp-json\/wp\/v2\/media\/958"}],"wp:attachment":[{"href":"https:\/\/www.aocfiberlink.com\/fr\/wp-json\/wp\/v2\/media?parent=954"}],"wp:term":[{"taxonomy":"product_brand","embeddable":true,"href":"https:\/\/www.aocfiberlink.com\/fr\/wp-json\/wp\/v2\/product_brand?post=954"},{"taxonomy":"product_cat","embeddable":true,"href":"https:\/\/www.aocfiberlink.com\/fr\/wp-json\/wp\/v2\/product_cat?post=954"},{"taxonomy":"product_tag","embeddable":true,"href":"https:\/\/www.aocfiberlink.com\/fr\/wp-json\/wp\/v2\/product_tag?post=954"}],"curies":[{"name":"wp","href":"https:\/\/api.w.org\/{rel}","templated":true}]}}