{"id":968,"date":"2024-01-04T01:00:22","date_gmt":"2024-01-03T17:00:22","guid":{"rendered":"https:\/\/www.aocfiberlink.com\/?post_type=product&#038;p=968"},"modified":"2025-10-25T10:52:39","modified_gmt":"2025-10-25T02:52:39","slug":"cableam-optique-actif-usb-3-0-aoc-vers-af5gbps50m-4","status":"publish","type":"product","link":"https:\/\/www.aocfiberlink.com\/fr\/product\/usb3-hybrid-aoc-active-optical-cable-am-to-angled-micro-b-20m\/","title":{"rendered":"C\u00e2ble optique actif hybride USB3.1 AOC AM vers Micro-B coud\u00e9 20 m"},"content":{"rendered":"<p>The FUBC-31A0B3-XX <strong>USB 3.1 Gen 1(5Gbps) Hybrid AOC-Active Optical Cable, type A Male to angled Micro-B <\/strong>offers an Up\/Down 90\u00b0 angled for Micro-B connection,especially friendly to the space limitation.<\/p>\n<p>Employing a sleek, high-flex (4.8 mm) optical fiber as its transmission medium, the USB 3.1 Hybrid Active Optical Cable innovatively integrates copper for supplying power to both the cable&#8217;s active components and the connected device(s), particularly when they&#8217;re bus-powered.<\/p>\n<p>Extending the USB 3.1 bus to a remarkable 20 meters or 65 ft, this USB 3.1 Hybrid Active Optical Cable ensures a maximum bandwidth speed of 5 Gbps. With a Micro-B connector boasting screw lock support, it&#8217;s perfectly suited for machine vision, industrial, and robotic applications.<\/p>\n<p>Ideal replacement for:<\/p>\n<ul>\n<li><a href=\"https:\/\/store.unibrain.com\/product-category\/usb3x-products\/usb-3-0-active-optical-cables\/\">Unibrain USB AOC Cables<\/a>;<\/li>\n<li><a href=\"https:\/\/www.l-com.com\/active-optical-cable-10gbps-5m-aoc-u31ammbm-aoc-u31ammbm-bc-005\">L-COM USB 3.1 Active Optical Cables<\/a>;<\/li>\n<li><a href=\"https:\/\/www.compufox.com\/AOC-U30-AM-MB-p\/aoc-u30-am-mb.htm\">Compufox USA USB 3.0 AOC<\/a>;<\/li>\n<li><a href=\"https:\/\/www.edmundoptics.com\/p\/usb-30-locking-cable-3m-length\/29172\/?gad_source=1&amp;gclid=EAIaIQobChMI3tjw14yRgwMV6yWtBh3qPQ2DEAMYASAAEgK5avD_BwE\">Edmudoptics USB 3.0 Camera Link Cable<\/a>;<\/li>\n<li><a href=\"https:\/\/www.intercon-1.com\/products\/usb\/usb-3-0-hybrid-active-optical-cable\/\">Intercon-1 USB 3.1 Hyrbid Active Optical Cable<\/a><\/li>\n<\/ul>\n<p><strong>Caract\u00e9ristiques principales\u00a0:<\/strong><\/p>\n<ul>\n<li class=\"text-th-primary-dark\"><strong>Max Transmission Speed<\/strong>: USB 3.1 @ 5Gbps<\/li>\n<li><strong>Maximum Transmission Length<\/strong>: 20 meters (65ft), USB 2.0 up to 50 meters (115ft)<\/li>\n<li><strong>Source de courant<\/strong>: Prend en charge 5V 900mA max vers l&#039;appareil distant<\/li>\n<li><strong>Installation facile<\/strong>: Hot-plugging, no driver required<\/li>\n<li class=\"text-th-primary-dark\"><strong>R\u00e9sistance EMI<\/strong>: Haute r\u00e9sistance aux interf\u00e9rences \u00e9lectromagn\u00e9tiques, assurant un environnement s\u00fbr et sans rayonnement<\/li>\n<li class=\"text-th-primary-dark\"><strong>Personnalisable<\/strong>: Up to 20m maximum length, custom length(5m\/10m\/15m\/20m), logo, and packaging available<\/li>\n<\/ul>\n<p><strong>Specifications:<\/strong><\/p>\n<ul>\n<li>Host side: USB 3.1 Type-A plug, dimensions: 34mm x 16mmx 8mm<\/li>\n<li>Device side: USB 3.1 Micro-B plug with locking screws, dimensions: 36mm x 22mm x8mm<\/li>\n<li>Cable diameter: 4.8 mm<\/li>\n<li>Bend radius: 40 mm<\/li>\n<li>High flex rated for for &gt;10 million cycles for bending stroke of 1m, velocity 80 cycles\/min<\/li>\n<li>Tensile Strength(Long Term\/Short Term): 150N\/300N<\/li>\n<li>Crush Resistance (Long Term\/Short Term)\/100mm: 500N\/1000N<\/li>\n<li>Supply voltage: 4.75 \u2013 5.25 V<\/li>\n<li>Power dissipation: 0.95 W<\/li>\n<li>Device supply current: Max 5V \u2013 900mA (up to 20m), 600mA (21m-50m)<\/li>\n<li>Operating conditions: -10\u2019C -55\u2032C, 15%-80% humidity<\/li>\n<li>Max temperature gradient: 6\u2032 C per hour<\/li>\n<li>Compliance: FCC\/CE\/RoHS<\/li>\n<\/ul>\n<p><strong>Applications:<\/strong><\/p>\n<ul>\n<li>Lien de cam\u00e9ra de vision industrielle<\/li>\n<li>\u00c9quipement d&#039;imagerie m\u00e9dicale<\/li>\n<li>Vision industrielle<\/li>\n<\/ul>","protected":false},"excerpt":{"rendered":"<ul>\n<li>Fiber Optic USB 3.1 Type-A Male to Micro-B Link Cable<\/li>\n<li>USB 3.1 up to 5Gbps@20m(65ft)<\/li>\n<li>Profil EMI\/RFI pratiquement nul pour des performances sans faille<\/li>\n<li>Hybrid design requires no external power<\/li>\n<li>Drag chain test 20 million times<\/li>\n<li>Type A with locked screw optional<\/li>\n<li>Micro-B Up\/Down 90\u00b0 angle<\/li>\n<\/ul>","protected":false},"featured_media":970,"comment_status":"open","ping_status":"closed","template":"","meta":{"rs_blank_template":"","rs_page_bg_color":"","slide_template_v7":""},"product_brand":[],"product_cat":[491,25,108],"product_tag":[56,57,67,243,242,278,277,70],"class_list":{"0":"post-968","1":"product","2":"type-product","3":"status-publish","4":"has-post-thumbnail","6":"product_cat-solution-machine-vision","7":"product_cat-optical-usb-cables","8":"product_cat-shop","9":"product_tag-fiber-optic-usb-cable","10":"product_tag-optical-usb-cable","11":"product_tag-usb-3-1-aoc","12":"product_tag-usb-3-1-hybrid-active-optical-cable","13":"product_tag-usb-3-1-hybrid-aoc","14":"product_tag-usb-hybrid-active-optical-cable","15":"product_tag-usb-hybrid-aoc","16":"product_tag-usb-optical-cable","18":"first","19":"instock","20":"shipping-taxable","21":"product-type-simple"},"aioseo_notices":[],"_links":{"self":[{"href":"https:\/\/www.aocfiberlink.com\/fr\/wp-json\/wp\/v2\/product\/968","targetHints":{"allow":["GET"]}}],"collection":[{"href":"https:\/\/www.aocfiberlink.com\/fr\/wp-json\/wp\/v2\/product"}],"about":[{"href":"https:\/\/www.aocfiberlink.com\/fr\/wp-json\/wp\/v2\/types\/product"}],"replies":[{"embeddable":true,"href":"https:\/\/www.aocfiberlink.com\/fr\/wp-json\/wp\/v2\/comments?post=968"}],"wp:featuredmedia":[{"embeddable":true,"href":"https:\/\/www.aocfiberlink.com\/fr\/wp-json\/wp\/v2\/media\/970"}],"wp:attachment":[{"href":"https:\/\/www.aocfiberlink.com\/fr\/wp-json\/wp\/v2\/media?parent=968"}],"wp:term":[{"taxonomy":"product_brand","embeddable":true,"href":"https:\/\/www.aocfiberlink.com\/fr\/wp-json\/wp\/v2\/product_brand?post=968"},{"taxonomy":"product_cat","embeddable":true,"href":"https:\/\/www.aocfiberlink.com\/fr\/wp-json\/wp\/v2\/product_cat?post=968"},{"taxonomy":"product_tag","embeddable":true,"href":"https:\/\/www.aocfiberlink.com\/fr\/wp-json\/wp\/v2\/product_tag?post=968"}],"curies":[{"name":"wp","href":"https:\/\/api.w.org\/{rel}","templated":true}]}}