{"id":326,"date":"2023-01-01T09:35:20","date_gmt":"2023-01-01T01:35:20","guid":{"rendered":"https:\/\/www.aocfiberlink.com\/?post_type=product&#038;p=326"},"modified":"2025-10-25T10:12:57","modified_gmt":"2025-10-25T02:12:57","slug":"4k-hdmi-fibra-ottica-cavo-attivo","status":"publish","type":"product","link":"https:\/\/www.aocfiberlink.com\/it\/product\/4k-active-optical-hdmi-cable-factory\/","title":{"rendered":"18Gbps 4K@60Hz attivo Optial HDMI cavo fornitura di fabbrica"},"content":{"rendered":"<p>I cavi HDMI ottici attivi superano di gran lunga i limiti dei tradizionali cavi in rame sfruttando la potenza della luce. Questi cavi innovativi trasmettono i segnali attraverso impulsi di luce, ottenendo prestazioni superiori su tutta la linea.<\/p>\n<p>Il nostro FHDC-2001 <strong>18Gbps\u00a0<\/strong><strong>Cavi HDMI ottici attivi 4K<\/strong>\u00a0sono pi\u00f9 sottili, pi\u00f9 leggeri e pi\u00f9 flessibili delle loro controparti in rame, pur offrendo una larghezza di banda significativamente maggiore e distanze di trasmissione pi\u00f9 lunghe. La loro immunit\u00e0 alle interferenze elettromagnetiche garantisce una qualit\u00e0 del segnale incontaminata, rendendoli ideali per diverse applicazioni, dagli home theater agli ambienti professionali.<\/p>\n<p><a href=\"https:\/\/www.aocfiberlink.com\/it\/\">AOCFiberlink<\/a> \u00e8 all'avanguardia nella tecnologia della connettivit\u00e0 in fibra ottica. Il nostro impegno nella ricerca e nello sviluppo, unito a un rigoroso controllo della qualit\u00e0, ci ha permesso di ottimizzare i processi produttivi e di fornire prodotti eccezionali. Questo impegno ha consolidato la nostra posizione di leader globale nel settore della fibra ottica.<\/p>\n<p><strong>Caratteristiche in evidenza:<\/strong><\/p>\n<ul>\n<li class=\"text-th-primary-dark\"><strong>Risoluzione di alta qualit\u00e0<\/strong>: Supporta segnali video 4K@60Hz 4:4:4 fino a 300 metri per un'esperienza visiva di alta qualit\u00e0.<\/li>\n<li class=\"text-th-primary-dark\"><strong>Elevata larghezza di banda<\/strong>: Capacit\u00e0 di 18 Gbps, che garantisce una trasmissione veloce e affidabile di contenuti multimediali<\/li>\n<li class=\"text-th-primary-dark\"><strong>Trasmissione senza perdite<\/strong>: Fornisce immagini 4K a 60Hz, VR e segnali di visualizzazione 3D su lunghe distanze<\/li>\n<li class=\"text-th-primary-dark\"><strong>Frequenza di aggiornamento veloce<\/strong>: 6Hz a risoluzione 4K per immagini nitide e nitide; tassi pi\u00f9 elevati a risoluzioni inferiori<\/li>\n<li class=\"text-th-primary-dark\"><strong>HDR dinamico<\/strong>: Ottimizza il contrasto, la profondit\u00e0, la luminosit\u00e0 e la gamma di colori fotogramma per fotogramma<\/li>\n<li class=\"text-th-primary-dark\"><strong>eARC migliorato<\/strong>: Semplifica la connettivit\u00e0 e l&#039;ottimizzazione audio per pi\u00f9 componenti<\/li>\n<li class=\"text-th-primary-dark\"><strong>Audio di alta qualit\u00e0<\/strong>: Supporta formati fino a 192 kHz, 24 bit, 5.1 e 7.1 non compressi, Dolby lossless e audio a 32 canali<\/li>\n<li class=\"text-th-primary-dark\"><strong>VRR per il gioco<\/strong>: Gameplay fluido con lag, vibrazioni e frame tearing minimi<\/li>\n<li class=\"text-th-primary-dark\"><strong>Funzionalit\u00e0 avanzate<\/strong>: Supporta EDID, funzione di rilevamento automatico, ALLM, QMS e QFT<\/li>\n<li class=\"text-th-primary-dark\"><strong>Costruzione durevole<\/strong>: Alloggiamento in lega di zinco, connettori placcati in oro resistenti alla corrosione<\/li>\n<li class=\"text-th-primary-dark\"><strong>Resistenza EMI<\/strong>: Elevata resistenza alle interferenze elettromagnetiche, garantendo un ambiente sicuro e privo di radiazioni<\/li>\n<li class=\"text-th-primary-dark\"><strong>Personalizzabile<\/strong>: Fino a 300 m di lunghezza massima (30 m max per eARC), lunghezza, logo e confezione personalizzati disponibili<\/li>\n<\/ul>\n<p><strong>Applicazioni:<\/strong><\/p>\n<ul>\n<li>Firma digitale<\/li>\n<li>Insegne e monitor a LED per stadi, ospedali, centri commerciali di spedizione<\/li>\n<li>Apparecchiature mediche per l&#039;imaging<\/li>\n<li>Sistema informativo video per l&#039;imbarco in aeroporto<\/li>\n<li>Home Theater, Blu-ray, video 3D, proiettore, set-top box, DVR, controllo della console di gioco e connessione del monitor<\/li>\n<li>Emittente radiofonica e televisiva<\/li>\n<li>Attrezzature per videoconferenza<\/li>\n<li>Sistema di monitoraggio della sicurezza<\/li>\n<\/ul>","protected":false},"excerpt":{"rendered":"<p>-Estensione di segnali video completi 4096 x 2160 \/ 3840 x 2160 (4K) a 60Hz 4:4:4 fino a 300 m (1000 piedi)<\/p>\n<p>-Supporta pienamente le specifiche HDMI 2.0, tra cui eARC, rapporto d'aspetto 21:9 e altro ancora.<\/p>\n<p>-Compatibile con i formatiPCM, DTS-HD Master e Dolby Digital True HD Surround Sound<\/p>\n<p>-Profilo EMI\/RFI praticamente nullo per prestazioni impeccabili<\/p>\n<p>-Il design ibrido fibra\/rame non richiede alimentazione esterna.<\/p>\n<p>-Supporta HDCP 2.2 \/ EDID \/ DDC \/ CEC<\/p>","protected":false},"featured_media":1063,"comment_status":"open","ping_status":"closed","template":"","meta":{"rs_blank_template":"","rs_page_bg_color":"","slide_template_v7":""},"product_brand":[],"product_cat":[488,489,490,37,492,24,108,493],"product_tag":[45,42,44,43,30,33,46,47,29],"class_list":{"0":"post-326","1":"product","2":"type-product","3":"status-publish","4":"has-post-thumbnail","6":"product_cat-solution-audio-visual","7":"product_cat-solution-education","8":"product_cat-solution-hd-conferences","9":"product_cat-hdmi-2-0","10":"product_cat-solution-medical","11":"product_cat-optical-hdmi-cables","12":"product_cat-shop","13":"product_cat-solution-smart-home","14":"product_tag-4k-active-optical-cable","15":"product_tag-4k-fiber-optical-cable","16":"product_tag-4k-hdmi-fiber-cable","17":"product_tag-active-hdmi-2-0-cable","18":"product_tag-active-hdmi-cable","19":"product_tag-active-optical-hdmi-cable","20":"product_tag-hdmi-2-0-active-optical-cable","21":"product_tag-hdmi-2-0-optical-cable","22":"product_tag-optical-hdmi-cable","24":"first","25":"instock","26":"shipping-taxable","27":"product-type-simple"},"aioseo_notices":[],"_links":{"self":[{"href":"https:\/\/www.aocfiberlink.com\/it\/wp-json\/wp\/v2\/product\/326","targetHints":{"allow":["GET"]}}],"collection":[{"href":"https:\/\/www.aocfiberlink.com\/it\/wp-json\/wp\/v2\/product"}],"about":[{"href":"https:\/\/www.aocfiberlink.com\/it\/wp-json\/wp\/v2\/types\/product"}],"replies":[{"embeddable":true,"href":"https:\/\/www.aocfiberlink.com\/it\/wp-json\/wp\/v2\/comments?post=326"}],"wp:featuredmedia":[{"embeddable":true,"href":"https:\/\/www.aocfiberlink.com\/it\/wp-json\/wp\/v2\/media\/1063"}],"wp:attachment":[{"href":"https:\/\/www.aocfiberlink.com\/it\/wp-json\/wp\/v2\/media?parent=326"}],"wp:term":[{"taxonomy":"product_brand","embeddable":true,"href":"https:\/\/www.aocfiberlink.com\/it\/wp-json\/wp\/v2\/product_brand?post=326"},{"taxonomy":"product_cat","embeddable":true,"href":"https:\/\/www.aocfiberlink.com\/it\/wp-json\/wp\/v2\/product_cat?post=326"},{"taxonomy":"product_tag","embeddable":true,"href":"https:\/\/www.aocfiberlink.com\/it\/wp-json\/wp\/v2\/product_tag?post=326"}],"curies":[{"name":"wp","href":"https:\/\/api.w.org\/{rel}","templated":true}]}}