{"id":328,"date":"2023-01-01T09:46:34","date_gmt":"2023-01-01T01:46:34","guid":{"rendered":"https:\/\/www.aocfiberlink.com\/?post_type=product&#038;p=328"},"modified":"2025-10-25T10:18:16","modified_gmt":"2025-10-25T02:18:16","slug":"staccabile-hdmi-20-aoc-cavo-ottico-attivo","status":"publish","type":"product","link":"https:\/\/www.aocfiberlink.com\/it\/product\/detachable-4k-hdmi2-active-optical-cable-aoc\/","title":{"rendered":"Cavo ottico attivo 4K HDMI 2.0 staccabile-AOC-DM-DM, 18Gbps"},"content":{"rendered":"<p>La serie FHDC-20DD-XX <strong>Cavi ottici staccabili HDMI 2.0 AOC-Active <\/strong>sono anche chiamati HDMI 2.0 AOC, cavo ottico attivo HDMI 2.0, cavo HDMI in fibra ottica, cavo HDMI ottico, cavo HDMI attivo, cavo attivo HDMI 2.0, cavo HDMI ottico attivo.<\/p>\n<p>Realizzati con cavo in fibra ottica ibrido di alta qualit\u00e0 (3 fibre e 7 rame), i cavi ottici attivi in fibra 4K HDMI 2.0 offrono capacit\u00e0 di trasmissione senza pari. Con una velocit\u00e0 dati massima di 18 Gbps, questi cavi offrono prestazioni ad alta velocit\u00e0, garantendo una qualit\u00e0 visiva incontaminata con risoluzioni fino a 4096 x 2160\/3840 x 2160 (4K) a segnali video a 60 Hz. Sperimenta l&#039;intero spettro di colori con 4:4:4 e goditi funzionalit\u00e0 avanzate come HDR ed eARC, il tutto senza alcuna perdita di segnale, anche su lunghe distanze.<\/p>\n<p>Progettati per la durata e l&#039;affidabilit\u00e0, i cavi HDMI 2.0 in fibra ottica attiva 4K sono dotati di un rivestimento in TPU di livello industriale. Questa guaina offre una protezione eccezionale e consente a questi cavi di funzionare perfettamente in un ampio intervallo di temperature, da -40\u2103 a +80\u2103. Con questa struttura robusta, questi cavi sono ideali per ambienti esigenti come studi medici, noleggio di eventi dal vivo, applicazioni militari, installazioni a bordo di navi, allestimenti temporanei o qualsiasi scenario che richieda una connettivit\u00e0 HDMI estesa in condizioni difficili.<\/p>\n<p><strong>Caratteristiche in evidenza:<\/strong><\/p>\n<ul>\n<li class=\"text-th-primary-dark\"><strong>Chiusura sicura<\/strong>: Design staccabile con un meccanismo di blocco affidabile per impedire la disconnessione accidentale<\/li>\n<li class=\"text-th-primary-dark\"><strong>Risoluzione di alta qualit\u00e0<\/strong>: Supporta segnali video 4K@60Hz 4:4:4 fino a 150 metri per un&#039;esperienza visiva di alta qualit\u00e0.<\/li>\n<li class=\"text-th-primary-dark\"><strong>Elevata larghezza di banda<\/strong>: Capacit\u00e0 di 18 Gbps, che garantisce una trasmissione veloce e affidabile di contenuti multimediali<\/li>\n<li class=\"text-th-primary-dark\"><strong>Trasmissione senza perdite<\/strong>: Fornisce immagini 4K a 60Hz, VR e segnali di visualizzazione 3D su lunghe distanze<\/li>\n<li class=\"text-th-primary-dark\"><strong>Frequenza di aggiornamento veloce<\/strong>: 6Hz a risoluzione 4K per immagini nitide e nitide; tassi pi\u00f9 elevati a risoluzioni inferiori<\/li>\n<li class=\"text-th-primary-dark\"><strong>HDR dinamico<\/strong>: Ottimizza il contrasto, la profondit\u00e0, la luminosit\u00e0 e la gamma di colori fotogramma per fotogramma<\/li>\n<li class=\"text-th-primary-dark\"><strong>eARC migliorato<\/strong>: Semplifica la connettivit\u00e0 e l&#039;ottimizzazione audio per pi\u00f9 componenti<\/li>\n<li class=\"text-th-primary-dark\"><strong>Audio di alta qualit\u00e0<\/strong>: Supporta formati fino a 192 kHz, 24 bit, 5.1 e 7.1 non compressi, Dolby lossless e audio a 32 canali<\/li>\n<li class=\"text-th-primary-dark\"><strong>VRR per il gioco<\/strong>: Gameplay fluido con lag, vibrazioni e frame tearing minimi<\/li>\n<li class=\"text-th-primary-dark\"><strong>Funzionalit\u00e0 avanzate<\/strong>: Supporta EDID, funzione di rilevamento automatico, ALLM, QMS e QFT<\/li>\n<li class=\"text-th-primary-dark\"><strong>Costruzione durevole<\/strong>: Alloggiamento in lega di zinco, connettori placcati in oro resistenti alla corrosione<\/li>\n<li class=\"text-th-primary-dark\"><strong>Resistenza EMI<\/strong>: Elevata resistenza alle interferenze elettromagnetiche, garantendo un ambiente sicuro e privo di radiazioni<\/li>\n<li class=\"text-th-primary-dark\"><strong>Personalizzabile<\/strong>: Fino a 150 m di lunghezza massima (30 m max per eARC), lunghezza personalizzata, logo e confezione disponibili<\/li>\n<\/ul>\n<p><strong>Applicazioni:<\/strong><\/p>\n<ul>\n<li>Firma digitale<\/li>\n<li>Insegne e monitor a LED per stadi, ospedali, centri commerciali di spedizione<\/li>\n<li>Apparecchiature mediche per l&#039;imaging<\/li>\n<li>Sistema informativo video per l&#039;imbarco in aeroporto<\/li>\n<li>Home Theater, Blu-ray, video 3D, proiettore, set-top box, DVR, controllo della console di gioco e connessione del monitor<\/li>\n<li>Emittente radiofonica e televisiva<\/li>\n<li>Attrezzature per videoconferenza<\/li>\n<li>Sistema di monitoraggio della sicurezza<\/li>\n<\/ul>","protected":false},"excerpt":{"rendered":"<p>-Estremit\u00e0 staccabili per una maggiore facilit\u00e0 di impiego<br \/>\n-HDMI2.0, 4K\/60Hz, larghezza di banda di 18Gbps;<br \/>\n-Indicazione a LED, chiusura sicura;<br \/>\n-Trasmissione senza interferenze elettromagnetiche;<br \/>\n-Raggio di curvatura minimo 48 mm o ~ 1,8 pollici<br \/>\n-Forza di trazione massima 15 kg o ~ 33 libbre<br \/>\n-Diametro minimo della guaina 16 mm o ~ 0,63 pollici<\/p>","protected":false},"featured_media":329,"comment_status":"open","ping_status":"closed","template":"","meta":{"rs_blank_template":"","rs_page_bg_color":"","slide_template_v7":""},"product_brand":[],"product_cat":[488,490,37,24,493],"product_tag":[51,44,53,50,49,52,48,29],"class_list":{"0":"post-328","1":"product","2":"type-product","3":"status-publish","4":"has-post-thumbnail","6":"product_cat-solution-audio-visual","7":"product_cat-solution-hd-conferences","8":"product_cat-hdmi-2-0","9":"product_cat-optical-hdmi-cables","10":"product_cat-solution-smart-home","11":"product_tag-4k-hdmi-aoc-cable","12":"product_tag-4k-hdmi-fiber-cable","13":"product_tag-active-fiber-optic-aoc","14":"product_tag-active-optical-hdmi-2-0-cable","15":"product_tag-detachable-hdmi-2-0-aoc-cable","16":"product_tag-detachable-hdmi-aoc-cable","17":"product_tag-hdmi-2-0-aoc-cable","18":"product_tag-optical-hdmi-cable","20":"first","21":"instock","22":"shipping-taxable","23":"product-type-simple"},"aioseo_notices":[],"_links":{"self":[{"href":"https:\/\/www.aocfiberlink.com\/it\/wp-json\/wp\/v2\/product\/328","targetHints":{"allow":["GET"]}}],"collection":[{"href":"https:\/\/www.aocfiberlink.com\/it\/wp-json\/wp\/v2\/product"}],"about":[{"href":"https:\/\/www.aocfiberlink.com\/it\/wp-json\/wp\/v2\/types\/product"}],"replies":[{"embeddable":true,"href":"https:\/\/www.aocfiberlink.com\/it\/wp-json\/wp\/v2\/comments?post=328"}],"wp:featuredmedia":[{"embeddable":true,"href":"https:\/\/www.aocfiberlink.com\/it\/wp-json\/wp\/v2\/media\/329"}],"wp:attachment":[{"href":"https:\/\/www.aocfiberlink.com\/it\/wp-json\/wp\/v2\/media?parent=328"}],"wp:term":[{"taxonomy":"product_brand","embeddable":true,"href":"https:\/\/www.aocfiberlink.com\/it\/wp-json\/wp\/v2\/product_brand?post=328"},{"taxonomy":"product_cat","embeddable":true,"href":"https:\/\/www.aocfiberlink.com\/it\/wp-json\/wp\/v2\/product_cat?post=328"},{"taxonomy":"product_tag","embeddable":true,"href":"https:\/\/www.aocfiberlink.com\/it\/wp-json\/wp\/v2\/product_tag?post=328"}],"curies":[{"name":"wp","href":"https:\/\/api.w.org\/{rel}","templated":true}]}}