{"id":363,"date":"2024-01-02T09:00:13","date_gmt":"2024-01-02T01:00:13","guid":{"rendered":"https:\/\/www.aocfiberlink.com\/?post_type=product&#038;p=363"},"modified":"2025-10-25T10:43:02","modified_gmt":"2025-10-25T02:43:02","slug":"cavo-ottico-attivo-usb-c-3-2-aoc-20gbps","status":"publish","type":"product","link":"https:\/\/www.aocfiberlink.com\/it\/product\/usb-type-c-aoc-active-optical-cable\/","title":{"rendered":"Cavo ottico AOC-attivo USB 3.2 GEN2 Type-C da 10 Gbps"},"content":{"rendered":"<p>Il FUCC-3201 <strong>Cavi ottici attivi USB 3.2 Gen 2 Tipo C AOC-10Gbps <\/strong>sono anche chiamati USB-C AOC, USB 3.2 AOC, cavo USB in fibra ottica, cavo USB ottico, cavo ottico attivo USB, AOC USB ibrido, cavo ottico attivo USB 3.2. Sono specificamente progettati per soddisfare la crescente domanda di connessioni a larghezza di banda elevata, fino a 10 Gbps. Questi cavi forniscono collegamenti plug-and-play che superano i limiti dei tradizionali cavi in rame, consentendo distanze estese per la trasmissione dei dati.<\/p>\n<p>Realizzati per supportare i pi\u00f9 recenti standard USB 3.2 Gen 2, i nostri AOC USB 3.2 GEN 2 sono perfetti per un&#039;ampia gamma di applicazioni. Che si tratti di esperienze AR\/VR coinvolgenti, telecamere per sale conferenze, sistemi di visione artificiale o dispositivi di archiviazione, questi cavi offrono una connettivit\u00e0 affidabile e ad alte prestazioni.<\/p>\n<p>I cavi ottici attivi USB 3.2 GEN 2 da tipo C a tipo C sono progettati per dispositivi periferici contemporanei che utilizzano il connettore USB tipo C. Con questi cavi, gli utenti possono aspettarsi prestazioni superiori e un&#039;esperienza plug-and-play senza soluzione di continuit\u00e0. D\u00ec addio al fastidio di configurazioni complicate e goditi la connettivit\u00e0 senza sforzo con i nostri AOC USB 3.2 GEN 2 CC.<\/p>\n<p><strong>Caratteristiche in evidenza:<\/strong><\/p>\n<ul>\n<li class=\"text-th-primary-dark\"><strong>Elevata larghezza di banda<\/strong>: conforme agli ultimi standard USB 3.2 Gen 2, super velocit\u00e0 fino a 10 Gbps<\/li>\n<li class=\"text-th-primary-dark\"><strong>Retrocompatibile<\/strong>: Supporta USB 3.0 @ 5Gbps, USB 2.0<\/li>\n<li><strong>Trasmissione di lunga durata<\/strong>: Fornisce segnali senza perdite oltre la lunghezza massima di 8 metri<\/li>\n<li><strong>Erogazione di potenza<\/strong>: Supporto 9-20V@3A (60W) al dispositivo remoto<\/li>\n<li><strong>Installazione facile<\/strong>: Plug and play per entrambi i lati, design unidirezionale<\/li>\n<li class=\"text-th-primary-dark\"><strong>Costruzione durevole<\/strong>: Alloggiamento in lega di zinco, connettori placcati in oro resistenti alla corrosione<\/li>\n<li class=\"text-th-primary-dark\"><strong>Resistenza EMI<\/strong>: Elevata resistenza alle interferenze elettromagnetiche, garantendo un ambiente sicuro e privo di radiazioni<\/li>\n<li class=\"text-th-primary-dark\"><strong>Personalizzabile<\/strong>: Lunghezza massima fino a 8 m, lunghezza personalizzata, logo e confezione disponibili<\/li>\n<\/ul>\n<p><strong>Applicazioni:<\/strong><\/p>\n<ul>\n<li>Sistema video di bordo dell&#039;aereo<\/li>\n<li>Sala conferenze<\/li>\n<li>Segnaletica digitale<\/li>\n<li>PC da gioco<\/li>\n<li>Home Theatre<\/li>\n<li>Insegne a LED<\/li>\n<li>Terminale mobile<\/li>\n<li>Apparecchiature mediche per l&#039;imaging<\/li>\n<li>Emittente radiofonica e televisiva<\/li>\n<li>Sistema di monitoraggio della sicurezza<\/li>\n<li>Cuffie per realt\u00e0 virtuale<\/li>\n<li>Attrezzature per videoconferenza<\/li>\n<li>Telecamere web<\/li>\n<\/ul>\n<p><img loading=\"lazy\" decoding=\"async\" class=\"alignnone wp-image-1746 size-full\" src=\"https:\/\/www.aocfiberlink.com\/wp-content\/uploads\/2024\/10\/Connect-USB-C-Devices-over-a-long-distance.jpg\" alt=\"Collegare i dispositivi USB-C a lunga distanza\" width=\"1000\" height=\"1000\" srcset=\"https:\/\/www.aocfiberlink.com\/wp-content\/uploads\/2024\/10\/Connect-USB-C-Devices-over-a-long-distance.jpg 1000w, https:\/\/www.aocfiberlink.com\/wp-content\/uploads\/2024\/10\/Connect-USB-C-Devices-over-a-long-distance-300x300.jpg 300w, https:\/\/www.aocfiberlink.com\/wp-content\/uploads\/2024\/10\/Connect-USB-C-Devices-over-a-long-distance-150x150.jpg 150w, https:\/\/www.aocfiberlink.com\/wp-content\/uploads\/2024\/10\/Connect-USB-C-Devices-over-a-long-distance-768x768.jpg 768w, https:\/\/www.aocfiberlink.com\/wp-content\/uploads\/2024\/10\/Connect-USB-C-Devices-over-a-long-distance-12x12.jpg 12w, https:\/\/www.aocfiberlink.com\/wp-content\/uploads\/2024\/10\/Connect-USB-C-Devices-over-a-long-distance-75x75.jpg 75w, https:\/\/www.aocfiberlink.com\/wp-content\/uploads\/2024\/10\/Connect-USB-C-Devices-over-a-long-distance-480x480.jpg 480w, https:\/\/www.aocfiberlink.com\/wp-content\/uploads\/2024\/10\/Connect-USB-C-Devices-over-a-long-distance-500x500.jpg 500w, https:\/\/www.aocfiberlink.com\/wp-content\/uploads\/2024\/10\/Connect-USB-C-Devices-over-a-long-distance-600x600.jpg 600w\" sizes=\"auto, (max-width:767px) 480px, (max-width:1000px) 100vw, 1000px\" \/><\/p>\n<p><b>Tipo di connettore USB Riferimenti:<\/b><\/p>\n<table class=\"table table-bordered\">\n<tbody>\n<tr>\n<td align=\"center\">USB 2.0 tipo A<br \/>\nUSB 3.0 tipo A<br \/>\nUSB 3.1 Tipo A<img decoding=\"async\" src=\"https:\/\/www.activeopticalcable.com\/image\/catalog\/products\/USBConnector\/USB-A.jpg\" \/><\/td>\n<td align=\"center\">USB 2.0 Tipo C<br \/>\nUSB 3.0 Tipo C<br \/>\nUSB 3.1 Tipo C<img decoding=\"async\" src=\"https:\/\/www.activeopticalcable.com\/image\/catalog\/products\/USBConnector\/USB-C.jpg\" \/><\/td>\n<\/tr>\n<tr>\n<td align=\"center\">USB 2.0 tipo B<\/p>\n<p><img decoding=\"async\" src=\"https:\/\/www.activeopticalcable.com\/image\/catalog\/products\/USBConnector\/USB2.0-B.jpg\" \/><\/td>\n<td align=\"center\">USB 3.0 tipo B<\/p>\n<p><img decoding=\"async\" src=\"https:\/\/www.activeopticalcable.com\/image\/catalog\/products\/USBConnector\/USB3.0-B.jpg\" \/><\/td>\n<\/tr>\n<tr>\n<td align=\"center\">USB 2.0 Micro B<\/p>\n<p><img decoding=\"async\" src=\"https:\/\/www.activeopticalcable.com\/image\/catalog\/products\/USBConnector\/USB2.0-Micro-B.jpg\" \/><\/td>\n<td align=\"center\">USB 3.0 Micro B<\/p>\n<p><img decoding=\"async\" src=\"https:\/\/www.activeopticalcable.com\/image\/catalog\/products\/USBConnector\/USB3.0-Micro-B.jpg\" \/><\/td>\n<\/tr>\n<tr>\n<td align=\"center\">USB 2.0 Mini B<br \/>\nUSB 3.0 Mini B<img decoding=\"async\" src=\"https:\/\/www.activeopticalcable.com\/image\/catalog\/products\/USBConnector\/USB-Mini-B.jpg\" \/><\/td>\n<td><\/td>\n<\/tr>\n<\/tbody>\n<\/table>\n<p><b>Garanzia: 2 anni di garanzia<\/b><\/p>","protected":false},"excerpt":{"rendered":"<p>-Cavo di collegamento da USB 3.2 a Tipo C in fibra ottica, compatibile con l'auricolare Quest 2 VR<\/p>\n<p>-Ricarica rapida 9-20V@3A (60W)<\/p>\n<p>-USB 3.2 Gen2 10Gbps<\/p>\n<p>-Profilo EMI\/RFI praticamente nullo per prestazioni impeccabili<\/p>\n<p>-Il design ibrido fibra\/rame non richiede alimentazione esterna.<\/p>\n<p>-Estensione della distanza fino a 8 m<\/p>\n<p>-Il cavo pesa solo 195 g e consente di giocare con il PC-VR.<\/p>","protected":false},"featured_media":366,"comment_status":"open","ping_status":"closed","template":"","meta":{"rs_blank_template":"","rs_page_bg_color":"","slide_template_v7":""},"product_brand":[],"product_cat":[489,490,25,108,493,26],"product_tag":[56,59,57,60,55,293,58,54],"class_list":{"0":"post-363","1":"product","2":"type-product","3":"status-publish","4":"has-post-thumbnail","6":"product_cat-solution-education","7":"product_cat-solution-hd-conferences","8":"product_cat-optical-usb-cables","9":"product_cat-shop","10":"product_cat-solution-smart-home","11":"product_cat-virtual-reality-headset-cable","12":"product_tag-fiber-optic-usb-cable","13":"product_tag-hybrid-usb-aoc","14":"product_tag-optical-usb-cable","15":"product_tag-usb-3-2-active-optical-cable","16":"product_tag-usb-3-2-aoc","17":"product_tag-usb-3-2-gen2-type-c-aoc","18":"product_tag-usb-active-optical-cable","19":"product_tag-usb-c-aoc","21":"first","22":"instock","23":"shipping-taxable","24":"product-type-simple"},"aioseo_notices":[],"_links":{"self":[{"href":"https:\/\/www.aocfiberlink.com\/it\/wp-json\/wp\/v2\/product\/363","targetHints":{"allow":["GET"]}}],"collection":[{"href":"https:\/\/www.aocfiberlink.com\/it\/wp-json\/wp\/v2\/product"}],"about":[{"href":"https:\/\/www.aocfiberlink.com\/it\/wp-json\/wp\/v2\/types\/product"}],"replies":[{"embeddable":true,"href":"https:\/\/www.aocfiberlink.com\/it\/wp-json\/wp\/v2\/comments?post=363"}],"wp:featuredmedia":[{"embeddable":true,"href":"https:\/\/www.aocfiberlink.com\/it\/wp-json\/wp\/v2\/media\/366"}],"wp:attachment":[{"href":"https:\/\/www.aocfiberlink.com\/it\/wp-json\/wp\/v2\/media?parent=363"}],"wp:term":[{"taxonomy":"product_brand","embeddable":true,"href":"https:\/\/www.aocfiberlink.com\/it\/wp-json\/wp\/v2\/product_brand?post=363"},{"taxonomy":"product_cat","embeddable":true,"href":"https:\/\/www.aocfiberlink.com\/it\/wp-json\/wp\/v2\/product_cat?post=363"},{"taxonomy":"product_tag","embeddable":true,"href":"https:\/\/www.aocfiberlink.com\/it\/wp-json\/wp\/v2\/product_tag?post=363"}],"curies":[{"name":"wp","href":"https:\/\/api.w.org\/{rel}","templated":true}]}}