{"id":369,"date":"2024-01-02T08:00:44","date_gmt":"2024-01-02T00:00:44","guid":{"rendered":"https:\/\/www.aocfiberlink.com\/?post_type=product&#038;p=369"},"modified":"2025-10-25T10:47:51","modified_gmt":"2025-10-25T02:47:51","slug":"usb-c-3-1-aoc-type-c-to-c-hybrid-10gbps-usb-3-1-cavo-ottico-attivo","status":"publish","type":"product","link":"https:\/\/www.aocfiberlink.com\/it\/product\/usb3-aoc-active-optical-cable-am-microb-15m\/","title":{"rendered":"Cavo ottico attivo USB3.1 Gen2 AOC-AM a Micro B, 10Gbps, 15 m"},"content":{"rendered":"<p>La serie FUBC-31AB-XX <strong>Cavi ottici attivi USB 3.1 Gen 2 AOC-10Gbps da tipo A a Micro-B <\/strong>sono anche chiamati USB 3.1 AOC, cavo USB in fibra ottica, cavo USB ottico, cavo ottico attivo USB, AOC USB ibrido, cavo ottico attivo USB 3.1. Sono specificamente progettati per soddisfare la crescente domanda di connessioni a larghezza di banda elevata, fino a 10 Gbps. Questi cavi forniscono collegamenti plug-and-play che superano i limiti dei tradizionali cavi in rame, consentendo distanze estese per la trasmissione dei dati.<\/p>\n<p>Realizzati per supportare i pi\u00f9 recenti standard USB 3.1 Gen 2, i nostri AOC USB 3.1 GEN 2 sono perfetti per un&#039;ampia gamma di applicazioni. Che si tratti di esperienze AR\/VR coinvolgenti, telecamere per sale conferenze, sistemi di visione artificiale o dispositivi di archiviazione, questi cavi offrono una connettivit\u00e0 affidabile e ad alte prestazioni.<\/p>\n<p>I cavi ottici attivi da USB 3.1 GEN 2 da tipo A a Micro-B sono progettati su misura per i dispositivi periferici contemporanei che utilizzano il connettore USB di tipo C. Con questi cavi, gli utenti possono aspettarsi prestazioni superiori e un&#039;esperienza plug-and-play senza soluzione di continuit\u00e0. D\u00ec addio al fastidio di configurazioni complicate e goditi la connettivit\u00e0 senza sforzo con i nostri AOC USB 3.1 GEN 2 AB.<\/p>\n<p><strong>Caratteristiche in evidenza:<\/strong><\/p>\n<ul>\n<li class=\"text-th-primary-dark\"><strong>Elevata larghezza di banda<\/strong>: conforme agli ultimi standard USB 3.1 Gen 2, super velocit\u00e0 fino a 10 Gbps<\/li>\n<li class=\"text-th-primary-dark\"><strong>Retrocompatibile<\/strong>: Supporta USB 3.2 @ 10Gbps fino a 100 metri (330ft)<\/li>\n<li><strong>Trasmissione di lunga durata<\/strong>: Fornisce segnali senza perdita di oltre 100 metri di lunghezza massima<\/li>\n<li><strong>Alimentazione elettrica<\/strong>: Supporta 5V 900mA max al dispositivo remoto<\/li>\n<li><strong>Installazione facile<\/strong>: Plug and play per entrambi i lati, design unidirezionale<\/li>\n<li class=\"text-th-primary-dark\"><strong>Costruzione durevole<\/strong>: Alloggiamento in lega di zinco, connettori placcati in oro resistenti alla corrosione<\/li>\n<li class=\"text-th-primary-dark\"><strong>Resistenza EMI<\/strong>: Elevata resistenza alle interferenze elettromagnetiche, garantendo un ambiente sicuro e privo di radiazioni<\/li>\n<li class=\"text-th-primary-dark\"><strong>Personalizzabile<\/strong>: Fino a 100 m di lunghezza massima, lunghezza, logo e confezione personalizzati.<\/li>\n<\/ul>\n<p><strong>Applicazioni:<\/strong><\/p>\n<ul>\n<li>Collegamento alla telecamera per la visione artificiale<\/li>\n<li>Sistema di monitoraggio della sicurezza<\/li>\n<\/ul>","protected":false},"excerpt":{"rendered":"<ul>\n<li>Cavo di collegamento in fibra ottica da USB 3.1 a Type-A a Micro-B, compatibile con le principali telecamere industriali<\/li>\n<li>USB 3.1 Gen2 10 Gbps<\/li>\n<li>Profilo EMI\/RFI praticamente zero per prestazioni impeccabili<\/li>\n<li>Il design ibrido in fibra\/rame non richiede alimentazione esterna<\/li>\n<li>Estensione a lunga distanza fino a 100 m, personalizzabile<\/li>\n<\/ul>","protected":false},"featured_media":473,"comment_status":"open","ping_status":"closed","template":"","meta":{"rs_blank_template":"","rs_page_bg_color":"","slide_template_v7":""},"product_brand":[],"product_cat":[491,25,108],"product_tag":[56,57,244,67,292,291,58,66],"class_list":{"0":"post-369","1":"product","2":"type-product","3":"status-publish","4":"has-post-thumbnail","6":"product_cat-solution-machine-vision","7":"product_cat-optical-usb-cables","8":"product_cat-shop","9":"product_tag-fiber-optic-usb-cable","10":"product_tag-optical-usb-cable","11":"product_tag-usb-3-1-active-optical-cable","12":"product_tag-usb-3-1-aoc","13":"product_tag-usb-3-1-gen2-active-optical-cable","14":"product_tag-usb-3-1-gen2-aoc","15":"product_tag-usb-active-optical-cable","16":"product_tag-usb-aoc","18":"first","19":"instock","20":"shipping-taxable","21":"product-type-simple"},"aioseo_notices":[],"_links":{"self":[{"href":"https:\/\/www.aocfiberlink.com\/it\/wp-json\/wp\/v2\/product\/369","targetHints":{"allow":["GET"]}}],"collection":[{"href":"https:\/\/www.aocfiberlink.com\/it\/wp-json\/wp\/v2\/product"}],"about":[{"href":"https:\/\/www.aocfiberlink.com\/it\/wp-json\/wp\/v2\/types\/product"}],"replies":[{"embeddable":true,"href":"https:\/\/www.aocfiberlink.com\/it\/wp-json\/wp\/v2\/comments?post=369"}],"wp:featuredmedia":[{"embeddable":true,"href":"https:\/\/www.aocfiberlink.com\/it\/wp-json\/wp\/v2\/media\/473"}],"wp:attachment":[{"href":"https:\/\/www.aocfiberlink.com\/it\/wp-json\/wp\/v2\/media?parent=369"}],"wp:term":[{"taxonomy":"product_brand","embeddable":true,"href":"https:\/\/www.aocfiberlink.com\/it\/wp-json\/wp\/v2\/product_brand?post=369"},{"taxonomy":"product_cat","embeddable":true,"href":"https:\/\/www.aocfiberlink.com\/it\/wp-json\/wp\/v2\/product_cat?post=369"},{"taxonomy":"product_tag","embeddable":true,"href":"https:\/\/www.aocfiberlink.com\/it\/wp-json\/wp\/v2\/product_tag?post=369"}],"curies":[{"name":"wp","href":"https:\/\/api.w.org\/{rel}","templated":true}]}}