{"id":492,"date":"2023-01-01T10:10:41","date_gmt":"2023-01-01T02:10:41","guid":{"rendered":"https:\/\/www.aocfiberlink.com\/?post_type=product&#038;p=492"},"modified":"2025-10-25T10:26:01","modified_gmt":"2025-10-25T02:26:01","slug":"retrattile-4k-hdmi-2-0-aoc-reel-cavo-ottico-attivo-armato-am-to-am-100m","status":"publish","type":"product","link":"https:\/\/www.aocfiberlink.com\/it\/product\/armored-4k-active-optical-hdmi-cable-roxtone-drum-100m\/","title":{"rendered":"Cavo HDMI ottico attivo 4K blindato su Roxtone da drum-AM a AM-100m"},"content":{"rendered":"<p>La serie FHDC-20AA-XX <strong>Cavo HDMI ottico attivo 4K blindato <\/strong>\u00e8 stato progettato con una durata elevata, perfettamente adatta all'uso e all'abuso pi\u00f9 gravoso previsto dalle applicazioni di noleggio e stradali. Questo cavo HDMI 4K attivo ottico blindato supporta risoluzioni fino a 4K@60 (4:4:4) 18 Gbps su lunghe tratte di cavo fino a 100 metri senza la necessit\u00e0 di un alimentatore esterno o di estensori aggiuntivi.<\/p>\n<p>Realizzati con cavo in fibra ottica ibrido di alta qualit\u00e0 (3 fibre e 7 rame), i cavi ottici attivi in fibra 4K HDMI 2.0 offrono capacit\u00e0 di trasmissione senza pari. Con una velocit\u00e0 dati massima di 18 Gbps, questi cavi offrono prestazioni ad alta velocit\u00e0, garantendo una qualit\u00e0 visiva incontaminata con risoluzioni fino a 4096 x 2160\/3840 x 2160 (4K) a segnali video a 60 Hz. Sperimenta l&#039;intero spettro di colori con 4:4:4 e goditi funzionalit\u00e0 avanzate come HDR ed eARC, il tutto senza alcuna perdita di segnale, anche su lunghe distanze.<\/p>\n<p><strong>Caratteristiche in evidenza:<\/strong><\/p>\n<ul>\n<li><strong>Sostituzione ideale<\/strong>: per <a href=\"https:\/\/shop.klotz-ais.com\/foauhw.html\">Klotz FOAUHW050,FOAUHW075,FOAUHW100<\/a> E <a href=\"https:\/\/www1.kramerav.com\/Product\/CRS-PlugNView-H#Tab_Overview\">Kramer CRS-PlugNView-H<\/a> serie<\/li>\n<li class=\"text-th-primary-dark\"><strong>Design retrattile ed estremamente resistente<\/strong>: Costruzione durevole in alluminio\/acciaio per meno di 25 libbre; Design del telaio impilabile; Cappucci di protezione inclusi;<\/li>\n<li class=\"text-th-primary-dark\"><strong>Alta risoluzione:<\/strong> Supporta segnali video 4K@60Hz 4:4:4 fino a 150 metri per un&#039;esperienza visiva di alta qualit\u00e0.<\/li>\n<li class=\"text-th-primary-dark\"><strong>Elevata larghezza di banda<\/strong>: Capacit\u00e0 di 18 Gbps, che garantisce una trasmissione veloce e affidabile di contenuti multimediali<\/li>\n<li class=\"text-th-primary-dark\"><strong>Trasmissione senza perdite<\/strong>: Fornisce immagini 4K a 60Hz, VR e segnali di visualizzazione 3D su lunghe distanze<\/li>\n<li class=\"text-th-primary-dark\"><strong>Frequenza di aggiornamento veloce<\/strong>: 60Hz con risoluzione 4K per immagini nitide e nitide; tassi pi\u00f9 elevati a risoluzioni inferiori<\/li>\n<li class=\"text-th-primary-dark\"><strong>HDR dinamico<\/strong>: Ottimizza il contrasto, la profondit\u00e0, la luminosit\u00e0 e la gamma di colori fotogramma per fotogramma<\/li>\n<li class=\"text-th-primary-dark\"><strong>eARC migliorato<\/strong>: Semplifica la connettivit\u00e0 e l&#039;ottimizzazione audio per pi\u00f9 componenti<\/li>\n<li class=\"text-th-primary-dark\"><strong>Audio di alta qualit\u00e0<\/strong>: Supporta formati fino a 192 kHz, 24 bit, 5.1 e 7.1 non compressi, Dolby lossless e audio a 32 canali<\/li>\n<li class=\"text-th-primary-dark\"><strong>VRR per il gioco<\/strong>: Gameplay fluido con lag, vibrazioni e frame tearing minimi<\/li>\n<li class=\"text-th-primary-dark\"><strong>Funzionalit\u00e0 avanzate<\/strong>: Supporta EDID, funzione di rilevamento automatico, ALLM, QMS e QFT<\/li>\n<li class=\"text-th-primary-dark\"><strong>Costruzione durevole<\/strong>: Alloggiamento in lega di zinco, connettori placcati in oro resistenti alla corrosione<\/li>\n<li class=\"text-th-primary-dark\"><strong>Resistenza EMI<\/strong>: Elevata resistenza alle interferenze elettromagnetiche, garantendo un ambiente sicuro e privo di radiazioni<\/li>\n<li class=\"text-th-primary-dark\"><strong>Personalizzabile<\/strong>: Fino a 150 m di lunghezza massima (30 m max per eARC), lunghezza personalizzata, logo e confezione disponibili<\/li>\n<\/ul>\n<p><strong>Applicazioni:<\/strong><\/p>\n<ul>\n<li>Noleggio e allestimento<\/li>\n<li>Insegne e monitor a LED<\/li>\n<li>Apparecchiature mediche per l&#039;imaging<\/li>\n<li>Emittente radiofonica e televisiva<\/li>\n<\/ul>","protected":false},"excerpt":{"rendered":"<ul>\n<li>Design retrattile e durevole su un solido tamburo per cavi;<\/li>\n<li>Estensione di segnali video completi 4096 x 2160 \/ 3840 x 2160 (4K) a 60 Hz 4:4:4 fino a 300 m (985 piedi)<\/li>\n<li>Supporta completamente le specifiche HDMI 2.0, incluso eARC, proporzioni 21:9 e altro ancora<\/li>\n<li>Compatibile con PCM, DTS-HD Master e Dolby Digital True HD Surround Sound<\/li>\n<li>Profilo EMI\/RFI praticamente zero per prestazioni impeccabili<\/li>\n<li>Estremamente durevole - integrato. acciaio inox, tubo corrugato con protezione di rinforzo in Kevlar<\/li>\n<li>Supporta HDCP 2.2 \/ EDID \/ DDC \/ CEC<\/li>\n<\/ul>","protected":false},"featured_media":493,"comment_status":"open","ping_status":"closed","template":"","meta":{"rs_blank_template":"","rs_page_bg_color":"","slide_template_v7":""},"product_brand":[],"product_cat":[488,37,24,108],"product_tag":[43,50,484,483,47,29,75,73,74],"class_list":{"0":"post-492","1":"product","2":"type-product","3":"status-publish","4":"has-post-thumbnail","6":"product_cat-solution-audio-visual","7":"product_cat-hdmi-2-0","8":"product_cat-optical-hdmi-cables","9":"product_cat-shop","10":"product_tag-active-hdmi-2-0-cable","11":"product_tag-active-optical-hdmi-2-0-cable","12":"product_tag-armored-4k-active-optical-hdmi-cable","13":"product_tag-armored-4k-hdmi-cable","14":"product_tag-hdmi-2-0-optical-cable","15":"product_tag-optical-hdmi-cable","16":"product_tag-retractable-active-optical-cables","17":"product_tag-retractable-hdmi-aoc-reel","18":"product_tag-retractable-hdmi-cable-reel","20":"first","21":"instock","22":"shipping-taxable","23":"product-type-simple"},"aioseo_notices":[],"_links":{"self":[{"href":"https:\/\/www.aocfiberlink.com\/it\/wp-json\/wp\/v2\/product\/492","targetHints":{"allow":["GET"]}}],"collection":[{"href":"https:\/\/www.aocfiberlink.com\/it\/wp-json\/wp\/v2\/product"}],"about":[{"href":"https:\/\/www.aocfiberlink.com\/it\/wp-json\/wp\/v2\/types\/product"}],"replies":[{"embeddable":true,"href":"https:\/\/www.aocfiberlink.com\/it\/wp-json\/wp\/v2\/comments?post=492"}],"wp:featuredmedia":[{"embeddable":true,"href":"https:\/\/www.aocfiberlink.com\/it\/wp-json\/wp\/v2\/media\/493"}],"wp:attachment":[{"href":"https:\/\/www.aocfiberlink.com\/it\/wp-json\/wp\/v2\/media?parent=492"}],"wp:term":[{"taxonomy":"product_brand","embeddable":true,"href":"https:\/\/www.aocfiberlink.com\/it\/wp-json\/wp\/v2\/product_brand?post=492"},{"taxonomy":"product_cat","embeddable":true,"href":"https:\/\/www.aocfiberlink.com\/it\/wp-json\/wp\/v2\/product_cat?post=492"},{"taxonomy":"product_tag","embeddable":true,"href":"https:\/\/www.aocfiberlink.com\/it\/wp-json\/wp\/v2\/product_tag?post=492"}],"curies":[{"name":"wp","href":"https:\/\/api.w.org\/{rel}","templated":true}]}}