{"id":558,"date":"2023-01-01T11:40:31","date_gmt":"2023-01-01T03:40:31","guid":{"rendered":"https:\/\/www.aocfiberlink.com\/?post_type=product&#038;p=558"},"modified":"2025-10-25T10:30:24","modified_gmt":"2025-10-25T02:30:24","slug":"cavo-dvi-hdmi-aoc-ibrido-in-fibra-ottica-attiva-10-2gbps-4k30hz","status":"publish","type":"product","link":"https:\/\/www.aocfiberlink.com\/it\/product\/detachable-dvi-to-hdmi-aoc-active-optical-cable-4k\/","title":{"rendered":"Cavo ottico attivo da DVI a HDMI AOC staccabile 10,2 Gbps 4K@30Hz"},"content":{"rendered":"<p>La serie FDVC-10VM-XX <strong>Cavi ottici attivi da DVI a HDMI, <\/strong>noto anche come DIV-HDMI AOC, cavo ottico attivo DVI-HDMI, cavo ottico in fibra DVI-HDMI, cavo DVI ottico, cavo DVI attivo. Fornisce una connessione digitale senza soluzione di continuit\u00e0 tra una sorgente abilitata DVI e un display abilitato HDMI, consentendo una facile connettivit\u00e0 tra i dispositivi. Sia che tu voglia guardare video dal tuo laptop su uno schermo pi\u00f9 grande o collegare un dispositivo dotato di HDMI a un display DVI, questo AOC da DVI a HDMI offre prestazioni affidabili e trasmissione video di alta qualit\u00e0.<\/p>\n<p>Sperimenta una qualit\u00e0 video migliorata e un intrattenimento coinvolgente con il cavo ottico attivo da HDMI a DVI. Perfetto per gli appassionati di giochi e le configurazioni home theater, questo cavo ti consente di collegare HDMI a DVI e goderti un&#039;esperienza video superiore sul tuo dispositivo compatibile. Che tu stia giocando, trasmettendo in streaming o guardando film, l&#039;HDMI a DVI AOC garantisce un&#039;esperienza visiva senza interruzioni e impressionante.<\/p>\n<p><strong>Caratteristiche in evidenza:<\/strong><\/p>\n<ul>\n<li>Estende WUXGA (1920\u00d71200) a 60 Hz o 1080p a 60 Hz (36 bit, 3,4 Gbps\/ch)<\/li>\n<li>Interfaccia DVI a canale singolo, supporta una larghezza di banda fino a 10,2 Gbps<\/li>\n<li>Pi\u00f9 sottile, leggero e morbido del cavo in rame convenzionale<\/li>\n<li>Gestito dalla sorgente DVI senza alimentazione esterna<\/li>\n<li>Trasmette dati DVI fino a 100 m (328 piedi) tramite cavo ibrido ottico<\/li>\n<li>Supporta la trasmissione di contenuti 3D<\/li>\n<li>Conforme a EDID, HDCP<\/li>\n<\/ul>\n<p><strong>Applicazioni:<\/strong><\/p>\n<ul>\n<li>Firma digitale<\/li>\n<li>Insegne e monitor a LED per stadi, ospedali, centri commerciali di spedizione<\/li>\n<li>Apparecchiature mediche per l&#039;imaging<\/li>\n<li>Sistema informativo video per l&#039;imbarco in aeroporto<\/li>\n<li>Home Theater, Blu-ray, video 3D, proiettore, set-top box, DVR, controllo della console di gioco e connessione del monitor<\/li>\n<li>Emittente radiofonica e televisiva<\/li>\n<li>Attrezzature per videoconferenza<\/li>\n<li>Sistema di monitoraggio della sicurezza<\/li>\n<\/ul>","protected":false},"excerpt":{"rendered":"<ul>\n<li>Trasmissioni a lunga distanza fino a 100 m<\/li>\n<li>Supporta fino a 10,2 Gbps<\/li>\n<li>Supporta risoluzioni fino a 1080p e 4K2K<\/li>\n<li>Non \u00e8 necessaria alcuna alimentazione esterna<\/li>\n<li>Nessuna radiazione e altamente resistente alle interferenze elettromagnetiche<\/li>\n<li>Connettore sorgente programmabile per memorizzare informazioni EDID<\/li>\n<\/ul>","protected":false},"featured_media":560,"comment_status":"open","ping_status":"closed","template":"","meta":{"rs_blank_template":"","rs_page_bg_color":"","slide_template_v7":""},"product_brand":[683],"product_cat":[488,89,37,24,493],"product_tag":[44,94,90,91,92,97,96,32,29],"class_list":{"0":"post-558","1":"product","2":"type-product","3":"status-publish","4":"has-post-thumbnail","6":"product_brand-aocfiberlink","7":"product_cat-solution-audio-visual","8":"product_cat-dvi-aoc","9":"product_cat-hdmi-2-0","10":"product_cat-optical-hdmi-cables","11":"product_cat-solution-smart-home","12":"product_tag-4k-hdmi-fiber-cable","13":"product_tag-active-dvi-cable","14":"product_tag-div-aoc","15":"product_tag-dvi-active-optical-cable","16":"product_tag-dvi-fiber-optical-cable","17":"product_tag-hdmi-2-0-fiber-cable","18":"product_tag-hdmi-aoc","19":"product_tag-hdmi-fiber-cable","20":"product_tag-optical-hdmi-cable","22":"first","23":"instock","24":"shipping-taxable","25":"product-type-simple"},"aioseo_notices":[],"_links":{"self":[{"href":"https:\/\/www.aocfiberlink.com\/it\/wp-json\/wp\/v2\/product\/558","targetHints":{"allow":["GET"]}}],"collection":[{"href":"https:\/\/www.aocfiberlink.com\/it\/wp-json\/wp\/v2\/product"}],"about":[{"href":"https:\/\/www.aocfiberlink.com\/it\/wp-json\/wp\/v2\/types\/product"}],"replies":[{"embeddable":true,"href":"https:\/\/www.aocfiberlink.com\/it\/wp-json\/wp\/v2\/comments?post=558"}],"wp:featuredmedia":[{"embeddable":true,"href":"https:\/\/www.aocfiberlink.com\/it\/wp-json\/wp\/v2\/media\/560"}],"wp:attachment":[{"href":"https:\/\/www.aocfiberlink.com\/it\/wp-json\/wp\/v2\/media?parent=558"}],"wp:term":[{"taxonomy":"product_brand","embeddable":true,"href":"https:\/\/www.aocfiberlink.com\/it\/wp-json\/wp\/v2\/product_brand?post=558"},{"taxonomy":"product_cat","embeddable":true,"href":"https:\/\/www.aocfiberlink.com\/it\/wp-json\/wp\/v2\/product_cat?post=558"},{"taxonomy":"product_tag","embeddable":true,"href":"https:\/\/www.aocfiberlink.com\/it\/wp-json\/wp\/v2\/product_tag?post=558"}],"curies":[{"name":"wp","href":"https:\/\/api.w.org\/{rel}","templated":true}]}}