{"id":3,"date":"2023-05-19T08:35:09","date_gmt":"2023-05-19T00:35:09","guid":{"rendered":"https:\/\/www.aocfiberlink.com\/?page_id=3"},"modified":"2023-09-22T17:36:33","modified_gmt":"2023-09-22T09:36:33","slug":"politica-de-privacidade","status":"publish","type":"page","link":"https:\/\/www.aocfiberlink.com\/pt\/privacy-policy\/","title":{"rendered":"pol\u00edtica de Privacidade"},"content":{"rendered":"<p><strong>Quem somos<\/strong><\/p>\n\n\n\n<p>O endere\u00e7o do nosso s\u00edtio Web \u00e9: https:\/\/www.aocfiberlink.com .<\/p>\n\n\n\n<p><strong>coment\u00e1rio<\/strong><\/p>\n\n\n\n<p>Quando os visitantes deixam coment\u00e1rios, recolhemos os dados apresentados no formul\u00e1rio de coment\u00e1rio, bem como o endere\u00e7o IP do visitante e a cadeia de agentes do utilizador do navegador para ajudar a verificar se h\u00e1 coment\u00e1rios de spam.<\/p>\n\n\n\n<p>A cadeia an\u00f3nima (tamb\u00e9m conhecida como hash) gerada pelo seu endere\u00e7o de e-mail pode ser fornecida ao servi\u00e7o Gravatar para confirmar se utilizou o servi\u00e7o. A pol\u00edtica de privacidade do servi\u00e7o Gravatar \u00e9 a seguinte: https:\/\/automattic.com\/privacy\/ . Depois de o seu coment\u00e1rio ser aprovado, a sua imagem de perfil ser\u00e1 apresentada publicamente junto ao seu coment\u00e1rio.<\/p>\n\n\n\n<p><strong>meios de comunica\u00e7\u00e3o<\/strong><\/p>\n\n\n\n<p>Se o utilizador carregar imagens para este s\u00edtio Web, deve evitar carregar imagens com informa\u00e7\u00f5es de localiza\u00e7\u00e3o geogr\u00e1fica incorporadas (EXIF GPS). Os visitantes deste s\u00edtio Web poder\u00e3o descarregar e extrair informa\u00e7\u00f5es de localiza\u00e7\u00e3o das imagens do s\u00edtio Web.<\/p>\n\n\n\n<p><strong>Biscoitos<\/strong><\/p>\n\n\n\n<p>Se deixar um coment\u00e1rio no nosso s\u00edtio Web, pode optar por utilizar cookies para guardar o seu nome, endere\u00e7o de correio eletr\u00f3nico e endere\u00e7o do s\u00edtio Web. Isto \u00e9 conveniente, pois permite-lhe evitar ter de preencher novamente o conte\u00fado relevante quando comenta. Estes cookies ser\u00e3o guardados durante um ano.<\/p>\n\n\n\n<p>Se visitar a nossa p\u00e1gina de in\u00edcio de sess\u00e3o, iremos criar um cookie tempor\u00e1rio para confirmar se o seu browser aceita cookies. Este cookie n\u00e3o cont\u00e9m dados pessoais e ser\u00e1 eliminado quando o utilizador fechar o browser.<\/p>\n\n\n\n<p>Quando iniciar sess\u00e3o, tamb\u00e9m definimos v\u00e1rios cookies para guardar as suas informa\u00e7\u00f5es de in\u00edcio de sess\u00e3o e op\u00e7\u00f5es de visualiza\u00e7\u00e3o do ecr\u00e3. Os cookies de in\u00edcio de sess\u00e3o ser\u00e3o mantidos durante dois dias, enquanto os cookies de op\u00e7\u00f5es de visualiza\u00e7\u00e3o do ecr\u00e3 ser\u00e3o mantidos durante um ano. Se escolher \u2018Lembrar-me\u2019, o seu estado de in\u00edcio de sess\u00e3o ser\u00e1 mantido durante duas semanas. Se terminar a sess\u00e3o na sua conta, os cookies utilizados para iniciar sess\u00e3o ser\u00e3o removidos.<\/p>\n\n\n\n<p>Se editar ou publicar um artigo, guardaremos um cookie adicional no seu browser. Este cookie n\u00e3o cont\u00e9m dados pessoais e apenas regista o ID do artigo que acabou de editar. Este cookie ser\u00e1 guardado durante um dia.<\/p>\n\n\n\n<p><strong>Conte\u00fado incorporado de outros s\u00edtios Web<\/strong><\/p>\n\n\n\n<p>Os artigos deste s\u00edtio podem conter conte\u00fados incorporados (tais como v\u00eddeos, imagens, artigos, etc.). O comportamento do conte\u00fado incorporado de outros sites n\u00e3o \u00e9 diferente do acesso direto a esses sites.<\/p>\n\n\n\n<p>Estes sites podem recolher dados sobre o utilizador, utilizar cookies, incorporar programas adicionais de rastreio de terceiros e monitorizar a sua intera\u00e7\u00e3o com o conte\u00fado incorporado, incluindo o rastreio da sua intera\u00e7\u00e3o com o conte\u00fado incorporado quando o utilizador tem uma conta nestes sites e inicia sess\u00e3o nos mesmos.<\/p>\n\n\n\n<p><strong>Com quem partilhamos as suas informa\u00e7\u00f5es<\/strong><\/p>\n\n\n\n<p>Se solicitar uma reposi\u00e7\u00e3o da palavra-passe, o seu endere\u00e7o IP ser\u00e1 inclu\u00eddo na mensagem de correio eletr\u00f3nico de reposi\u00e7\u00e3o da palavra-passe.<\/p>\n\n\n\n<p><strong>Durante quanto tempo conservamos as suas informa\u00e7\u00f5es<\/strong><\/p>\n\n\n\n<p>Se deixar um coment\u00e1rio, o coment\u00e1rio e os seus metadados ser\u00e3o guardados indefinidamente. Fazemo-lo para podermos identificar e aprovar automaticamente quaisquer coment\u00e1rios subsequentes sem os adicionar \u00e0 fila de espera.<\/p>\n\n\n\n<p>Para os utilizadores registados deste s\u00edtio Web, tamb\u00e9m guardamos as informa\u00e7\u00f5es pessoais fornecidas pelo utilizador no seu perfil pessoal. Todos os utilizadores podem ver, editar ou apagar as suas informa\u00e7\u00f5es pessoais em qualquer altura (exceto a impossibilidade de alterar o seu nome de utilizador), e os administradores do s\u00edtio tamb\u00e9m podem ver e editar essas informa\u00e7\u00f5es.<\/p>\n\n\n\n<p><strong>Que direitos tem sobre as suas informa\u00e7\u00f5es<\/strong><\/p>\n\n\n\n<p>Se tiver uma conta neste s\u00edtio ou tiver deixado um coment\u00e1rio, pode pedir-nos que lhe forne\u00e7amos um ficheiro de exporta\u00e7\u00e3o dos seus dados pessoais que possu\u00edmos, que inclui todos os dados que nos forneceu. Pode tamb\u00e9m solicitar-nos que apaguemos todos os dados pessoais que lhe digam respeito. Isto n\u00e3o inclui os dados que temos de reter devido a necessidades de gest\u00e3o, regulamentares ou de seguran\u00e7a.<\/p>\n\n\n\n<p><strong>Para onde ser\u00e3o enviados os seus dados<\/strong><\/p>\n\n\n\n<p>Os coment\u00e1rios dos visitantes podem ser verificados pelo servi\u00e7o autom\u00e1tico de controlo de coment\u00e1rios de spam.<\/p>\n\n\n\n<p>E-mail:<a href=\"https:\/\/www.aocfiberlink.com\/pt\/confira\/\">sales@aocfiberlink.com<\/a><\/p>","protected":false},"excerpt":{"rendered":"<p>Who are we Our website address is: https:\/\/www.aocfiberlink.com . comment When visitors leave comments, we collect the data displayed in the comment form, as well as<span class=\"excerpt-hellip\"> [\u2026]<\/span><\/p>\n","protected":false},"author":1,"featured_media":0,"parent":0,"menu_order":0,"comment_status":"closed","ping_status":"open","template":"","meta":{"rs_blank_template":"","rs_page_bg_color":"","slide_template_v7":"","footnotes":""},"class_list":["post-3","page","type-page","status-publish","hentry"],"aioseo_notices":[],"_links":{"self":[{"href":"https:\/\/www.aocfiberlink.com\/pt\/wp-json\/wp\/v2\/pages\/3","targetHints":{"allow":["GET"]}}],"collection":[{"href":"https:\/\/www.aocfiberlink.com\/pt\/wp-json\/wp\/v2\/pages"}],"about":[{"href":"https:\/\/www.aocfiberlink.com\/pt\/wp-json\/wp\/v2\/types\/page"}],"author":[{"embeddable":true,"href":"https:\/\/www.aocfiberlink.com\/pt\/wp-json\/wp\/v2\/users\/1"}],"replies":[{"embeddable":true,"href":"https:\/\/www.aocfiberlink.com\/pt\/wp-json\/wp\/v2\/comments?post=3"}],"version-history":[{"count":0,"href":"https:\/\/www.aocfiberlink.com\/pt\/wp-json\/wp\/v2\/pages\/3\/revisions"}],"wp:attachment":[{"href":"https:\/\/www.aocfiberlink.com\/pt\/wp-json\/wp\/v2\/media?parent=3"}],"curies":[{"name":"wp","href":"https:\/\/api.w.org\/{rel}","templated":true}]}}