{"id":1073,"date":"2024-01-01T09:00:10","date_gmt":"2024-01-01T01:00:10","guid":{"rendered":"https:\/\/www.aocfiberlink.com\/?post_type=product&#038;p=1073"},"modified":"2025-10-25T10:48:59","modified_gmt":"2025-10-25T02:48:59","slug":"usb-c-3-2-aoc-20gbps-active-optical-cable-5","status":"publish","type":"product","link":"https:\/\/www.aocfiberlink.com\/pt\/product\/15m-usb3-am-usbc-fiber-active-optical-cable\/","title":{"rendered":"Cabo \u00f3tico ativo de 15 m USB3.2 AM para fibra USB-C"},"content":{"rendered":"<p>The FUAC-3204 <strong>USB 3.2 Gen2 USB-C to AM Active Optical Extension Cable\u00a0 <\/strong>is \u00a0the first Gen2 active optical cable which can support downward compatible with USB 2.0 in the market. This USB3.2 USB-C to AM Active Optical Extension Cable is a premium active optical extension cable with TPE\/PVC jacket designed to extend USB signals over longer distances while maintaining exceptional performance. This USB3.2 active optical extension cable supports the full range of USB specifications, from USB 2.0 up to the latest USB 3.2 Gen 2 standard, delivering data transfer speeds of up to 10Gbps at an impressive distance of 15 meters (50ft).<\/p>\n<p data-sourcepos=\"7:1-7:38\"><strong>Unleash the Power of USB 3.2 Gen 2<\/strong><\/p>\n<p data-sourcepos=\"9:1-9:278\">Harness the full potential of your USB 3.2 Gen 2 devices with the FUAC-3204 Active Optical Extension Cable. This cable is engineered to support all USB 3.2 device types, including control, interrupt, bulk, and isochronous transfers, ensuring smooth and reliable operation for a wide range of applications.<\/p>\n<p data-sourcepos=\"11:1-11:37\"><strong>Expand Your Connectivity Horizons<\/strong><\/p>\n<p data-sourcepos=\"13:1-13:416\">Ideal for a variety of settings, the FUAC-3204&#8217;s user-friendly USB-C to AM connector design makes it easy to extend the reach of your USB devices. Whether you&#8217;re extending a webcam for optimal positioning in a surveillance system, connecting a digital signage display for captivating visuals, or integrating devices across a larger home network, this cable delivers unparalleled performance and convenience.<\/p>\n<p data-sourcepos=\"15:1-15:42\"><strong>Enhanced Performance and Compatibility<\/strong><\/p>\n<p data-sourcepos=\"17:1-17:442\">Experience the benefits of superior data transfer speeds and unwavering compatibility with the FUAC-3204 Active Optical Extension Cable. This cable is backward compatible with USB 3.0 and USB 2.0, offering a significant performance boost over USB 2.0 alone. The FUAC-3204 Active Optical Extension Cable is a true plug-and-play solution, working seamlessly with both Windows and Mac operating systems. Its durable TPE\/PVC jacket provides long-lasting protection without the need for cumbersome screws.<\/p>\n<p><strong>Recursos de destaque:<\/strong><\/p>\n<ul>\n<li><strong>Ultra High Speed<\/strong>: supports USB 3.2 Gen 2 data transfer speeds of up to 10Gbps<\/li>\n<li class=\"text-th-primary-dark\"><strong>Compatibilidade universal<\/strong>: Extends USB USB-C to type-A male connections<\/li>\n<li class=\"text-th-primary-dark\"><strong>Exteneded Length<\/strong>: up to 15 meters (50ft)<\/li>\n<li class=\"text-th-primary-dark\"><strong>Backward compatible<\/strong> with USB 3.0 and USB 2.0<\/li>\n<li class=\"text-th-primary-dark\"><strong>Hot-swappable<\/strong>: True plug-and-play with Windows and Mac<\/li>\n<li class=\"text-th-primary-dark\"><strong>Durable<\/strong> PVC\/TPE jacket for reliable protection<\/li>\n<\/ul>\n<p><strong>Especifica\u00e7\u00f5es t\u00e9cnicas:<\/strong><\/p>\n<h6><strong>Communication &amp; Control:<\/strong><\/h6>\n<table>\n<tbody>\n<tr>\n<td width=\"20.0000%\"><strong>USB<\/strong><\/td>\n<td width=\"80.0000%\">USB3.2 (Gen 2) | USB3.1 (Gen 2) | USB3.1 (Gen 1) | USB 2.0Max bandwidth: 10Gbps<\/td>\n<\/tr>\n<\/tbody>\n<\/table>\n<h6><strong>Power:<\/strong><\/h6>\n<table>\n<tbody>\n<tr>\n<td width=\"20.0000%\"><strong>Consumo de energia<\/strong><\/td>\n<td width=\"80.0000%\">\u2264 0.55W (5V\/110mA)<\/td>\n<\/tr>\n<tr>\n<td><strong>Power Carry<\/strong><\/td>\n<td>\u00a0900mA (0-10m)\/600mA (11- 15m)<\/td>\n<\/tr>\n<\/tbody>\n<\/table>\n<h6><strong>Environmental:<\/strong><\/h6>\n<table>\n<tbody>\n<tr>\n<td width=\"20.0000%\"><strong>Operating Temperature<\/strong><\/td>\n<td width=\"80.0000%\">-4\u00b0F to ~ 158\u00b0F (-20\u00b0C ~ +70\u00b0C) | 10% ~ 90%, non-condensing<\/td>\n<\/tr>\n<tr>\n<td width=\"20.0000%\"><strong>Storage Temperature<\/strong><\/td>\n<td width=\"80.0000%\">-4\u00b0F to ~ 158\u00b0F (-20\u00b0C ~ +70\u00b0C) | 10% ~ 90%, non-condensing<\/td>\n<\/tr>\n<tr>\n<td><strong>Max Cable Bend Radius<\/strong><\/td>\n<td>40mm\/1.57in<\/td>\n<\/tr>\n<tr>\n<td><strong>Max Pull Tension\/Tensile Strength<\/strong><\/td>\n<td>10kg\/22lbs (100n)<\/td>\n<\/tr>\n<\/tbody>\n<\/table>\n<h6><strong>Dimensions &amp; Weight:<\/strong><\/h6>\n<table>\n<tbody>\n<tr>\n<td width=\"20.0000%\"><strong>Length x Width x Height<\/strong><\/td>\n<td width=\"80.0000%\">Type A Male Connector: 47.5mm x 18.5mm x 5mm<br \/>\nType C Male Connector: 45mm x 20mm x 5mm<\/td>\n<\/tr>\n<tr>\n<td width=\"20.0000%\"><strong>Cable Diameter<\/strong><\/td>\n<td width=\"80.0000%\">4.9mm<\/td>\n<\/tr>\n<\/tbody>\n<\/table>\n<h6><strong>Regulatory<\/strong><strong>:<\/strong><\/h6>\n<table>\n<tbody>\n<tr>\n<td width=\"20.0000%\"><strong>Safety and Emission<\/strong><\/td>\n<td width=\"80.0000%\">CE | FCC | RoHS<\/td>\n<\/tr>\n<\/tbody>\n<\/table>\n<p>&nbsp;<\/p>\n<p><strong>Formul\u00e1rios:<\/strong><\/p>\n<ul>\n<li>Sala de conferencia<\/li>\n<li>Sinaliza\u00e7\u00e3o digital<\/li>\n<li>PC para jogos<\/li>\n<li>Hard Drives<\/li>\n<li>Home Theatre<\/li>\n<li>LED Signboards<\/li>\n<li>Terminal M\u00f3vel<\/li>\n<li>Equipamento de imagiologia m\u00e9dica<\/li>\n<li>Projectors<\/li>\n<li>Sistema de monitoramento de seguran\u00e7a<\/li>\n<li>Scanners<\/li>\n<li>Touch Screens<\/li>\n<li>Webcams and Access Control Systems<\/li>\n<\/ul>\n<p><b>USB Connector Type References:<\/b><\/p>\n<table class=\"table table-bordered\">\n<tbody>\n<tr>\n<td align=\"center\">USB 2.0 Type A<br \/>\nUSB 3.0 Type A<br \/>\nUSB 3.1 Type A<img decoding=\"async\" src=\"https:\/\/www.activeopticalcable.com\/image\/catalog\/products\/USBConnector\/USB-A.jpg\" \/><\/td>\n<td align=\"center\">USB 2.0 Type C<br \/>\nUSB 3.0 Type C<br \/>\nUSB 3.1 Type C<img decoding=\"async\" src=\"https:\/\/www.activeopticalcable.com\/image\/catalog\/products\/USBConnector\/USB-C.jpg\" \/><\/td>\n<\/tr>\n<tr>\n<td align=\"center\">USB 2.0 Type B<\/p>\n<p><img decoding=\"async\" src=\"https:\/\/www.activeopticalcable.com\/image\/catalog\/products\/USBConnector\/USB2.0-B.jpg\" \/><\/td>\n<td align=\"center\">USB 3.0 Type B<\/p>\n<p><img decoding=\"async\" src=\"https:\/\/www.activeopticalcable.com\/image\/catalog\/products\/USBConnector\/USB3.0-B.jpg\" \/><\/td>\n<\/tr>\n<tr>\n<td align=\"center\">USB 2.0 Micro B<\/p>\n<p><img decoding=\"async\" src=\"https:\/\/www.activeopticalcable.com\/image\/catalog\/products\/USBConnector\/USB2.0-Micro-B.jpg\" \/><\/td>\n<td align=\"center\">USB 3.0 Micro B<\/p>\n<p><img decoding=\"async\" src=\"https:\/\/www.activeopticalcable.com\/image\/catalog\/products\/USBConnector\/USB3.0-Micro-B.jpg\" \/><\/td>\n<\/tr>\n<tr>\n<td align=\"center\">USB 2.0 Mini B<br \/>\nUSB 3.0 Mini B<img decoding=\"async\" src=\"https:\/\/www.activeopticalcable.com\/image\/catalog\/products\/USBConnector\/USB-Mini-B.jpg\" \/><\/td>\n<td><\/td>\n<\/tr>\n<\/tbody>\n<\/table>\n<p><b>Warranty: 2 Year Warranty<\/b><\/p>","protected":false},"excerpt":{"rendered":"<p>-USB3.2 Gen 2 10Gbps &#8220;SuperSpeed&#8221; (4K Webcam, SSD storage)<\/p>\n<p>-Backward compatible with USB 3.0\/2.0\/1.1<\/p>\n<p>-Extended length up to 15m<\/p>\n<p>-Perfil EMI\/RFI praticamente nulo para um desempenho sem falhas<\/p>\n<p>-O design h\u00edbrido de fibra\/cobre n\u00e3o requer alimenta\u00e7\u00e3o externa<\/p>","protected":false},"featured_media":1206,"comment_status":"open","ping_status":"closed","template":"","meta":{"rs_blank_template":"","rs_page_bg_color":"","slide_template_v7":""},"product_brand":[],"product_cat":[488,489,490,25,493],"product_tag":[479,55,331,293,334,58,480,70,54,324,477,478],"class_list":{"0":"post-1073","1":"product","2":"type-product","3":"status-publish","4":"has-post-thumbnail","6":"product_cat-solution-audio-visual","7":"product_cat-solution-education","8":"product_cat-solution-hd-conferences","9":"product_cat-optical-usb-cables","10":"product_cat-solution-smart-home","11":"product_tag-usb-3-2-active-optical-cable-15-meters","12":"product_tag-usb-3-2-aoc","13":"product_tag-usb-3-2-gen2-aoc","14":"product_tag-usb-3-2-gen2-type-c-aoc","15":"product_tag-usb-3-2-optical-cable","16":"product_tag-usb-active-optical-cable","17":"product_tag-usb-c-to-c-fiber-cable","18":"product_tag-usb-optical-cable","19":"product_tag-usb-c-aoc","20":"product_tag-usb-c-fiber-active-optical-cable","21":"product_tag-usb-c-optical-cable","22":"product_tag-usb3-2-active-optical-cable","24":"first","25":"instock","26":"shipping-taxable","27":"product-type-simple"},"aioseo_notices":[],"_links":{"self":[{"href":"https:\/\/www.aocfiberlink.com\/pt\/wp-json\/wp\/v2\/product\/1073","targetHints":{"allow":["GET"]}}],"collection":[{"href":"https:\/\/www.aocfiberlink.com\/pt\/wp-json\/wp\/v2\/product"}],"about":[{"href":"https:\/\/www.aocfiberlink.com\/pt\/wp-json\/wp\/v2\/types\/product"}],"replies":[{"embeddable":true,"href":"https:\/\/www.aocfiberlink.com\/pt\/wp-json\/wp\/v2\/comments?post=1073"}],"wp:featuredmedia":[{"embeddable":true,"href":"https:\/\/www.aocfiberlink.com\/pt\/wp-json\/wp\/v2\/media\/1206"}],"wp:attachment":[{"href":"https:\/\/www.aocfiberlink.com\/pt\/wp-json\/wp\/v2\/media?parent=1073"}],"wp:term":[{"taxonomy":"product_brand","embeddable":true,"href":"https:\/\/www.aocfiberlink.com\/pt\/wp-json\/wp\/v2\/product_brand?post=1073"},{"taxonomy":"product_cat","embeddable":true,"href":"https:\/\/www.aocfiberlink.com\/pt\/wp-json\/wp\/v2\/product_cat?post=1073"},{"taxonomy":"product_tag","embeddable":true,"href":"https:\/\/www.aocfiberlink.com\/pt\/wp-json\/wp\/v2\/product_tag?post=1073"}],"curies":[{"name":"wp","href":"https:\/\/api.w.org\/{rel}","templated":true}]}}