{"id":1112,"date":"2023-01-01T09:38:47","date_gmt":"2023-01-01T01:38:47","guid":{"rendered":"https:\/\/www.aocfiberlink.com\/?post_type=product&#038;p=1112"},"modified":"2025-10-25T10:19:30","modified_gmt":"2025-10-25T02:19:30","slug":"4k-hdmi-fibra-ativa-optica-cabo-2","status":"publish","type":"product","link":"https:\/\/www.aocfiberlink.com\/pt\/product\/4k-fiber-optic-hdmi2-aoc-active-optical-cable\/","title":{"rendered":"Cabo \u00f3tico de fibra \u00f3tica 4K HDMI2.0 AOC-Active Optical Cable-AM to AM"},"content":{"rendered":"<p>Fiber optic HDMI AOC cables far surpass the limitations of traditional copper cables by harnessing the power of light. These innovative cables transmit signals through pulses of light, resulting in superior performance across the board.<\/p>\n<p>Our FHDC-2002 <strong>18Gbps <\/strong><strong>4K Fiber Optic HDMI2.0 AOC-Active Optical Cables<\/strong>\u00a0are slimmer, lighter, and more flexible than their copper counterparts, while offering significantly higher bandwidth and longer transmission distances. Their immunity to electromagnetic interference ensures pristine signal quality, making them ideal for diverse applications, from home theaters to professional settings.<\/p>\n<p>AOCFiberlink is at the forefront of fiber optic HDMI cable technology. Our commitment to research and development, coupled with rigorous quality control, has enabled us to streamline manufacturing processes and deliver exceptional products. This dedication has solidified our position as a global leader in the fiber optic industry.<\/p>\n<p><strong>Recursos de destaque:<\/strong><\/p>\n<ul>\n<li class=\"text-th-primary-dark\"><strong>Resolu\u00e7\u00e3o de alta qualidade<\/strong>: Supports 4K@60Hz 4:4:4 video signals up to 300 meters for a high-quality viewing experience.<\/li>\n<li class=\"text-th-primary-dark\"><strong>Alta largura de banda<\/strong>: Capacidade de 18 Gbps, garantindo transmiss\u00e3o r\u00e1pida e confi\u00e1vel de conte\u00fado multim\u00eddia<\/li>\n<li class=\"text-th-primary-dark\"><strong>Transmiss\u00e3o sem perdas<\/strong>: Fornece visuais 4K@60Hz, VR e sinais de exibi\u00e7\u00e3o 3D em longas dist\u00e2ncias<\/li>\n<li class=\"text-th-primary-dark\"><strong>Taxa de atualiza\u00e7\u00e3o r\u00e1pida<\/strong>: 4K\/60Hz resolution for crisp, sharp images; higher rates at lower resolutions<\/li>\n<li class=\"text-th-primary-dark\"><strong>HDR Din\u00e2mico<\/strong>: Otimiza contraste, profundidade, brilho e gama de cores quadro a quadro<\/li>\n<li class=\"text-th-primary-dark\"><strong>eARC aprimorado<\/strong>: Simplifica a conectividade e a otimiza\u00e7\u00e3o de \u00e1udio para v\u00e1rios componentes<\/li>\n<li class=\"text-th-primary-dark\"><strong>\u00c1udio de alta qualidade<\/strong>: Suporta at\u00e9 192 kHz, 24 bits, 5.1 e 7.1 n\u00e3o compactados, formatos sem perdas Dolby e \u00e1udio de 32 canais<\/li>\n<li class=\"text-th-primary-dark\"><strong>VRR para jogos<\/strong>: Jogabilidade fluida com lag m\u00ednimo, trepida\u00e7\u00e3o e quebra de quadro<\/li>\n<li class=\"text-th-primary-dark\"><strong>Caracter\u00edsticas avan\u00e7adas<\/strong>: Suporta EDID, fun\u00e7\u00e3o de detec\u00e7\u00e3o autom\u00e1tica, ALLM, QMS e QFT<\/li>\n<li class=\"text-th-primary-dark\"><strong>Constru\u00e7\u00e3o dur\u00e1vel<\/strong>: Carca\u00e7a em liga de zinco, conectores banhados a ouro resistentes \u00e0 corros\u00e3o<\/li>\n<li class=\"text-th-primary-dark\"><strong>Resist\u00eancia EMI<\/strong>: Alta resist\u00eancia \u00e0 interfer\u00eancia eletromagn\u00e9tica, garantindo um ambiente seguro e livre de radia\u00e7\u00e3o<\/li>\n<li class=\"text-th-primary-dark\"><strong>Customiz\u00e1vel<\/strong>: Up to 300m maximum length (30m max for ARC), custom length, logo, and packaging available<\/li>\n<\/ul>\n<p><strong>Formul\u00e1rios:<\/strong><\/p>\n<ul>\n<li>Assinatura digital<\/li>\n<li>Sinais e monitores de LED para est\u00e1dios, hospitais, shoppings<\/li>\n<li>Equipamento de imagiologia m\u00e9dica<\/li>\n<li>Sistema de informa\u00e7\u00f5es de v\u00eddeo de embarque no aeroporto<\/li>\n<li>Home Theater, Blu-ray, v\u00eddeo 3D, projetor, set-top box, DVR, controle de console de jogos e conex\u00e3o de monitor<\/li>\n<li>Esta\u00e7\u00e3o de r\u00e1dio e TV<\/li>\n<li>Equipamento de videoconfer\u00eancia<\/li>\n<li>Sistema de monitoramento de seguran\u00e7a<\/li>\n<\/ul>","protected":false},"excerpt":{"rendered":"<p>-Extend full 4096 x 2160 \/ 3840 x 2160 (4K) at 60Hz 4:4:4 video signals up to 300m (1000ft)<\/p>\n<p>-Fully supports HDMI 2.0 spec, including ARC, 21:9 Aspect Ratio and more<\/p>\n<p>-PCM, DTS-HD Master and Dolby Digital True HD Surround Sound compatible<\/p>\n<p>-Perfil EMI\/RFI praticamente nulo para um desempenho sem falhas<\/p>\n<p>-O design h\u00edbrido de fibra\/cobre n\u00e3o requer alimenta\u00e7\u00e3o externa<\/p>\n<p>-Supports HDCP 2.2 \/ EDID \/ DDC \/ CEC<\/p>","protected":false},"featured_media":1124,"comment_status":"open","ping_status":"closed","template":"","meta":{"rs_blank_template":"","rs_page_bg_color":"","slide_template_v7":""},"product_brand":[],"product_cat":[488,489,490,37,76,492,24,108,493],"product_tag":[45,421,429,42,44,43,30,430,426,298,424,31,431,422,46,47,425,423,427,428,29],"class_list":{"0":"post-1112","1":"product","2":"type-product","3":"status-publish","4":"has-post-thumbnail","6":"product_cat-solution-audio-visual","7":"product_cat-solution-education","8":"product_cat-solution-hd-conferences","9":"product_cat-hdmi-2-0","10":"product_cat-hot-sellers","11":"product_cat-solution-medical","12":"product_cat-optical-hdmi-cables","13":"product_cat-shop","14":"product_cat-solution-smart-home","15":"product_tag-4k-active-optical-cable","16":"product_tag-4k-fiber-optic-hdmi","17":"product_tag-4k-fiber-optic-hdmi-cable","18":"product_tag-4k-fiber-optical-cable","19":"product_tag-4k-hdmi-fiber-cable","20":"product_tag-active-hdmi-2-0-cable","21":"product_tag-active-hdmi-cable","22":"product_tag-best-fiber-optic-hdmi-cable","23":"product_tag-fiber-optic-cable-hdmi","24":"product_tag-fiber-optic-hdmi","25":"product_tag-fiber-optic-hdmi-aoc-cable","26":"product_tag-fiber-optic-hdmi-cable","27":"product_tag-fiber-optic-hdmi-cable-benefits","28":"product_tag-fiber-optic-hdmi2-0","29":"product_tag-hdmi-2-0-active-optical-cable","30":"product_tag-hdmi-2-0-optical-cable","31":"product_tag-hdmi-aoc-cable","32":"product_tag-hdmi2-0-aoc","33":"product_tag-high-speed-hdmi-cable","34":"product_tag-long-distance-hdmi-cable","35":"product_tag-optical-hdmi-cable","37":"first","38":"instock","39":"shipping-taxable","40":"product-type-variable"},"aioseo_notices":[],"_links":{"self":[{"href":"https:\/\/www.aocfiberlink.com\/pt\/wp-json\/wp\/v2\/product\/1112","targetHints":{"allow":["GET"]}}],"collection":[{"href":"https:\/\/www.aocfiberlink.com\/pt\/wp-json\/wp\/v2\/product"}],"about":[{"href":"https:\/\/www.aocfiberlink.com\/pt\/wp-json\/wp\/v2\/types\/product"}],"replies":[{"embeddable":true,"href":"https:\/\/www.aocfiberlink.com\/pt\/wp-json\/wp\/v2\/comments?post=1112"}],"wp:featuredmedia":[{"embeddable":true,"href":"https:\/\/www.aocfiberlink.com\/pt\/wp-json\/wp\/v2\/media\/1124"}],"wp:attachment":[{"href":"https:\/\/www.aocfiberlink.com\/pt\/wp-json\/wp\/v2\/media?parent=1112"}],"wp:term":[{"taxonomy":"product_brand","embeddable":true,"href":"https:\/\/www.aocfiberlink.com\/pt\/wp-json\/wp\/v2\/product_brand?post=1112"},{"taxonomy":"product_cat","embeddable":true,"href":"https:\/\/www.aocfiberlink.com\/pt\/wp-json\/wp\/v2\/product_cat?post=1112"},{"taxonomy":"product_tag","embeddable":true,"href":"https:\/\/www.aocfiberlink.com\/pt\/wp-json\/wp\/v2\/product_tag?post=1112"}],"curies":[{"name":"wp","href":"https:\/\/api.w.org\/{rel}","templated":true}]}}