{"id":1158,"date":"2023-01-02T08:00:14","date_gmt":"2023-01-02T00:00:14","guid":{"rendered":"https:\/\/www.aocfiberlink.com\/?post_type=product&#038;p=1158"},"modified":"2025-10-25T10:34:32","modified_gmt":"2025-10-25T02:34:32","slug":"4k-hdmi-fibra-ativa-optica-cabo-4","status":"publish","type":"product","link":"https:\/\/www.aocfiberlink.com\/pt\/product\/15m-usbc-to-hdmi-fiber-active-optical-cable-4k\/","title":{"rendered":"Cabo \u00f3tico ativo de fibra USB-C para HDMI-AOC-4K\/60Hz-15m"},"content":{"rendered":"<p>O FCZH-2003 <strong>Cabo \u00f3tico ativo (AOC) de fibra USB-C para 4K HDMI 2.0<\/strong> \u00e9 um cabo especializado concebido para transmitir sinais de v\u00eddeo e \u00e1udio de alta defini\u00e7\u00e3o 4K\/60Hz de uma porta USB-C para um ecr\u00e3 HDMI. Este cabo USB-C para HDMI Active Optical Cable (AOC) oferece uma solu\u00e7\u00e3o pr\u00e1tica para ligar o seu dispositivo USB-C diretamente a um monitor HDMI, projetor ou televisor, como um MacBook, iPad Pro, Dell XPS 15 ou qualquer telem\u00f3vel com USB-C. N\u00e3o \u00e9 necess\u00e1rio qualquer controlador, pelo que \u00e9 f\u00e1cil de configurar e utilizar.<\/p>\n<p>O USB tipo C para HDMI AOC suporta resolu\u00e7\u00e3o de v\u00eddeo at\u00e9 3840\u00d72160 a 60Hz (4K * 2K) e Full HD 1080P a 60Hz, suportando o modo de espelho ou o modo de extens\u00e3o. Com o seu design fino e leve, o AOC USB-C para HDMI ajuda a reduzir a confus\u00e3o de cabos, permitindo-lhe posicionar os seus dispositivos em qualquer lugar do seu espa\u00e7o de trabalho.<\/p>\n<p><strong>Recursos de destaque:<\/strong><\/p>\n<ul>\n<li><strong>Suporte de alta resolu\u00e7\u00e3o:<\/strong>Suporta resolu\u00e7\u00f5es de v\u00eddeo at\u00e9 3840\u00d72160 a 60 Hz (4K) e Full HD 1080P a 60 Hz, proporcionando uma qualidade de imagem espantosa em monitores ou televisores 4K.<\/li>\n<li><strong>Resist\u00eancia EMI: <\/strong>Elevada resist\u00eancia \u00e0s interfer\u00eancias electromagn\u00e9ticas, garantindo um ambiente seguro e sem radia\u00e7\u00f5es<\/li>\n<li><strong>Sincroniza\u00e7\u00e3o de \u00e1udio e v\u00eddeo:<\/strong>Transmite sinais de \u00e1udio e v\u00eddeo em simult\u00e2neo, suportando o modo de espelho e o modo de extens\u00e3o para op\u00e7\u00f5es de visualiza\u00e7\u00e3o flex\u00edveis.<\/li>\n<li><strong>Transmiss\u00e3o a longa dist\u00e2ncia:<\/strong>A fibra \u00f3tica de quatro n\u00facleos transmite sinais DP sem atenua\u00e7\u00e3o, suportando dist\u00e2ncias de transmiss\u00e3o at\u00e9 60 m.<\/li>\n<li><strong>Compatibilidade alargada:<\/strong>Em conformidade com o modo alternativo DP na norma USB-C e compat\u00edvel com todos os dispositivos da norma DisplayPort 1.2.<\/li>\n<li><strong>Cabo de fibra superior:<\/strong>Proporciona uma atenua\u00e7\u00e3o de sinal extremamente baixa e imunidade a interfer\u00eancias RF, garantindo uma transmiss\u00e3o de alta qualidade.<\/li>\n<li><strong>Leve e duradouro:<\/strong>30% mais leve do que os cabos de cobre convencionais com um inv\u00f3lucro compacto em liga de zinco para uma maior resist\u00eancia ao desgaste e uma vida \u00fatil melhorada.<\/li>\n<li><strong>Carater\u00edsticas avan\u00e7adas:<\/strong>Suporta 4K@60Hz com subamostragem de croma 4:4:4, efeitos visuais 3D, HDCP 2.2 e HDR.<\/li>\n<li><strong>Alta taxa de dados:<\/strong>Fornece uma taxa de dados de 10 Gbps de largura de banda.<\/li>\n<li><strong>Plug and Play:<\/strong>N\u00e3o \u00e9 necess\u00e1ria qualquer fonte de alimenta\u00e7\u00e3o externa ou instala\u00e7\u00e3o de controlador, com um consumo de energia ultra-baixo de 500mW.<\/li>\n<li><strong>Conce\u00e7\u00e3o robusta:<\/strong>O inv\u00f3lucro em liga de zinco proporciona interfer\u00eancia anti-electromagn\u00e9tica e maior durabilidade, adequado para a cablagem de tubos.<\/li>\n<li><strong>Ampla gama de temperaturas: <\/strong>Funciona em temperaturas de -40\u2103 a 70\u2103.<\/li>\n<li class=\"text-th-primary-dark\"><strong>Customiz\u00e1vel<\/strong>: Comprimento m\u00e1ximo at\u00e9 60 m, comprimento, log\u00f3tipo e embalagem personalizados dispon\u00edveis<\/li>\n<\/ul>\n<p><strong>Formul\u00e1rios:<\/strong>\u00a0Ideal para v\u00e1rias aplica\u00e7\u00f5es profissionais e de consumo, incluindo:<\/p>\n<ul>\n<li>Sistemas de entretenimento dom\u00e9stico<\/li>\n<li>Configura\u00e7\u00f5es profissionais de v\u00eddeo e \u00e1udio<\/li>\n<li>Salas de confer\u00eancia e ambientes de escrit\u00f3rio<\/li>\n<li>Ambientes educativos<\/li>\n<li>Configura\u00e7\u00f5es de jogos<\/li>\n<\/ul>\n<p><strong>Vantagens em rela\u00e7\u00e3o aos cabos tradicionais:<\/strong><\/p>\n<ul>\n<li>Dist\u00e2ncias de transmiss\u00e3o mais longas sem perda de sinal<\/li>\n<li>Imunidade a interfer\u00eancias electromagn\u00e9ticas (EMI)<\/li>\n<li>Mais leve e mais fino do que os cabos de cobre tradicionais<\/li>\n<\/ul>\n<p><strong>Dispositivos Compat\u00edveis\u00a0<\/strong><\/p>\n<ul>\n<li>MacBook 12\u201c\/ 13\u201d \/ 15 \u201c<\/li>\n<li>MacBook Pro 2016\/2017\/2018\/2020<\/li>\n<li>MacBook Air 2018\/2019\/2020<\/li>\n<li>iPad Pro 2018\/2020<\/li>\n<li>Samsung Galaxy S20 \/ S10 \/ S9 \/ S8 \/ S8 + \/ Note 10\/ Note 10 \/ 9 \/ 8<\/li>\n<li>Huawei P 40 \/ 30 \/ 20 \/ Mate 40 \/ 30 \/ 20 \/ 10 \/ Matebook X\/ Matebook X Pro<\/li>\n<li>Dell XPS 13, XPS 15 , XPS 17, XPS 13 2 EM 1, Inspiron 5000\/7000, Inspiron Gaming 7000, AlienWare 13\/15<\/li>\n<li>Lenovo Miix 510, ThinkPad 13 (2017), Yoga 900<\/li>\n<li>Acer Switch 3 \/ Acer Switch 5 \/ Acer Switch Alpha 12<\/li>\n<li>Google ChromeBook Pixel (2015)<\/li>\n<li>HP ENVY X360 15, ENVY 13 (2017), EliteBook folio G1<\/li>\n<li>Oneplus 7 Pro<\/li>\n<\/ul>\n<p><a href=\"https:\/\/www.aocfiberlink.com\/pt\/\">Shenzhen Fiberlink Tech Co., Ltd<\/a> est\u00e1 na vanguarda da <a href=\"https:\/\/www.aocfiberlink.com\/pt\/categoria-produto\/optical-hdmi-cables\/\">cabo HDMI de fibra \u00f3ptica<\/a> tecnologia. O nosso compromisso com a investiga\u00e7\u00e3o e o desenvolvimento, associado a um rigoroso controlo de qualidade, permitiu-nos simplificar os processos de fabrico e fornecer produtos excepcionais. Esta dedica\u00e7\u00e3o solidificou a nossa posi\u00e7\u00e3o como l\u00edder global na ind\u00fastria da fibra \u00f3tica.<\/p>","protected":false},"excerpt":{"rendered":"<p>-Estende sinais de v\u00eddeo 2160p e 4K@60Hz at\u00e9 60 m (198 p\u00e9s)<\/p>\n<p>-Suporta o modo alternativo DisplayPort USB-C para converter sinais de \u00e1udio\/v\u00eddeo<\/p>\n<p>-Transmite v\u00eddeo 4K n\u00edtido e cristalino com HDR e cor 4:2:2<\/p>\n<p>-O cabo de fibra avan\u00e7ada \u00e9 mais f\u00e1cil de instalar do que o cabo de cobre<\/p>\n<p>-Perfil EMI\/RFI praticamente nulo para um desempenho sem falhas<\/p>\n<p>-O design h\u00edbrido de fibra\/cobre n\u00e3o requer alimenta\u00e7\u00e3o externa<\/p>\n<p>O conetor USB-C revers\u00edvel liga-se em qualquer dire\u00e7\u00e3o<\/p>","protected":false},"featured_media":1169,"comment_status":"open","ping_status":"closed","template":"","meta":{"rs_blank_template":"","rs_page_bg_color":"","slide_template_v7":""},"product_brand":[],"product_cat":[488,489,490,38,76,492,24,108,493],"product_tag":[45,421,42,44,43,441,430,426,298,31,422,46,47,300,425,442,443,423,427,428,445,439,444,440],"class_list":{"0":"post-1158","1":"product","2":"type-product","3":"status-publish","4":"has-post-thumbnail","6":"product_cat-solution-audio-visual","7":"product_cat-solution-education","8":"product_cat-solution-hd-conferences","9":"product_cat-hdmi-2-1","10":"product_cat-hot-sellers","11":"product_cat-solution-medical","12":"product_cat-optical-hdmi-cables","13":"product_cat-shop","14":"product_cat-solution-smart-home","15":"product_tag-4k-active-optical-cable","16":"product_tag-4k-fiber-optic-hdmi","17":"product_tag-4k-fiber-optical-cable","18":"product_tag-4k-hdmi-fiber-cable","19":"product_tag-active-hdmi-2-0-cable","20":"product_tag-aoc-fiber-link","21":"product_tag-best-fiber-optic-hdmi-cable","22":"product_tag-fiber-optic-cable-hdmi","23":"product_tag-fiber-optic-hdmi","24":"product_tag-fiber-optic-hdmi-cable","25":"product_tag-fiber-optic-hdmi2-0","26":"product_tag-hdmi-2-0-active-optical-cable","27":"product_tag-hdmi-2-0-optical-cable","28":"product_tag-hdmi-active-optical-cable","29":"product_tag-hdmi-aoc-cable","30":"product_tag-hdmi-fiber-active-optical-cable","31":"product_tag-hdmi-fiber-optical-cable","32":"product_tag-hdmi2-0-aoc","33":"product_tag-high-speed-hdmi-cable","34":"product_tag-long-distance-hdmi-cable","35":"product_tag-usb-c-to-hdmi-aoc","36":"product_tag-usb-c-to-hdmi-aoc-cable","37":"product_tag-usb-c-to-hdmi-cable","38":"product_tag-usb-c-to-hdmi-fiber","40":"first","41":"instock","42":"shipping-taxable","43":"product-type-variable"},"aioseo_notices":[],"_links":{"self":[{"href":"https:\/\/www.aocfiberlink.com\/pt\/wp-json\/wp\/v2\/product\/1158","targetHints":{"allow":["GET"]}}],"collection":[{"href":"https:\/\/www.aocfiberlink.com\/pt\/wp-json\/wp\/v2\/product"}],"about":[{"href":"https:\/\/www.aocfiberlink.com\/pt\/wp-json\/wp\/v2\/types\/product"}],"replies":[{"embeddable":true,"href":"https:\/\/www.aocfiberlink.com\/pt\/wp-json\/wp\/v2\/comments?post=1158"}],"wp:featuredmedia":[{"embeddable":true,"href":"https:\/\/www.aocfiberlink.com\/pt\/wp-json\/wp\/v2\/media\/1169"}],"wp:attachment":[{"href":"https:\/\/www.aocfiberlink.com\/pt\/wp-json\/wp\/v2\/media?parent=1158"}],"wp:term":[{"taxonomy":"product_brand","embeddable":true,"href":"https:\/\/www.aocfiberlink.com\/pt\/wp-json\/wp\/v2\/product_brand?post=1158"},{"taxonomy":"product_cat","embeddable":true,"href":"https:\/\/www.aocfiberlink.com\/pt\/wp-json\/wp\/v2\/product_cat?post=1158"},{"taxonomy":"product_tag","embeddable":true,"href":"https:\/\/www.aocfiberlink.com\/pt\/wp-json\/wp\/v2\/product_tag?post=1158"}],"curies":[{"name":"wp","href":"https:\/\/api.w.org\/{rel}","templated":true}]}}