{"id":1171,"date":"2023-01-02T08:10:10","date_gmt":"2023-01-02T00:10:10","guid":{"rendered":"https:\/\/www.aocfiberlink.com\/?post_type=product&#038;p=1171"},"modified":"2025-10-25T10:35:04","modified_gmt":"2025-10-25T02:35:04","slug":"4k-hdmi-fibra-ativa-optica-cabo-5","status":"publish","type":"product","link":"https:\/\/www.aocfiberlink.com\/pt\/product\/8k-displayport-to-hdmi-fiber-active-optical-cable-aoc\/","title":{"rendered":"Cabo \u00f3tico ativo de fibra DisplayPort1.4 para HDMI-AOC-8K\/60Hz,20m"},"content":{"rendered":"<p>O FDZH-2103 <strong>Cabo \u00f3tico ativo (AOC) de fibra DisplayPort 1.4 para HDMI<\/strong> \u00e9 um cabo especializado concebido para transmitir sinais de v\u00eddeo e \u00e1udio de alta defini\u00e7\u00e3o 8K\/60Hz de uma porta DisplayPort 1.4 para um ecr\u00e3 HDMI. Este cabo DisplayPort 1.4 para HDMI Active Optical Cable (AOC) oferece uma solu\u00e7\u00e3o pr\u00e1tica para ligar o seu dispositivo DisplayPort 1.4 diretamente a um monitor HDMI, ecr\u00e3 LED, sinaliza\u00e7\u00e3o, projetor ou televisor. N\u00e3o \u00e9 necess\u00e1rio qualquer controlador, pelo que \u00e9 f\u00e1cil de configurar e utilizar.<\/p>\n<p>O AOC DisplayPort 1.4 para HDMI suporta resolu\u00e7\u00e3o de v\u00eddeo 8K (4096\u00d72160) a 60 Hz at\u00e9 60 m (200 p\u00e9s) atrav\u00e9s de um cabo h\u00edbrido com classifica\u00e7\u00e3o plenum, suportando o modo espelho ou o modo extens\u00e3o. Com o seu design fino e leve, o cabo \u00f3tico ativo (AOC) de fibra DisplayPort 1.4 para HDMI ajuda a reduzir a confus\u00e3o de cabos, permitindo-lhe posicionar os seus dispositivos em qualquer parte do seu espa\u00e7o de trabalho.<\/p>\n<p><strong>Recursos de destaque:<\/strong><\/p>\n<ul>\n<li><strong>Suporte de alta resolu\u00e7\u00e3o: <\/strong>Suporta resolu\u00e7\u00f5es de v\u00eddeo at\u00e9 3840\u00d72160 a 60 Hz (4K) e Full HD 1080P a 60 Hz, proporcionando uma qualidade de imagem espantosa em monitores ou televisores 4K.<\/li>\n<li><strong>Dist\u00e2ncia alargada: <\/strong>Transmite resolu\u00e7\u00e3o de v\u00eddeo 4K (4096\u00d72160) a 60 Hz at\u00e9 60 m (200 p\u00e9s) atrav\u00e9s de cabo h\u00edbrido com classifica\u00e7\u00e3o plenum, suportando o modo espelho ou o modo alargado.<\/li>\n<li><strong>Resist\u00eancia EMI: <\/strong>Cabo h\u00edbrido altamente resistente a interfer\u00eancias electromagn\u00e9ticas, garantindo um ambiente seguro e livre de radia\u00e7\u00f5es.<\/li>\n<li><strong>Convers\u00e3o de sinal: <\/strong>Converte o sinal DisplayPort 1.4 em sinal HDMI 2.0 e transmite at\u00e9 60 m (200 p\u00e9s) atrav\u00e9s de um cabo h\u00edbrido.<\/li>\n<li><strong>Baixo consumo de energia: <\/strong>Menos de 0,5 W em cada extremidade, garantindo a efici\u00eancia energ\u00e9tica.<\/li>\n<li><strong>Plug and Play: <\/strong>N\u00e3o \u00e9 necess\u00e1ria qualquer fonte de alimenta\u00e7\u00e3o externa ou instala\u00e7\u00e3o de controladores, com um consumo de energia ultra-baixo.<\/li>\n<li><strong>Suporte de conte\u00fado 3D: <\/strong>Compat\u00edvel com a norma HDMI 2.0 e suporta a transmiss\u00e3o de conte\u00fados 3D.<\/li>\n<li><strong>Suporte HDCP: <\/strong>Assegura a compatibilidade com conte\u00fados protegidos por HDCP.<\/li>\n<li><strong>Auto-dete\u00e7\u00e3o EDID: <\/strong>A fun\u00e7\u00e3o de auto-dete\u00e7\u00e3o das informa\u00e7\u00f5es EDID assegura a compatibilidade com diferentes dispositivos.<\/li>\n<li><strong>Sinal cristalino: <\/strong>N\u00e3o h\u00e1 perda de sinal, fornecendo instantaneamente imagens digitais cristalinas.<\/li>\n<li><strong>Alta taxa de dados: <\/strong>Fornece um d\u00e9bito de dados de 32,4 Gbps de largura de banda.<\/li>\n<li><strong>Conce\u00e7\u00e3o robusta: <\/strong>O inv\u00f3lucro em liga de zinco proporciona interfer\u00eancia anti-electromagn\u00e9tica e maior durabilidade, adequado para a cablagem de tubos.<\/li>\n<li><strong>Ampla gama de temperaturas: <\/strong>Funciona em temperaturas de -40\u2103 a 70\u2103.<\/li>\n<li><strong>Personaliz\u00e1vel: <\/strong>Comprimento m\u00e1ximo at\u00e9 60 m, com comprimento, log\u00f3tipo e embalagem personalizados dispon\u00edveis.<\/li>\n<\/ul>\n<p><strong>Formul\u00e1rios:<\/strong>\u00a0Ideal para v\u00e1rias aplica\u00e7\u00f5es profissionais e de consumo, incluindo:<\/p>\n<ul>\n<li>Sinaliza\u00e7\u00e3o digital<\/li>\n<li>Pain\u00e9is LED nas ruas e nos est\u00e1dios<\/li>\n<li>Equipamento de imagem m\u00e9dica<\/li>\n<li>Sistema de v\u00eddeo a bordo do avi\u00e3o<\/li>\n<li>Cinema em casa<\/li>\n<li>Blue-ray, v\u00eddeo 3D, projetor, set-up box, DVR, consolas de jogos e computador<\/li>\n<li>Esta\u00e7\u00e3o de transmiss\u00e3o de TV<\/li>\n<li>Equipamento de v\u00eddeo para sala de confer\u00eancia<\/li>\n<li>Sistemas de seguran\u00e7a<\/li>\n<\/ul>\n<p><strong>Vantagens em rela\u00e7\u00e3o aos cabos tradicionais:<\/strong><\/p>\n<ul>\n<li>Dist\u00e2ncias de transmiss\u00e3o mais longas sem perda de sinal<\/li>\n<li>Imunidade a interfer\u00eancias electromagn\u00e9ticas (EMI)<\/li>\n<li>Mais leve e mais fino do que os cabos de cobre tradicionais<\/li>\n<\/ul>\n<p><a href=\"https:\/\/www.aocfiberlink.com\/pt\/\">Shenzhen Fiberlink Tech Co., Ltd<\/a> est\u00e1 na vanguarda da <a href=\"https:\/\/www.aocfiberlink.com\/pt\/categoria-produto\/optical-hdmi-cables\/\">cabo HDMI de fibra \u00f3ptica<\/a> tecnologia. O nosso compromisso com a investiga\u00e7\u00e3o e o desenvolvimento, associado a um rigoroso controlo de qualidade, permitiu-nos simplificar os processos de fabrico e fornecer produtos excepcionais. Esta dedica\u00e7\u00e3o solidificou a nossa posi\u00e7\u00e3o como l\u00edder global na ind\u00fastria da fibra \u00f3tica.<\/p>","protected":false},"excerpt":{"rendered":"<p>-Estende sinais de v\u00eddeo 2160p e 4K@60Hz at\u00e9 60 m (200 p\u00e9s)<\/p>\n<p>-Compat\u00edvel com a norma HDMI 2.0<\/p>\n<p>-Transmite v\u00eddeo 4K n\u00edtido e cristalino com HDR e cor 4:2:2<\/p>\n<p>-O cabo de fibra avan\u00e7ada \u00e9 mais f\u00e1cil de instalar do que o cabo de cobre<\/p>\n<p>-Perfil EMI\/RFI praticamente nulo para um desempenho sem falhas<\/p>\n<p>-O design h\u00edbrido de fibra\/cobre n\u00e3o requer alimenta\u00e7\u00e3o externa<\/p>\n<p>-Suporta a transmiss\u00e3o de conte\u00fados 3D<\/p>","protected":false},"featured_media":1181,"comment_status":"open","ping_status":"closed","template":"","meta":{"rs_blank_template":"","rs_page_bg_color":"","slide_template_v7":""},"product_brand":[],"product_cat":[488,489,490,38,76,492,24,108,493],"product_tag":[281,452,169,451,40,441,447,448,297,296,446,449,450,300,425,442,32,443,453,29],"class_list":{"0":"post-1171","1":"product","2":"type-product","3":"status-publish","4":"has-post-thumbnail","6":"product_cat-solution-audio-visual","7":"product_cat-solution-education","8":"product_cat-solution-hd-conferences","9":"product_cat-hdmi-2-1","10":"product_cat-hot-sellers","11":"product_cat-solution-medical","12":"product_cat-optical-hdmi-cables","13":"product_cat-shop","14":"product_cat-solution-smart-home","15":"product_tag-8k-active-optical-cable","16":"product_tag-8k-hdmi-active-optical-cable","17":"product_tag-8k-hdmi-aoc","18":"product_tag-8k-hdmi-fiber","19":"product_tag-8k-hdmi-fiber-cable","20":"product_tag-aoc-fiber-link","21":"product_tag-displayport1-4-to-hdmi-aoc","22":"product_tag-displayport1-4-to-hdmi-fiber","23":"product_tag-dp1-4-active-optical-cable","24":"product_tag-dp1-4-aoc","25":"product_tag-dp1-4-to-hdmi-aoc","26":"product_tag-fiber-optic-displayport-cable","27":"product_tag-fiber-optic-dp-cable","28":"product_tag-hdmi-active-optical-cable","29":"product_tag-hdmi-aoc-cable","30":"product_tag-hdmi-fiber-active-optical-cable","31":"product_tag-hdmi-fiber-cable","32":"product_tag-hdmi-fiber-optical-cable","33":"product_tag-hdmi2-1-aoc-cable","34":"product_tag-optical-hdmi-cable","36":"first","37":"instock","38":"shipping-taxable","39":"product-type-variable"},"aioseo_notices":[],"_links":{"self":[{"href":"https:\/\/www.aocfiberlink.com\/pt\/wp-json\/wp\/v2\/product\/1171","targetHints":{"allow":["GET"]}}],"collection":[{"href":"https:\/\/www.aocfiberlink.com\/pt\/wp-json\/wp\/v2\/product"}],"about":[{"href":"https:\/\/www.aocfiberlink.com\/pt\/wp-json\/wp\/v2\/types\/product"}],"replies":[{"embeddable":true,"href":"https:\/\/www.aocfiberlink.com\/pt\/wp-json\/wp\/v2\/comments?post=1171"}],"wp:featuredmedia":[{"embeddable":true,"href":"https:\/\/www.aocfiberlink.com\/pt\/wp-json\/wp\/v2\/media\/1181"}],"wp:attachment":[{"href":"https:\/\/www.aocfiberlink.com\/pt\/wp-json\/wp\/v2\/media?parent=1171"}],"wp:term":[{"taxonomy":"product_brand","embeddable":true,"href":"https:\/\/www.aocfiberlink.com\/pt\/wp-json\/wp\/v2\/product_brand?post=1171"},{"taxonomy":"product_cat","embeddable":true,"href":"https:\/\/www.aocfiberlink.com\/pt\/wp-json\/wp\/v2\/product_cat?post=1171"},{"taxonomy":"product_tag","embeddable":true,"href":"https:\/\/www.aocfiberlink.com\/pt\/wp-json\/wp\/v2\/product_tag?post=1171"}],"curies":[{"name":"wp","href":"https:\/\/api.w.org\/{rel}","templated":true}]}}