{"id":1714,"date":"2023-01-01T11:35:22","date_gmt":"2023-01-01T03:35:22","guid":{"rendered":"https:\/\/www.aocfiberlink.com\/?post_type=product&#038;p=1714"},"modified":"2025-10-25T10:30:03","modified_gmt":"2025-10-25T02:30:03","slug":"dvi-d-aoc-hybrid-active-optical-fiber-cable-10-2gbps-4k30hz-2","status":"publish","type":"product","link":"https:\/\/www.aocfiberlink.com\/pt\/product\/dvi-fiber-active-optical-cable-aoc-4k30hz\/","title":{"rendered":"Cabo \u00f3tico ativo de fibra DVI-AOC 10,2 Gbps 4K@30Hz"},"content":{"rendered":"<p>O serrim FDVC-2001 <strong>Cabos \u00f3pticos activos de fibra DVI, <\/strong> tamb\u00e9m \u00e9 conhecido como DVI AOC, cabo \u00f3tico ativo DVI, cabo de fibra \u00f3tica DVI, cabo \u00f3tico DVI, cabo DVI ativo, extensor DVI sobre cabo de fibra \u00f3tica. Trata-se de uma nova gera\u00e7\u00e3o de cabos \u00f3pticos activos (AOC) avan\u00e7ados que utiliza tecnologia de ponta para proporcionar uma resolu\u00e7\u00e3o, um desempenho e um valor sem precedentes. Este Cabo \u00d3tico Ativo DVI FDVC-2001 oferece um design compacto, transmiss\u00e3o fi\u00e1vel de sinais WUXGA (1920\u00d71200) ou 1080p@60Hz (4K 30Hz) at\u00e9 100m. Com baixo consumo de energia e suporte para EDID e HDCP, proporciona f\u00e1cil instala\u00e7\u00e3o e compatibilidade para maior flexibilidade em diversos ambientes.<\/p>\n<p>Projetados para durabilidade e confiabilidade, os cabos de fibra \u00f3tica ativa DVI apresentam um revestimento TPU de n\u00edvel industrial, que fornece prote\u00e7\u00e3o excecional e permite que esses cabos operem perfeitamente em uma ampla faixa de temperatura, de -40 \u2103 a +80 \u2103. Com esta constru\u00e7\u00e3o robusta, estes cabos s\u00e3o ideais para ambientes exigentes, tais como <a href=\"https:\/\/www.aocfiberlink.com\/pt\/medico\/\">Cirurgias m\u00e9dicas<\/a>, <a href=\"https:\/\/www.aocfiberlink.com\/pt\/audiovisual-2\/\">Aluguer de eventos ao vivo<\/a>, Aplica\u00e7\u00f5es militares, instala\u00e7\u00f5es a bordo de navios, instala\u00e7\u00f5es tempor\u00e1rias ou qualquer cen\u00e1rio que exija conetividade HDMI alargada em condi\u00e7\u00f5es dif\u00edceis.<\/p>\n<p><strong>Recursos de destaque:<\/strong><\/p>\n<ul>\n<li>Estende WUXGA (1920\u00d71200) a 60 Hz ou 1080p a 60 Hz (36 bits, 3,4 Gbps\/ch)<\/li>\n<li>Interface DVI de canal \u00fanico, suporta largura de banda de at\u00e9 10,2 Gbps<\/li>\n<li>Mais fino, mais leve e mais macio que o cabo de cobre convencional<\/li>\n<li>Operado por fonte DVI sem alimenta\u00e7\u00e3o externa<\/li>\n<li>Transmite dados DVI at\u00e9 100 m (328 p\u00e9s) por cabo h\u00edbrido \u00f3ptico<\/li>\n<li>Suporta transmiss\u00e3o de conte\u00fado 3D<\/li>\n<li>Compat\u00edvel com EDID, HDCP<\/li>\n<li>Prolonga qualquer resolu\u00e7\u00e3o DVI Single-Link at\u00e9 100 metros (328 p\u00e9s)<\/li>\n<\/ul>\n<p><strong>Formul\u00e1rios:<\/strong><\/p>\n<ul>\n<p>Conector A: DVI-D 24+1 macho<br \/>\nConector B: DVI-D 24+1 macho<br \/>\nCabo: Fibra de 4 n\u00facleos e cabo h\u00edbrido de cobre de 8 n\u00facleos<br \/>\nProtocolos suportados: DVI<br \/>\nComprimento: At\u00e9 100 m (328 p\u00e9s)<br \/>\nDi\u00e2metro do cabo: 4,0 mm<br \/>\nRevestimento:         \tPVC, compat\u00edvel com a Diretiva RoHS<br \/>\nResolu\u00e7\u00e3o de v\u00eddeo: 4K@30Hz, 1080P<br \/>\nLargura de banda: 10,2 Gbps<br \/>\nRaio de curvatura m\u00ednimo: 40 mm<br \/>\nFonte de alimenta\u00e7\u00e3o:   \tN\u00e3o \u00e9 necess\u00e1ria uma fonte de alimenta\u00e7\u00e3o externa, plug and play<\/p>\n<\/ul>\n<p><strong>Formul\u00e1rios:<\/strong><\/p>\n<ul>\n<li>Assinatura digital<\/li>\n<li>Sinais e monitores de LED para est\u00e1dios, hospitais, shoppings<\/li>\n<li>Equipamento de imagiologia m\u00e9dica<\/li>\n<li>Sistema de informa\u00e7\u00f5es de v\u00eddeo de embarque no aeroporto<\/li>\n<li>Home Theater, Blu-ray, v\u00eddeo 3D, projetor, set-top box, DVR, controle de console de jogos e conex\u00e3o de monitor<\/li>\n<li>Esta\u00e7\u00e3o de r\u00e1dio e TV<\/li>\n<li>Equipamento de videoconfer\u00eancia<\/li>\n<li>Sistema de monitoramento de seguran\u00e7a<\/li>\n<\/ul>","protected":false},"excerpt":{"rendered":"<ul>\n<li>Transmiss\u00f5es de longa dist\u00e2ncia de at\u00e9 100m<\/li>\n<li>Suporta at\u00e9 10,2 Gbps<\/li>\n<li>Suporta resolu\u00e7\u00f5es at\u00e9 1080p e 4K2K\/30fps<\/li>\n<li>Nenhuma fonte de alimenta\u00e7\u00e3o externa necess\u00e1ria<\/li>\n<li>Nenhuma radia\u00e7\u00e3o e altamente resistente a EMI<\/li>\n<li>Conector de fonte program\u00e1vel para armazenar informa\u00e7\u00f5es EDID<\/li>\n<\/ul>","protected":false},"featured_media":1716,"comment_status":"open","ping_status":"closed","template":"","meta":{"rs_blank_template":"","rs_page_bg_color":"","slide_template_v7":""},"product_brand":[683],"product_cat":[488,89,37,24,108,493],"product_tag":[94,91,241,95,92,93],"class_list":{"0":"post-1714","1":"product","2":"type-product","3":"status-publish","4":"has-post-thumbnail","6":"product_brand-aocfiberlink","7":"product_cat-solution-audio-visual","8":"product_cat-dvi-aoc","9":"product_cat-hdmi-2-0","10":"product_cat-optical-hdmi-cables","11":"product_cat-shop","12":"product_cat-solution-smart-home","13":"product_tag-active-dvi-cable","14":"product_tag-dvi-active-optical-cable","15":"product_tag-dvi-aoc","16":"product_tag-dvi-extender-over-fiber-optical-cable","17":"product_tag-dvi-fiber-optical-cable","18":"product_tag-optical-dvi-cable","20":"first","21":"instock","22":"shipping-taxable","23":"product-type-simple"},"aioseo_notices":[],"_links":{"self":[{"href":"https:\/\/www.aocfiberlink.com\/pt\/wp-json\/wp\/v2\/product\/1714","targetHints":{"allow":["GET"]}}],"collection":[{"href":"https:\/\/www.aocfiberlink.com\/pt\/wp-json\/wp\/v2\/product"}],"about":[{"href":"https:\/\/www.aocfiberlink.com\/pt\/wp-json\/wp\/v2\/types\/product"}],"replies":[{"embeddable":true,"href":"https:\/\/www.aocfiberlink.com\/pt\/wp-json\/wp\/v2\/comments?post=1714"}],"wp:featuredmedia":[{"embeddable":true,"href":"https:\/\/www.aocfiberlink.com\/pt\/wp-json\/wp\/v2\/media\/1716"}],"wp:attachment":[{"href":"https:\/\/www.aocfiberlink.com\/pt\/wp-json\/wp\/v2\/media?parent=1714"}],"wp:term":[{"taxonomy":"product_brand","embeddable":true,"href":"https:\/\/www.aocfiberlink.com\/pt\/wp-json\/wp\/v2\/product_brand?post=1714"},{"taxonomy":"product_cat","embeddable":true,"href":"https:\/\/www.aocfiberlink.com\/pt\/wp-json\/wp\/v2\/product_cat?post=1714"},{"taxonomy":"product_tag","embeddable":true,"href":"https:\/\/www.aocfiberlink.com\/pt\/wp-json\/wp\/v2\/product_tag?post=1714"}],"curies":[{"name":"wp","href":"https:\/\/api.w.org\/{rel}","templated":true}]}}