{"id":2167,"date":"2023-08-28T08:18:11","date_gmt":"2023-08-28T00:18:11","guid":{"rendered":"https:\/\/www.aocfiberlink.com\/?post_type=product&#038;p=2167"},"modified":"2025-07-08T11:11:43","modified_gmt":"2025-07-08T03:11:43","slug":"retratil-4k-hdmi-2-0-aoc-reel-blindado-ativo-cabo-optico-am-to-am-100m-11","status":"publish","type":"product","link":"https:\/\/www.aocfiberlink.com\/pt\/product\/4fiber-lc-armored-tactical-fiber-optic-cable-reel\/","title":{"rendered":"Bobina de cabo de fibra \u00f3tica t\u00e1tico blindado 4Fiber LC"},"content":{"rendered":"<h5>1000ft Stainless Steel Armored Tactical Fiber Cable terminated with 4 LC Connectors &#8211; Single Mode &#8211; with Roxtone PCD Reel<\/h5>\n<p>Terminated with LC connectors, the FTCD sereis Stainless Steel Armored Tactical Fiber Cables are available in 4\/6\/8\/12\/24 cores and support both single-mode and multi-mode options, ensuring compatibility with various transmission requirements.<\/p>\n<ul>\n<li data-sourcepos=\"7:1-7:67\"><strong>Constru\u00eddo para durar:<\/strong> The FTCD-GA104LC-XXXX series delivers reliable fiber optic connections for demanding environments. Ideal for temporary networks at concerts, festivals, and more.<\/li>\n<li data-sourcepos=\"8:1-8:44\"><strong>Durabilidade de n\u00edvel militar:<\/strong> O cabo blindado de a\u00e7o inoxid\u00e1vel resiste a condi\u00e7\u00f5es adversas, excedendo a resist\u00eancia da fibra padr\u00e3o.<\/li>\n<li data-sourcepos=\"9:1-9:82\"><strong>Implementa\u00e7\u00e3o flex\u00edvel:<\/strong> O design altamente port\u00e1til simplifica a montagem e o enrolamento para m\u00faltiplas utiliza\u00e7\u00f5es. Perfeito para organizadores de eventos e servi\u00e7os de aluguer.<\/li>\n<li data-sourcepos=\"10:1-10:166\"><strong>Configura\u00e7\u00e3o r\u00e1pida e f\u00e1cil:<\/strong> Os conectores LC pr\u00e9-terminados e o tambor de cabo Roxtone PCD garantem uma utiliza\u00e7\u00e3o r\u00e1pida. Inclui extens\u00f5es do tambor de armazenamento para um acesso sem esfor\u00e7o.<\/li>\n<li data-sourcepos=\"11:1-12:0\"><strong>Alcance alargado:<\/strong> Transmit data over long distances (up to 1,000 meters) with high-quality 4\/6\/8\/12\/24 SM or MM fiber.<\/li>\n<\/ul>\n<p data-sourcepos=\"13:1-13:17\"><strong>Carater\u00edsticas principais:<\/strong><\/p>\n<ul data-sourcepos=\"15:1-19:24\">\n<li data-sourcepos=\"15:1-15:51\">Cabo blindado em a\u00e7o inoxid\u00e1vel robusto<\/li>\n<li data-sourcepos=\"16:1-16:46\">Conectores LC pr\u00e9-terminados para uma configura\u00e7\u00e3o r\u00e1pida<\/li>\n<li data-sourcepos=\"17:1-17:48\">Tambor de cabo inquebr\u00e1vel Roxtone PCD com enrolador<\/li>\n<li data-sourcepos=\"18:1-18:34\">Elevada resist\u00eancia ao impacto e ao esmagamento<\/li>\n<li data-sourcepos=\"19:1-19:24\">Funcionamento numa vasta gama de temperaturas<\/li>\n<li data-sourcepos=\"20:1-20:47\">Trav\u00e3o de arrasto ajust\u00e1vel e rebobinamento direto da manivela<\/li>\n<li data-sourcepos=\"21:1-21:37\">Pega permanente para facilitar o transporte<\/li>\n<li data-sourcepos=\"22:1-23:0\">Includes: 4core G657A1 fiber cable, cable drum, zinc alloy caps<\/li>\n<\/ul>\n<p>Este enrolador de cabo de fibra \u00f3tica OM4 blindado t\u00e1tico \u00e9 fornecido com os seguintes acess\u00f3rios:<\/p>\n<ul>\n<li>1x Stainless Steel Armored, TPU Sheathed, 4-core Fiber Optic Cable on both terminations as junction interfaces;<\/li>\n<li>1x Roxtone PCD 235\/310\/380 tambor de cabo port\u00e1til mas inquebr\u00e1vel com enrolador;<\/li>\n<\/ul>\n<p>Crafted with high-quality 4-core G657A1 pure fiber optical cable, this tactical Fiber Optical Cable reel is designed to extend the transmission distance between data source and display devices with a maximum length of 1000 meters for, which offer unmatched transmission capabilities.<\/p>\n<p data-sourcepos=\"24:1-24:17\"><strong>Formul\u00e1rios:<\/strong><\/p>\n<p>These armored fiberr optical cables with reel are designed for durability and reliability in demanding environments such as:<\/p>\n<ul data-sourcepos=\"26:1-31:0\">\n<li data-sourcepos=\"26:1-26:44\">Produ\u00e7\u00e3o e difus\u00e3o de v\u00eddeo \u00e0 dist\u00e2ncia<\/li>\n<li data-sourcepos=\"27:1-27:41\">Implanta\u00e7\u00f5es no terreno em ambientes agressivos<\/li>\n<li data-sourcepos=\"28:1-28:52\">Instala\u00e7\u00f5es tempor\u00e1rias em rede (eventos, concertos)<\/li>\n<li data-sourcepos=\"29:1-29:20\">Zonas de tr\u00e1fego intenso<\/li>\n<li data-sourcepos=\"30:1-31:0\">Aplica\u00e7\u00f5es de seguran\u00e7a e dete\u00e7\u00e3o<\/li>\n<\/ul>\n<p data-sourcepos=\"39:1-39:21\"><strong>Substitui\u00e7\u00f5es para:<\/strong><\/p>\n<ul data-sourcepos=\"41:1-45:0\">\n<li data-sourcepos=\"41:1-41:27\">#<a href=\"https:\/\/www.bhphotovideo.com\/c\/product\/1172060-REG\/tactical_fiber_systems_12lc1000tfr_tfs_duratac_stainless_steel.html\/specs\">BHphotovideo TA12LC1000TF<\/a><\/li>\n<li data-sourcepos=\"42:1-42:14\">#<a href=\"https:\/\/tacticalfiber.eu\/products.php?cat=12+Fiber+Armored+DuraTAC+Reels+-+12+LC+Connectors\">TFS DuraTAC<\/a><\/li>\n<li data-sourcepos=\"43:1-43:20\">#<a href=\"https:\/\/beetekav.com\/collections\/armored-multi-mode-cable\">S\u00e9rie Beetek G202<\/a><\/li>\n<li data-sourcepos=\"44:1-45:0\">#<a href=\"https:\/\/shop.klotz-ais.com\/fiber-optic-1\/fiberlink-cable-drum\/lc-lc-1.html\">Tambores de cabo de liga\u00e7\u00e3o de fibra Klotz LC-LC <\/a><\/li>\n<\/ul>","protected":false},"excerpt":{"rendered":"<p>-2\/4\/6\/8\/10\/12\/24 fiber counts with stainless steel armored protection on tactical fiber cable reel<\/p>\n<p>-10 times stronger stainless steel armored tactical fiber optic cable<\/p>\n<p>-Design retr\u00e1til e duradouro com tampas de prote\u00e7\u00e3o;<\/p>\n<p>-A constru\u00e7\u00e3o altamente flex\u00edvel permite m\u00faltiplas implementa\u00e7\u00f5es<\/p>\n<p>-Elevada resist\u00eancia ao impacto e ao esmagamento<\/p>\n<p>-Largura de banda at\u00e9 100 Gbps<\/p>\n<p>-Comprimento personalizado at\u00e9 1000m<\/p>","protected":false},"featured_media":2168,"comment_status":"open","ping_status":"closed","template":"","meta":{"rs_blank_template":"","rs_page_bg_color":"","slide_template_v7":""},"product_brand":[],"product_cat":[488,692,108],"product_tag":[688,689,690,403,397,405,408,407,400,399,406,691,409,396,393,398,404],"class_list":{"0":"post-2167","1":"product","2":"type-product","3":"status-publish","4":"has-post-thumbnail","6":"product_cat-solution-audio-visual","7":"product_cat-fiber-cable-assemblies","8":"product_cat-shop","9":"product_tag-armored-fiber-optic-cable","10":"product_tag-armored-fiber-reel","11":"product_tag-armored-fiber-system","12":"product_tag-armored-tactical-cable-drum","13":"product_tag-armored-tactical-fiber-optical-cable","14":"product_tag-klotz-cable-drum","15":"product_tag-klotz-fiber-cable","16":"product_tag-klotz-fiberlink-alternative","17":"product_tag-klotz-fiberlink-cable","18":"product_tag-klotz-fiberlink-drum","19":"product_tag-klotz-fiberlink-replacement","20":"product_tag-tactical-cable-reel","21":"product_tag-tactical-fiber-cable","22":"product_tag-tactical-fiber-optic-cable","23":"product_tag-tactical-fiber-optic-cable-reel","24":"product_tag-tactical-fiber-optical-cable-drum","25":"product_tag-tactical-fiber-systems","27":"first","28":"instock","29":"shipping-taxable","30":"product-type-simple"},"aioseo_notices":[],"_links":{"self":[{"href":"https:\/\/www.aocfiberlink.com\/pt\/wp-json\/wp\/v2\/product\/2167","targetHints":{"allow":["GET"]}}],"collection":[{"href":"https:\/\/www.aocfiberlink.com\/pt\/wp-json\/wp\/v2\/product"}],"about":[{"href":"https:\/\/www.aocfiberlink.com\/pt\/wp-json\/wp\/v2\/types\/product"}],"replies":[{"embeddable":true,"href":"https:\/\/www.aocfiberlink.com\/pt\/wp-json\/wp\/v2\/comments?post=2167"}],"wp:featuredmedia":[{"embeddable":true,"href":"https:\/\/www.aocfiberlink.com\/pt\/wp-json\/wp\/v2\/media\/2168"}],"wp:attachment":[{"href":"https:\/\/www.aocfiberlink.com\/pt\/wp-json\/wp\/v2\/media?parent=2167"}],"wp:term":[{"taxonomy":"product_brand","embeddable":true,"href":"https:\/\/www.aocfiberlink.com\/pt\/wp-json\/wp\/v2\/product_brand?post=2167"},{"taxonomy":"product_cat","embeddable":true,"href":"https:\/\/www.aocfiberlink.com\/pt\/wp-json\/wp\/v2\/product_cat?post=2167"},{"taxonomy":"product_tag","embeddable":true,"href":"https:\/\/www.aocfiberlink.com\/pt\/wp-json\/wp\/v2\/product_tag?post=2167"}],"curies":[{"name":"wp","href":"https:\/\/api.w.org\/{rel}","templated":true}]}}