{"id":2361,"date":"2026-03-24T15:45:10","date_gmt":"2026-03-24T07:45:10","guid":{"rendered":"https:\/\/www.aocfiberlink.com\/?post_type=product&#038;p=2361"},"modified":"2026-03-24T16:05:24","modified_gmt":"2026-03-24T08:05:24","slug":"8k-active-optical-hdmi-2-1-fiber-cable-type-am-to-type-am-48gbps-4","status":"publish","type":"product","link":"https:\/\/www.aocfiberlink.com\/pt\/product\/ultra-slim-8k-fiber-optic-hdmi-active-optical-cable-8m\/","title":{"rendered":"Cabo \u00f3tico ativo HDMI de fibra \u00f3tica 8K ultrafino - AM para AM-48Gbps-8m"},"content":{"rendered":"<p data-sourcepos=\"11:1-11:308\">The FHDC-2102 series <strong>Super Slim 8K Fiber Optic HDMI 2.1 Cable<\/strong>, also known as 8K HDMI Active Optical Cable, 8K HDMI Fiber Cable, HDMI 2.1 Fiber Cable, 8K HDMI 2.1 Active Optical Cable, 8K Optical HDMI Cable, and 8K HDMI AOC, offers exceptional performance and reliability for demanding applications.<\/p>\n<p><img loading=\"lazy\" decoding=\"async\" class=\"size-large wp-image-1736 aligncenter\" src=\"https:\/\/www.aocfiberlink.com\/wp-content\/uploads\/2024\/09\/8K-HDMI-2.1-Active-Fiber-Optical-Cables-Application-1024x437.png\" alt=\"8K HDMI 2.1 Active Fiber Optical Cables Application\" width=\"1024\" height=\"437\" srcset=\"https:\/\/www.aocfiberlink.com\/wp-content\/uploads\/2024\/09\/8K-HDMI-2.1-Active-Fiber-Optical-Cables-Application-1024x437.png 1024w, https:\/\/www.aocfiberlink.com\/wp-content\/uploads\/2024\/09\/8K-HDMI-2.1-Active-Fiber-Optical-Cables-Application-300x128.png 300w, https:\/\/www.aocfiberlink.com\/wp-content\/uploads\/2024\/09\/8K-HDMI-2.1-Active-Fiber-Optical-Cables-Application-768x328.png 768w, https:\/\/www.aocfiberlink.com\/wp-content\/uploads\/2024\/09\/8K-HDMI-2.1-Active-Fiber-Optical-Cables-Application-18x8.png 18w, https:\/\/www.aocfiberlink.com\/wp-content\/uploads\/2024\/09\/8K-HDMI-2.1-Active-Fiber-Optical-Cables-Application-150x64.png 150w, https:\/\/www.aocfiberlink.com\/wp-content\/uploads\/2024\/09\/8K-HDMI-2.1-Active-Fiber-Optical-Cables-Application-480x205.png 480w, https:\/\/www.aocfiberlink.com\/wp-content\/uploads\/2024\/09\/8K-HDMI-2.1-Active-Fiber-Optical-Cables-Application-600x256.png 600w, https:\/\/www.aocfiberlink.com\/wp-content\/uploads\/2024\/09\/8K-HDMI-2.1-Active-Fiber-Optical-Cables-Application.png 1464w\" sizes=\"auto, (max-width:767px) 480px, (max-width:1024px) 100vw, 1024px\" \/><\/p>\n<p data-sourcepos=\"13:1-13:411\">Crafted with high-quality super slim, flexible, and lightweight hybrid optical fiber cable, the FHDC-2102 8K HDMI2.1 Fiber Active Optical Cable delivers unmatched transmission and flexibility with a maximum data rate of 48Gbps, supporting stunning visuals with resolutions up to 8K (7680 x 4320p) at 60Hz and a smooth refresh rate of 144Hz for 4K (3840 x 2160p). This 8K HDMI 2.1 Fiber Optical Cable supports enhanced features like CEC, HDCP 2.3, and HDR for an immersive viewing experience as well.<\/p>\n<div id=\"attachment_2363\" style=\"width: 1034px\" class=\"wp-caption alignright\"><img loading=\"lazy\" decoding=\"async\" aria-describedby=\"caption-attachment-2363\" class=\"size-large wp-image-2363\" src=\"https:\/\/www.aocfiberlink.com\/wp-content\/uploads\/2026\/03\/image_1774336948655-1024x768.jpg\" alt=\"AOCFiberlink FHDC-2102 Ultra-slim 8K Fiber Optic HDMI AOC Cable-800\" width=\"1024\" height=\"768\" srcset=\"https:\/\/www.aocfiberlink.com\/wp-content\/uploads\/2026\/03\/image_1774336948655-1024x768.jpg 1024w, https:\/\/www.aocfiberlink.com\/wp-content\/uploads\/2026\/03\/image_1774336948655-300x225.jpg 300w, https:\/\/www.aocfiberlink.com\/wp-content\/uploads\/2026\/03\/image_1774336948655-768x576.jpg 768w, https:\/\/www.aocfiberlink.com\/wp-content\/uploads\/2026\/03\/image_1774336948655-16x12.jpg 16w, https:\/\/www.aocfiberlink.com\/wp-content\/uploads\/2026\/03\/image_1774336948655-100x75.jpg 100w, https:\/\/www.aocfiberlink.com\/wp-content\/uploads\/2026\/03\/image_1774336948655-480x360.jpg 480w, https:\/\/www.aocfiberlink.com\/wp-content\/uploads\/2026\/03\/image_1774336948655-600x450.jpg 600w, https:\/\/www.aocfiberlink.com\/wp-content\/uploads\/2026\/03\/image_1774336948655.jpg 1154w\" sizes=\"auto, (max-width:767px) 480px, (max-width:1024px) 100vw, 1024px\" \/><p id=\"caption-attachment-2363\" class=\"wp-caption-text\"><strong>Recursos de destaque:<\/strong><\/p><\/div>\n<ul>\n<li><strong>Super slim,flexible and lightweight<\/strong><\/li>\n<li><strong>2 x 3 mm OD, transparent PVC jacket, nearly invisible<\/strong><\/li>\n<li class=\"text-th-primary-dark\"><strong>Resolu\u00e7\u00e3o de alta qualidade<\/strong>: Suporta 8K@60Hz, 4K@144Hz, 4K@120Hz de acordo com as especifica\u00e7\u00f5es HDMI 2.1, compat\u00edvel com vers\u00f5es anteriores<\/li>\n<li class=\"text-th-primary-dark\"><strong>Alta largura de banda<\/strong>: capacidade de 48 Gbps, compat\u00edvel com vers\u00f5es anteriores<\/li>\n<li class=\"text-th-primary-dark\"><strong>Transmiss\u00e3o sem perdas<\/strong>: Oferece visuais de 8K a 60 Hz, VR e sinais de exibi\u00e7\u00e3o 3D em longas dist\u00e2ncias<\/li>\n<li class=\"text-th-primary-dark\"><strong>HDR Din\u00e2mico<\/strong>: Otimiza contraste, profundidade, brilho e gama de cores quadro a quadro<\/li>\n<li class=\"text-th-primary-dark\"><strong>\u00c1udio de alta qualidade<\/strong>: Suporta at\u00e9 192 kHz, 24 bits, 5.1 e 7.1 n\u00e3o compactados, formatos sem perdas Dolby e \u00e1udio de 32 canais<\/li>\n<li class=\"text-th-primary-dark\"><strong>VRR para jogos<\/strong>: Jogabilidade fluida com lag m\u00ednimo, trepida\u00e7\u00e3o e quebra de quadro<\/li>\n<li class=\"text-th-primary-dark\"><strong>Caracter\u00edsticas avan\u00e7adas<\/strong>: Suporta EDID, fun\u00e7\u00e3o de detec\u00e7\u00e3o autom\u00e1tica, ALLM, QMS e QFT<\/li>\n<li class=\"text-th-primary-dark\"><strong>Constru\u00e7\u00e3o dur\u00e1vel<\/strong>: Carca\u00e7a em liga de zinco, conectores banhados a ouro resistentes \u00e0 corros\u00e3o<\/li>\n<li class=\"text-th-primary-dark\"><strong>Resist\u00eancia EMI<\/strong>: Alta resist\u00eancia \u00e0 interfer\u00eancia eletromagn\u00e9tica, garantindo um ambiente seguro e livre de radia\u00e7\u00e3o<\/li>\n<li class=\"text-th-primary-dark\"><strong>Customiz\u00e1vel<\/strong>: Up to 20m maximum length, custom length, logo, and packaging available<\/li>\n<\/ul>\n<div id=\"attachment_2364\" style=\"width: 1034px\" class=\"wp-caption alignright\"><img loading=\"lazy\" decoding=\"async\" aria-describedby=\"caption-attachment-2364\" class=\"size-large wp-image-2364\" src=\"https:\/\/www.aocfiberlink.com\/wp-content\/uploads\/2026\/03\/image_1774336946445-1024x800.jpg\" alt=\"AOCFiberlink FHDC-2102 Ultra-thin 8K Fiber Optic HDMI AOC Cable-800\" width=\"1024\" height=\"800\" srcset=\"https:\/\/www.aocfiberlink.com\/wp-content\/uploads\/2026\/03\/image_1774336946445-1024x800.jpg 1024w, https:\/\/www.aocfiberlink.com\/wp-content\/uploads\/2026\/03\/image_1774336946445-300x234.jpg 300w, https:\/\/www.aocfiberlink.com\/wp-content\/uploads\/2026\/03\/image_1774336946445-768x600.jpg 768w, https:\/\/www.aocfiberlink.com\/wp-content\/uploads\/2026\/03\/image_1774336946445-1536x1200.jpg 1536w, https:\/\/www.aocfiberlink.com\/wp-content\/uploads\/2026\/03\/image_1774336946445-15x12.jpg 15w, https:\/\/www.aocfiberlink.com\/wp-content\/uploads\/2026\/03\/image_1774336946445-96x75.jpg 96w, https:\/\/www.aocfiberlink.com\/wp-content\/uploads\/2026\/03\/image_1774336946445-1280x1000.jpg 1280w, https:\/\/www.aocfiberlink.com\/wp-content\/uploads\/2026\/03\/image_1774336946445-480x375.jpg 480w, https:\/\/www.aocfiberlink.com\/wp-content\/uploads\/2026\/03\/image_1774336946445-600x469.jpg 600w, https:\/\/www.aocfiberlink.com\/wp-content\/uploads\/2026\/03\/image_1774336946445.jpg 1879w\" sizes=\"auto, (max-width:767px) 480px, (max-width:1024px) 100vw, 1024px\" \/><p id=\"caption-attachment-2364\" class=\"wp-caption-text\"><strong>Formul\u00e1rios:<\/strong><\/p><\/div>\n<ul>\n<li>PC para jogos<\/li>\n<li>Assinatura digital<\/li>\n<li>Sinais e monitores de LED para est\u00e1dios, hospitais, shoppings<\/li>\n<li>Equipamento de imagiologia m\u00e9dica<\/li>\n<li>Sistema de informa\u00e7\u00f5es de v\u00eddeo de embarque no aeroporto<\/li>\n<li>Home Theater, Blu-ray, v\u00eddeo 3D, projetor, set-top box, DVR, controle de console de jogos e conex\u00e3o de monitor<\/li>\n<li>Esta\u00e7\u00e3o de r\u00e1dio e TV<\/li>\n<li>Equipamento de videoconfer\u00eancia<\/li>\n<li>Sistema de monitoramento de seguran\u00e7a<\/li>\n<\/ul>\n<p><img loading=\"lazy\" decoding=\"async\" class=\"size-large wp-image-1740\" style=\"width: 50%;\" src=\"https:\/\/www.aocfiberlink.com\/wp-content\/uploads\/2024\/09\/8k-HDMI-2.1-picture-quality-compared-to-4k-and-2k-819x1024.jpg\" alt=\"8k HDMI 2.1 picture quality compared to 4k and 2k\" width=\"819\" height=\"1024\" align=\"left\" srcset=\"https:\/\/www.aocfiberlink.com\/wp-content\/uploads\/2024\/09\/8k-HDMI-2.1-picture-quality-compared-to-4k-and-2k-819x1024.jpg 819w, https:\/\/www.aocfiberlink.com\/wp-content\/uploads\/2024\/09\/8k-HDMI-2.1-picture-quality-compared-to-4k-and-2k-240x300.jpg 240w, https:\/\/www.aocfiberlink.com\/wp-content\/uploads\/2024\/09\/8k-HDMI-2.1-picture-quality-compared-to-4k-and-2k-768x960.jpg 768w, https:\/\/www.aocfiberlink.com\/wp-content\/uploads\/2024\/09\/8k-HDMI-2.1-picture-quality-compared-to-4k-and-2k-10x12.jpg 10w, https:\/\/www.aocfiberlink.com\/wp-content\/uploads\/2024\/09\/8k-HDMI-2.1-picture-quality-compared-to-4k-and-2k-60x75.jpg 60w, https:\/\/www.aocfiberlink.com\/wp-content\/uploads\/2024\/09\/8k-HDMI-2.1-picture-quality-compared-to-4k-and-2k-480x600.jpg 480w, https:\/\/www.aocfiberlink.com\/wp-content\/uploads\/2024\/09\/8k-HDMI-2.1-picture-quality-compared-to-4k-and-2k-600x750.jpg 600w, https:\/\/www.aocfiberlink.com\/wp-content\/uploads\/2024\/09\/8k-HDMI-2.1-picture-quality-compared-to-4k-and-2k.jpg 1200w\" sizes=\"auto, (max-width:767px) 480px, (max-width:819px) 100vw, 819px\" \/><img loading=\"lazy\" decoding=\"async\" class=\"size-large wp-image-1741\" style=\"width: 50%;\" src=\"https:\/\/www.aocfiberlink.com\/wp-content\/uploads\/2024\/09\/Enjoy-eARC-Perfect-Audio-Fidelity-819x1024.jpg\" alt=\"Enjoy eARC Perfect Audio Fidelity\" width=\"819\" height=\"1024\" align=\"right\" srcset=\"https:\/\/www.aocfiberlink.com\/wp-content\/uploads\/2024\/09\/Enjoy-eARC-Perfect-Audio-Fidelity-819x1024.jpg 819w, https:\/\/www.aocfiberlink.com\/wp-content\/uploads\/2024\/09\/Enjoy-eARC-Perfect-Audio-Fidelity-240x300.jpg 240w, https:\/\/www.aocfiberlink.com\/wp-content\/uploads\/2024\/09\/Enjoy-eARC-Perfect-Audio-Fidelity-768x960.jpg 768w, https:\/\/www.aocfiberlink.com\/wp-content\/uploads\/2024\/09\/Enjoy-eARC-Perfect-Audio-Fidelity-10x12.jpg 10w, https:\/\/www.aocfiberlink.com\/wp-content\/uploads\/2024\/09\/Enjoy-eARC-Perfect-Audio-Fidelity-60x75.jpg 60w, https:\/\/www.aocfiberlink.com\/wp-content\/uploads\/2024\/09\/Enjoy-eARC-Perfect-Audio-Fidelity-480x600.jpg 480w, https:\/\/www.aocfiberlink.com\/wp-content\/uploads\/2024\/09\/Enjoy-eARC-Perfect-Audio-Fidelity-600x750.jpg 600w, https:\/\/www.aocfiberlink.com\/wp-content\/uploads\/2024\/09\/Enjoy-eARC-Perfect-Audio-Fidelity.jpg 1200w\" sizes=\"auto, (max-width:767px) 480px, (max-width:819px) 100vw, 819px\" \/><\/p>","protected":false},"excerpt":{"rendered":"<p>-Super slim,ultra-thin,transparent,flexible and lightweight;<br \/>\n-Unparalleled 8K\/60Hz &amp; 4K\/144Hz resolution;<br \/>\n-Premium hybrid aoc solution for lossless transmission;<br \/>\n-48 Gbps de largura de banda;<br \/>\n-Carca\u00e7a de liga de zinco de f\u00e1cil ader\u00eancia e conectores banhados a ouro<\/p>","protected":false},"featured_media":1196,"comment_status":"open","ping_status":"closed","template":"","meta":{"rs_blank_template":"","rs_page_bg_color":"","slide_template_v7":""},"product_brand":[683],"product_cat":[488,490,38,24,493],"product_tag":[465,467,452,40,248,39,41,35,466,29,641,639,640],"class_list":{"0":"post-2361","1":"product","2":"type-product","3":"status-publish","4":"has-post-thumbnail","6":"product_brand-aocfiberlink","7":"product_cat-solution-audio-visual","8":"product_cat-solution-hd-conferences","9":"product_cat-hdmi-2-1","10":"product_cat-optical-hdmi-cables","11":"product_cat-solution-smart-home","12":"product_tag-8k-fiber-optic-hdmi-cable","13":"product_tag-8k-hdmi-2-1-active-optical-cable","14":"product_tag-8k-hdmi-active-optical-cable","15":"product_tag-8k-hdmi-fiber-cable","16":"product_tag-8k-optical-hdmi-cable","17":"product_tag-active-hdmi-2-1-cable","18":"product_tag-fiber-optic-hdmi-2-1-cable","19":"product_tag-hdmi-2-1-aoc","20":"product_tag-hdmi-2-1-fiber-cable","21":"product_tag-optical-hdmi-cable","22":"product_tag-super-slim","23":"product_tag-ultra-slim","24":"product_tag-ultra-thin","26":"first","27":"instock","28":"shipping-taxable","29":"product-type-simple"},"aioseo_notices":[],"_links":{"self":[{"href":"https:\/\/www.aocfiberlink.com\/pt\/wp-json\/wp\/v2\/product\/2361","targetHints":{"allow":["GET"]}}],"collection":[{"href":"https:\/\/www.aocfiberlink.com\/pt\/wp-json\/wp\/v2\/product"}],"about":[{"href":"https:\/\/www.aocfiberlink.com\/pt\/wp-json\/wp\/v2\/types\/product"}],"replies":[{"embeddable":true,"href":"https:\/\/www.aocfiberlink.com\/pt\/wp-json\/wp\/v2\/comments?post=2361"}],"wp:featuredmedia":[{"embeddable":true,"href":"https:\/\/www.aocfiberlink.com\/pt\/wp-json\/wp\/v2\/media\/1196"}],"wp:attachment":[{"href":"https:\/\/www.aocfiberlink.com\/pt\/wp-json\/wp\/v2\/media?parent=2361"}],"wp:term":[{"taxonomy":"product_brand","embeddable":true,"href":"https:\/\/www.aocfiberlink.com\/pt\/wp-json\/wp\/v2\/product_brand?post=2361"},{"taxonomy":"product_cat","embeddable":true,"href":"https:\/\/www.aocfiberlink.com\/pt\/wp-json\/wp\/v2\/product_cat?post=2361"},{"taxonomy":"product_tag","embeddable":true,"href":"https:\/\/www.aocfiberlink.com\/pt\/wp-json\/wp\/v2\/product_tag?post=2361"}],"curies":[{"name":"wp","href":"https:\/\/api.w.org\/{rel}","templated":true}]}}