{"id":293,"date":"2023-01-01T09:01:24","date_gmt":"2023-01-01T01:01:24","guid":{"rendered":"https:\/\/www.aocfiberlink.com\/?post_type=product&#038;p=293"},"modified":"2025-10-24T16:08:03","modified_gmt":"2025-10-24T08:08:03","slug":"destacavel-blindado-8k-hdmi-aoc-ativo-optico-cabo","status":"publish","type":"product","link":"https:\/\/www.aocfiberlink.com\/pt\/product\/detachable-8k-hdmi-aoc-active-optical-cable\/","title":{"rendered":"Cabo \u00f3tico ativo 8K HDMI 2.1 AOC destac\u00e1vel-AD para AD-48Gbps"},"content":{"rendered":"<p>A s\u00e9rie FHDA-21AD-XX <strong>Cabos \u00f3pticos AOC blindados destac\u00e1veis HDMI 2.1 <\/strong>tamb\u00e9m s\u00e3o chamados de HDMI 2.1 AOC, HDMI 2.1 Active Optical Cable, Fiber Optic HDMI Cable, Optical HDMI Cable, Active HDMI Cable, Active HDMI 2.1 Cable, Active Optical HDMI Cable.<\/p>\n<p>Constru\u00eddo com a\u00e7o inoxid\u00e1vel de alta qualidade e cabo de fibra \u00f3ptica h\u00edbrido refor\u00e7ado (4 Fibras e 7 Cobres), os Cabos \u00d3pticos Armored HDMI 2.1 AOC-Active oferecem durabilidade e resili\u00eancia excepcionais. Com uma armadura resistente a esmagamento capaz de suportar at\u00e9 500kg de for\u00e7a, esses cabos s\u00e3o projetados para ambientes exigentes. A jaqueta de TPU de n\u00edvel industrial oferece uma ampla faixa de temperatura operacional (-40 \u2103 a +80 \u2103), tornando-os perfeitos para uso em ambientes desafiadores, como cirurgias m\u00e9dicas, aluguel de eventos ao vivo, militares, a bordo, estadiamento tempor\u00e1rio ou em qualquer lugar que exija tempo prolongado Cabos HDMI em condi\u00e7\u00f5es dif\u00edceis.<\/p>\n<p>Os cabos HDMI 2.1 AOC blindados destac\u00e1veis da s\u00e9rie FHDA-21AD-XX, semelhantes aos cabos HDMI 2.1 AOC padr\u00e3o, transmitem sinais de velocidade ultra-alta de at\u00e9 48 Gbps e resolu\u00e7\u00e3o de 8K a 60 Hz, subamostragem de cor 4:4:4, HDR, eARC sem qualquer perda de sinal. Esses cabos HDMI de fibra \u00f3tica destac\u00e1veis resistentes a EMI, em conformidade com as especifica\u00e7\u00f5es HDMI 2.1, oferecem qualidade visual incompar\u00e1vel com resolu\u00e7\u00e3o de at\u00e9 8K e taxa de atualiza\u00e7\u00e3o de at\u00e9 144 Hz. Mergulhe em uma experi\u00eancia excepcional de entretenimento e jogos. A solu\u00e7\u00e3o \u00f3ptica garante transmiss\u00e3o sem perdas mesmo em longas dist\u00e2ncias, garantindo qualidade de sinal superior.<\/p>\n<p><strong>Recursos de destaque:<\/strong><\/p>\n<ul>\n<li class=\"text-th-primary-dark\"><strong>Resolu\u00e7\u00e3o de alta qualidade<\/strong>: Suporta 8K@60Hz, 4K@144Hz, 4K@120Hz de acordo com as especifica\u00e7\u00f5es HDMI 2.1, compat\u00edvel com vers\u00f5es anteriores<\/li>\n<li class=\"text-th-primary-dark\"><strong>Alta largura de banda<\/strong>: capacidade de 48 Gbps, compat\u00edvel com vers\u00f5es anteriores<\/li>\n<li class=\"text-th-primary-dark\"><strong>Transmiss\u00e3o sem perdas<\/strong>: Oferece visuais de 8K a 60 Hz, VR e sinais de exibi\u00e7\u00e3o 3D em longas dist\u00e2ncias<\/li>\n<li class=\"text-th-primary-dark\"><strong>Taxa de atualiza\u00e7\u00e3o r\u00e1pida<\/strong>: 120Hz em resolu\u00e7\u00e3o 4K para imagens n\u00edtidas e precisas; taxas mais altas em resolu\u00e7\u00f5es mais baixas<\/li>\n<li class=\"text-th-primary-dark\"><strong>HDR Din\u00e2mico<\/strong>: Otimiza contraste, profundidade, brilho e gama de cores quadro a quadro<\/li>\n<li class=\"text-th-primary-dark\"><strong>eARC aprimorado<\/strong>: Simplifica a conectividade e a otimiza\u00e7\u00e3o de \u00e1udio para v\u00e1rios componentes<\/li>\n<li class=\"text-th-primary-dark\"><strong>\u00c1udio de alta qualidade<\/strong>: Suporta at\u00e9 192 kHz, 24 bits, 5.1 e 7.1 n\u00e3o compactados, formatos sem perdas Dolby e \u00e1udio de 32 canais<\/li>\n<li class=\"text-th-primary-dark\"><strong>VRR para jogos<\/strong>: Jogabilidade fluida com lag m\u00ednimo, trepida\u00e7\u00e3o e quebra de quadro<\/li>\n<li class=\"text-th-primary-dark\"><strong>Caracter\u00edsticas avan\u00e7adas<\/strong>: Suporta EDID, fun\u00e7\u00e3o de detec\u00e7\u00e3o autom\u00e1tica, ALLM, QMS e QFT<\/li>\n<li class=\"text-th-primary-dark\"><strong>Constru\u00e7\u00e3o dur\u00e1vel<\/strong>: Carca\u00e7a em liga de zinco, conectores banhados a ouro resistentes \u00e0 corros\u00e3o<\/li>\n<li class=\"text-th-primary-dark\"><strong>Resist\u00eancia EMI<\/strong>: Alta resist\u00eancia \u00e0 interfer\u00eancia eletromagn\u00e9tica, garantindo um ambiente seguro e livre de radia\u00e7\u00e3o<\/li>\n<li class=\"text-th-primary-dark\"><strong>Customiz\u00e1vel<\/strong>: Comprimento m\u00e1ximo de at\u00e9 70 m (m\u00e1ximo de 30 m para eARC), comprimento personalizado, logotipo e embalagem dispon\u00edveis<\/li>\n<\/ul>\n<p><strong>Formul\u00e1rios:<\/strong><\/p>\n<ul>\n<li>Assinatura digital<\/li>\n<li>Sinais e monitores de LED para est\u00e1dios, hospitais, shoppings<\/li>\n<li>Equipamento de imagiologia m\u00e9dica<\/li>\n<li>Sistema de informa\u00e7\u00f5es de v\u00eddeo de embarque no aeroporto<\/li>\n<li>Home Theater, Blu-ray, v\u00eddeo 3D, projetor, set-top box, DVR, controle de console de jogos e conex\u00e3o de monitor<\/li>\n<li>Esta\u00e7\u00e3o de r\u00e1dio e TV<\/li>\n<li>Equipamento de videoconfer\u00eancia<\/li>\n<li>Sistema de monitoramento de seguran\u00e7a<\/li>\n<\/ul>","protected":false},"excerpt":{"rendered":"<p>-Extremidades amov\u00edveis para uma utiliza\u00e7\u00e3o mais f\u00e1cil<br \/>\n-HDMI2.1, 8K\/60Hz, largura de banda de 48Gbps;<br \/>\n-Indica\u00e7\u00e3o LED, fecho seguro;<br \/>\n-Transmiss\u00e3o sem EMI;<br \/>\n-Raio de curvatura m\u00ednimo de 48 mm ou ~ 1,8 polegadas<br \/>\n-For\u00e7a m\u00e1xima de tra\u00e7\u00e3o 15 kg ou ~ 33 libras<br \/>\n-Di\u00e2metro m\u00ednimo da conduta 16 mm ou ~ 0,63 polegadas<\/p>","protected":false},"featured_media":2265,"comment_status":"open","ping_status":"closed","template":"","meta":{"rs_blank_template":"","rs_page_bg_color":"","slide_template_v7":""},"product_brand":[],"product_cat":[488,490,38,76,24,493],"product_tag":[39,30,33,34,31,35,32,36,29],"class_list":{"0":"post-293","1":"product","2":"type-product","3":"status-publish","4":"has-post-thumbnail","6":"product_cat-solution-audio-visual","7":"product_cat-solution-hd-conferences","8":"product_cat-hdmi-2-1","9":"product_cat-hot-sellers","10":"product_cat-optical-hdmi-cables","11":"product_cat-solution-smart-home","12":"product_tag-active-hdmi-2-1-cable","13":"product_tag-active-hdmi-cable","14":"product_tag-active-optical-hdmi-cable","15":"product_tag-aoc-hdmi-cable","16":"product_tag-fiber-optic-hdmi-cable","17":"product_tag-hdmi-2-1-aoc","18":"product_tag-hdmi-fiber-cable","19":"product_tag-hybrid-hdmi-cable-8k","20":"product_tag-optical-hdmi-cable","22":"first","23":"instock","24":"shipping-taxable","25":"product-type-simple"},"aioseo_notices":[],"_links":{"self":[{"href":"https:\/\/www.aocfiberlink.com\/pt\/wp-json\/wp\/v2\/product\/293","targetHints":{"allow":["GET"]}}],"collection":[{"href":"https:\/\/www.aocfiberlink.com\/pt\/wp-json\/wp\/v2\/product"}],"about":[{"href":"https:\/\/www.aocfiberlink.com\/pt\/wp-json\/wp\/v2\/types\/product"}],"replies":[{"embeddable":true,"href":"https:\/\/www.aocfiberlink.com\/pt\/wp-json\/wp\/v2\/comments?post=293"}],"wp:featuredmedia":[{"embeddable":true,"href":"https:\/\/www.aocfiberlink.com\/pt\/wp-json\/wp\/v2\/media\/2265"}],"wp:attachment":[{"href":"https:\/\/www.aocfiberlink.com\/pt\/wp-json\/wp\/v2\/media?parent=293"}],"wp:term":[{"taxonomy":"product_brand","embeddable":true,"href":"https:\/\/www.aocfiberlink.com\/pt\/wp-json\/wp\/v2\/product_brand?post=293"},{"taxonomy":"product_cat","embeddable":true,"href":"https:\/\/www.aocfiberlink.com\/pt\/wp-json\/wp\/v2\/product_cat?post=293"},{"taxonomy":"product_tag","embeddable":true,"href":"https:\/\/www.aocfiberlink.com\/pt\/wp-json\/wp\/v2\/product_tag?post=293"}],"curies":[{"name":"wp","href":"https:\/\/api.w.org\/{rel}","templated":true}]}}