{"id":328,"date":"2023-01-01T09:46:34","date_gmt":"2023-01-01T01:46:34","guid":{"rendered":"https:\/\/www.aocfiberlink.com\/?post_type=product&#038;p=328"},"modified":"2025-10-25T10:18:16","modified_gmt":"2025-10-25T02:18:16","slug":"destacavel-hdmi-20-aoc-ativo-optico-cabo","status":"publish","type":"product","link":"https:\/\/www.aocfiberlink.com\/pt\/product\/detachable-4k-hdmi2-active-optical-cable-aoc\/","title":{"rendered":"Cabo \u00f3tico ativo destac\u00e1vel 4K HDMI 2.0-AOC-DM-DM,18Gbps"},"content":{"rendered":"<p>A s\u00e9rie FHDC-20DD-XX <strong>Cabos \u00f3pticos HDMI 2.0 AOC destac\u00e1veis <\/strong>tamb\u00e9m s\u00e3o chamados de HDMI 2.0 AOC, HDMI 2.0 Active Optical Cable, Fiber Optic HDMI Cable, Optical HDMI Cable, Active HDMI Cable, HDMI 2.0 Active Cable, Active Optical HDMI Cable.<\/p>\n<p>Elaborados com cabo de fibra \u00f3ptica h\u00edbrido de alta qualidade (3 Fibras e 7 Cobres), os Cabos \u00d3pticos Ativos de Fibra 4K HDMI 2.0 oferecem recursos de transmiss\u00e3o inigual\u00e1veis. Com uma taxa de dados m\u00e1xima de 18 Gbps, esses cabos oferecem desempenho de alta velocidade, garantindo qualidade visual impec\u00e1vel com resolu\u00e7\u00f5es de at\u00e9 4096 x 2160 \/ 3840 x 2160 (4K) em sinais de v\u00eddeo de 60 Hz. Experimente todo o espectro de cores com 4:4:4 e desfrute de recursos aprimorados como HDR e eARC, tudo sem perda de sinal, mesmo em longas dist\u00e2ncias.<\/p>\n<p>Projetado para durabilidade e confiabilidade, os cabos 4K Active Fiber Optic HDMI 2.0 apresentam uma capa de TPU de n\u00edvel industrial. Esta jaqueta oferece prote\u00e7\u00e3o excepcional e permite que esses cabos operem perfeitamente em uma ampla faixa de temperatura, de -40 \u2103 a +80 \u2103. Com esta constru\u00e7\u00e3o robusta, esses cabos s\u00e3o ideais para ambientes exigentes, como cirurgias m\u00e9dicas, aluguel de eventos ao vivo, aplica\u00e7\u00f5es militares, instala\u00e7\u00f5es a bordo de navios, prepara\u00e7\u00e3o tempor\u00e1ria ou qualquer cen\u00e1rio que exija conectividade HDMI estendida em condi\u00e7\u00f5es desafiadoras.<\/p>\n<p><strong>Recursos de destaque:<\/strong><\/p>\n<ul>\n<li class=\"text-th-primary-dark\"><strong>Bloqueio seguro<\/strong>: Design destac\u00e1vel com um mecanismo de trava confi\u00e1vel para evitar desconex\u00e3o acidental<\/li>\n<li class=\"text-th-primary-dark\"><strong>Resolu\u00e7\u00e3o de alta qualidade<\/strong>: Suporta sinais de v\u00eddeo 4K@60Hz 4:4:4 at\u00e9 150 metros para uma experi\u00eancia de visualiza\u00e7\u00e3o de alta qualidade.<\/li>\n<li class=\"text-th-primary-dark\"><strong>Alta largura de banda<\/strong>: Capacidade de 18 Gbps, garantindo transmiss\u00e3o r\u00e1pida e confi\u00e1vel de conte\u00fado multim\u00eddia<\/li>\n<li class=\"text-th-primary-dark\"><strong>Transmiss\u00e3o sem perdas<\/strong>: Fornece visuais 4K@60Hz, VR e sinais de exibi\u00e7\u00e3o 3D em longas dist\u00e2ncias<\/li>\n<li class=\"text-th-primary-dark\"><strong>Taxa de atualiza\u00e7\u00e3o r\u00e1pida<\/strong>: 6Hz em resolu\u00e7\u00e3o 4K para imagens n\u00edtidas e n\u00edtidas; taxas mais altas em resolu\u00e7\u00f5es mais baixas<\/li>\n<li class=\"text-th-primary-dark\"><strong>HDR Din\u00e2mico<\/strong>: Otimiza contraste, profundidade, brilho e gama de cores quadro a quadro<\/li>\n<li class=\"text-th-primary-dark\"><strong>eARC aprimorado<\/strong>: Simplifica a conectividade e a otimiza\u00e7\u00e3o de \u00e1udio para v\u00e1rios componentes<\/li>\n<li class=\"text-th-primary-dark\"><strong>\u00c1udio de alta qualidade<\/strong>: Suporta at\u00e9 192 kHz, 24 bits, 5.1 e 7.1 n\u00e3o compactados, formatos sem perdas Dolby e \u00e1udio de 32 canais<\/li>\n<li class=\"text-th-primary-dark\"><strong>VRR para jogos<\/strong>: Jogabilidade fluida com lag m\u00ednimo, trepida\u00e7\u00e3o e quebra de quadro<\/li>\n<li class=\"text-th-primary-dark\"><strong>Caracter\u00edsticas avan\u00e7adas<\/strong>: Suporta EDID, fun\u00e7\u00e3o de detec\u00e7\u00e3o autom\u00e1tica, ALLM, QMS e QFT<\/li>\n<li class=\"text-th-primary-dark\"><strong>Constru\u00e7\u00e3o dur\u00e1vel<\/strong>: Carca\u00e7a em liga de zinco, conectores banhados a ouro resistentes \u00e0 corros\u00e3o<\/li>\n<li class=\"text-th-primary-dark\"><strong>Resist\u00eancia EMI<\/strong>: Alta resist\u00eancia \u00e0 interfer\u00eancia eletromagn\u00e9tica, garantindo um ambiente seguro e livre de radia\u00e7\u00e3o<\/li>\n<li class=\"text-th-primary-dark\"><strong>Customiz\u00e1vel<\/strong>: Comprimento m\u00e1ximo de at\u00e9 150 m (m\u00e1ximo de 30 m para eARC), comprimento personalizado, logotipo e embalagem dispon\u00edveis<\/li>\n<\/ul>\n<p><strong>Formul\u00e1rios:<\/strong><\/p>\n<ul>\n<li>Assinatura digital<\/li>\n<li>Sinais e monitores de LED para est\u00e1dios, hospitais, shoppings<\/li>\n<li>Equipamento de imagiologia m\u00e9dica<\/li>\n<li>Sistema de informa\u00e7\u00f5es de v\u00eddeo de embarque no aeroporto<\/li>\n<li>Home Theater, Blu-ray, v\u00eddeo 3D, projetor, set-top box, DVR, controle de console de jogos e conex\u00e3o de monitor<\/li>\n<li>Esta\u00e7\u00e3o de r\u00e1dio e TV<\/li>\n<li>Equipamento de videoconfer\u00eancia<\/li>\n<li>Sistema de monitoramento de seguran\u00e7a<\/li>\n<\/ul>","protected":false},"excerpt":{"rendered":"<p>-Extremidades amov\u00edveis para uma utiliza\u00e7\u00e3o mais f\u00e1cil<br \/>\n-HDMI2.0, 4K\/60Hz, largura de banda de 18Gbps;<br \/>\n-Indica\u00e7\u00e3o LED, fecho seguro;<br \/>\n-Transmiss\u00e3o sem EMI;<br \/>\n-Raio de curvatura m\u00ednimo de 48 mm ou ~ 1,8 polegadas<br \/>\n-For\u00e7a m\u00e1xima de tra\u00e7\u00e3o 15 kg ou ~ 33 libras<br \/>\n-Di\u00e2metro m\u00ednimo da conduta 16 mm ou ~ 0,63 polegadas<\/p>","protected":false},"featured_media":329,"comment_status":"open","ping_status":"closed","template":"","meta":{"rs_blank_template":"","rs_page_bg_color":"","slide_template_v7":""},"product_brand":[],"product_cat":[488,490,37,24,493],"product_tag":[51,44,53,50,49,52,48,29],"class_list":{"0":"post-328","1":"product","2":"type-product","3":"status-publish","4":"has-post-thumbnail","6":"product_cat-solution-audio-visual","7":"product_cat-solution-hd-conferences","8":"product_cat-hdmi-2-0","9":"product_cat-optical-hdmi-cables","10":"product_cat-solution-smart-home","11":"product_tag-4k-hdmi-aoc-cable","12":"product_tag-4k-hdmi-fiber-cable","13":"product_tag-active-fiber-optic-aoc","14":"product_tag-active-optical-hdmi-2-0-cable","15":"product_tag-detachable-hdmi-2-0-aoc-cable","16":"product_tag-detachable-hdmi-aoc-cable","17":"product_tag-hdmi-2-0-aoc-cable","18":"product_tag-optical-hdmi-cable","20":"first","21":"instock","22":"shipping-taxable","23":"product-type-simple"},"aioseo_notices":[],"_links":{"self":[{"href":"https:\/\/www.aocfiberlink.com\/pt\/wp-json\/wp\/v2\/product\/328","targetHints":{"allow":["GET"]}}],"collection":[{"href":"https:\/\/www.aocfiberlink.com\/pt\/wp-json\/wp\/v2\/product"}],"about":[{"href":"https:\/\/www.aocfiberlink.com\/pt\/wp-json\/wp\/v2\/types\/product"}],"replies":[{"embeddable":true,"href":"https:\/\/www.aocfiberlink.com\/pt\/wp-json\/wp\/v2\/comments?post=328"}],"wp:featuredmedia":[{"embeddable":true,"href":"https:\/\/www.aocfiberlink.com\/pt\/wp-json\/wp\/v2\/media\/329"}],"wp:attachment":[{"href":"https:\/\/www.aocfiberlink.com\/pt\/wp-json\/wp\/v2\/media?parent=328"}],"wp:term":[{"taxonomy":"product_brand","embeddable":true,"href":"https:\/\/www.aocfiberlink.com\/pt\/wp-json\/wp\/v2\/product_brand?post=328"},{"taxonomy":"product_cat","embeddable":true,"href":"https:\/\/www.aocfiberlink.com\/pt\/wp-json\/wp\/v2\/product_cat?post=328"},{"taxonomy":"product_tag","embeddable":true,"href":"https:\/\/www.aocfiberlink.com\/pt\/wp-json\/wp\/v2\/product_tag?post=328"}],"curies":[{"name":"wp","href":"https:\/\/api.w.org\/{rel}","templated":true}]}}