{"id":369,"date":"2024-01-02T08:00:44","date_gmt":"2024-01-02T00:00:44","guid":{"rendered":"https:\/\/www.aocfiberlink.com\/?post_type=product&#038;p=369"},"modified":"2025-10-25T10:47:51","modified_gmt":"2025-10-25T02:47:51","slug":"usb-c-3-1-aoc-type-c-to-c-hybrid-10gbps-usb-3-1-active-optical-cable","status":"publish","type":"product","link":"https:\/\/www.aocfiberlink.com\/pt\/product\/usb3-aoc-active-optical-cable-am-microb-15m\/","title":{"rendered":"Cabo \u00f3tico ativo USB3.1 Gen2 AOC-AM para Micro B,10Gbps,15m"},"content":{"rendered":"<p>A s\u00e9rie FUBC-31AB-XX <strong>Cabos \u00f3pticos ativos USB 3.1 Gen 2 AOC-10Gbps tipo A a Micro-B <\/strong>tamb\u00e9m s\u00e3o chamados de USB 3.1 AOC, cabo USB de fibra \u00f3ptica, cabo USB \u00f3ptico, cabo \u00f3ptico USB ativo, cabo USB h\u00edbrido AOC, cabo \u00f3ptico USB 3.1 ativo. Eles s\u00e3o projetados especificamente para atender \u00e0 crescente demanda por conex\u00f5es de alta largura de banda, at\u00e9 10 Gbps. Esses cabos fornecem links plug-and-play que superam as limita\u00e7\u00f5es dos cabos de cobre tradicionais, permitindo longas dist\u00e2ncias para transmiss\u00e3o de dados.<\/p>\n<p>Constru\u00eddo para suportar os mais recentes padr\u00f5es USB 3.1 Gen 2, nossos AOCs USB 3.1 GEN 2 s\u00e3o perfeitos para uma ampla gama de aplica\u00e7\u00f5es. Quer se trate de experi\u00eancias imersivas de AR\/VR, c\u00e2meras de sala de confer\u00eancia, sistemas de vis\u00e3o de m\u00e1quina ou dispositivos de armazenamento, esses cabos oferecem conectividade confi\u00e1vel e de alto desempenho.<\/p>\n<p>Os cabos \u00f3pticos ativos USB 3.1 GEN 2 tipo A para micro-B s\u00e3o adaptados para dispositivos perif\u00e9ricos contempor\u00e2neos que utilizam o conector USB tipo C. Com esses cabos, os usu\u00e1rios podem esperar um desempenho superior e uma experi\u00eancia plug-and-play perfeita. Diga adeus ao inc\u00f4modo de configura\u00e7\u00f5es complicadas e aproveite a conectividade sem esfor\u00e7o com nossos USB 3.1 GEN 2 AB AOCs.<\/p>\n<p><strong>Recursos de destaque:<\/strong><\/p>\n<ul>\n<li class=\"text-th-primary-dark\"><strong>Alta largura de banda<\/strong>: compat\u00edvel com os mais recentes padr\u00f5es USB 3.1 Gen 2, supervelocidade de at\u00e9 10 Gbps<\/li>\n<li class=\"text-th-primary-dark\"><strong>Compat\u00edvel com vers\u00f5es anteriores<\/strong>: Suporta USB 3.2 a 10 Gbps at\u00e9 100 metros (330 p\u00e9s)<\/li>\n<li><strong>Transmiss\u00e3o de longa dist\u00e2ncia<\/strong>: Fornece sinais sem perdas com comprimento m\u00e1ximo de 100 metros<\/li>\n<li><strong>Fonte de energia<\/strong>: Suporta 5V 900mA no m\u00e1ximo para o dispositivo remoto<\/li>\n<li><strong>Instala\u00e7\u00e3o f\u00e1cil<\/strong>: Plug and play para ambos os lados, design unidirecional<\/li>\n<li class=\"text-th-primary-dark\"><strong>Constru\u00e7\u00e3o dur\u00e1vel<\/strong>: Carca\u00e7a em liga de zinco, conectores banhados a ouro resistentes \u00e0 corros\u00e3o<\/li>\n<li class=\"text-th-primary-dark\"><strong>Resist\u00eancia EMI<\/strong>: Alta resist\u00eancia \u00e0 interfer\u00eancia eletromagn\u00e9tica, garantindo um ambiente seguro e livre de radia\u00e7\u00e3o<\/li>\n<li class=\"text-th-primary-dark\"><strong>Customiz\u00e1vel<\/strong>: Comprimento m\u00e1ximo at\u00e9 100 m, comprimento, log\u00f3tipo e embalagem personalizados dispon\u00edveis<\/li>\n<\/ul>\n<p><strong>Formul\u00e1rios:<\/strong><\/p>\n<ul>\n<li>Link da c\u00e2mera de vis\u00e3o de m\u00e1quina<\/li>\n<li>Sistema de monitoramento de seguran\u00e7a<\/li>\n<\/ul>","protected":false},"excerpt":{"rendered":"<ul>\n<li>Cabo de liga\u00e7\u00e3o de fibra \u00f3tica USB 3.1 para Type-A para Micro-B, compat\u00edvel com as principais c\u00e2maras industriais<\/li>\n<li>USB 3.1 Gen2 10Gbps<\/li>\n<li>Perfil EMI\/RFI praticamente zero para desempenho impec\u00e1vel<\/li>\n<li>O design h\u00edbrido de fibra\/cobre n\u00e3o requer alimenta\u00e7\u00e3o externa<\/li>\n<li>Prolongamento de longa dist\u00e2ncia at\u00e9 100 m, personaliz\u00e1vel<\/li>\n<\/ul>","protected":false},"featured_media":473,"comment_status":"open","ping_status":"closed","template":"","meta":{"rs_blank_template":"","rs_page_bg_color":"","slide_template_v7":""},"product_brand":[],"product_cat":[491,25,108],"product_tag":[56,57,244,67,292,291,58,66],"class_list":{"0":"post-369","1":"product","2":"type-product","3":"status-publish","4":"has-post-thumbnail","6":"product_cat-solution-machine-vision","7":"product_cat-optical-usb-cables","8":"product_cat-shop","9":"product_tag-fiber-optic-usb-cable","10":"product_tag-optical-usb-cable","11":"product_tag-usb-3-1-active-optical-cable","12":"product_tag-usb-3-1-aoc","13":"product_tag-usb-3-1-gen2-active-optical-cable","14":"product_tag-usb-3-1-gen2-aoc","15":"product_tag-usb-active-optical-cable","16":"product_tag-usb-aoc","18":"first","19":"instock","20":"shipping-taxable","21":"product-type-simple"},"aioseo_notices":[],"_links":{"self":[{"href":"https:\/\/www.aocfiberlink.com\/pt\/wp-json\/wp\/v2\/product\/369","targetHints":{"allow":["GET"]}}],"collection":[{"href":"https:\/\/www.aocfiberlink.com\/pt\/wp-json\/wp\/v2\/product"}],"about":[{"href":"https:\/\/www.aocfiberlink.com\/pt\/wp-json\/wp\/v2\/types\/product"}],"replies":[{"embeddable":true,"href":"https:\/\/www.aocfiberlink.com\/pt\/wp-json\/wp\/v2\/comments?post=369"}],"wp:featuredmedia":[{"embeddable":true,"href":"https:\/\/www.aocfiberlink.com\/pt\/wp-json\/wp\/v2\/media\/473"}],"wp:attachment":[{"href":"https:\/\/www.aocfiberlink.com\/pt\/wp-json\/wp\/v2\/media?parent=369"}],"wp:term":[{"taxonomy":"product_brand","embeddable":true,"href":"https:\/\/www.aocfiberlink.com\/pt\/wp-json\/wp\/v2\/product_brand?post=369"},{"taxonomy":"product_cat","embeddable":true,"href":"https:\/\/www.aocfiberlink.com\/pt\/wp-json\/wp\/v2\/product_cat?post=369"},{"taxonomy":"product_tag","embeddable":true,"href":"https:\/\/www.aocfiberlink.com\/pt\/wp-json\/wp\/v2\/product_tag?post=369"}],"curies":[{"name":"wp","href":"https:\/\/api.w.org\/{rel}","templated":true}]}}