{"id":427,"date":"2023-01-01T09:25:36","date_gmt":"2023-01-01T01:25:36","guid":{"rendered":"https:\/\/www.aocfiberlink.com\/?post_type=product&#038;p=427"},"modified":"2025-10-24T16:18:25","modified_gmt":"2025-10-24T08:18:25","slug":"8k-active-optical-hdmi-2-1-fiber-cable-type-am-to-type-am-48gbps","status":"publish","type":"product","link":"https:\/\/www.aocfiberlink.com\/pt\/product\/8k-hdmi-aoc-active-optical-cable\/","title":{"rendered":"Cabo \u00f3tico ativo 8K HDMI 2.1 AOC-AM para AM-48Gbps"},"content":{"rendered":"<p>A s\u00e9rie FHDC-21AA-XX <strong>Cabos de fibra \u00f3tica activos 8K HDMI 2.1 <\/strong>tamb\u00e9m s\u00e3o chamados de cabo HDMI 2.1 ativo, cabo de fibra HDMI 2.1, cabo HDMI 2.1 ativo 8K, cabo HDMI \u00f3ptico, cabo HDMI ativo, cabo HDMI 2.1 ativo, cabo HDMI \u00f3ptico ativo.<\/p>\n<p>Elaborados com cabo de fibra \u00f3ptica h\u00edbrido de alta qualidade (4 Fibras e 7 Cobres), os Cabos HDMI 2.1 de Fibra \u00d3ptica Ativa 8K oferecem recursos de transmiss\u00e3o inigual\u00e1veis. Com uma taxa de dados m\u00e1xima de 48 Gbps, esses cabos oferecem desempenho de velocidade ultra-alta, garantindo qualidade visual impec\u00e1vel com resolu\u00e7\u00f5es de at\u00e9 8K (7680 x 4320p) a 60 Hz e uma taxa de atualiza\u00e7\u00e3o suave de 144 Hz. Experimente todo o espectro de cores com 4:4:4 e desfrute de recursos aprimorados como HDR e eARC, tudo sem perda de sinal, mesmo em longas dist\u00e2ncias.<\/p>\n<p>Projetado para durabilidade e confiabilidade, os cabos 8K Active Fiber Optic HDMI 2.1 apresentam uma capa de TPU de n\u00edvel industrial. Esta jaqueta oferece prote\u00e7\u00e3o excepcional e permite que esses cabos operem perfeitamente em uma ampla faixa de temperatura, de -40 \u2103 a +80 \u2103. Com esta constru\u00e7\u00e3o robusta, esses cabos s\u00e3o ideais para ambientes exigentes, como cirurgias m\u00e9dicas, aluguel de eventos ao vivo, aplica\u00e7\u00f5es militares, instala\u00e7\u00f5es a bordo de navios, prepara\u00e7\u00e3o tempor\u00e1ria ou qualquer cen\u00e1rio que exija conectividade HDMI estendida em condi\u00e7\u00f5es desafiadoras.<\/p>\n<p><strong>Recursos de destaque:<\/strong><\/p>\n<ul>\n<li class=\"text-th-primary-dark\"><strong>Resolu\u00e7\u00e3o de alta qualidade<\/strong>: Suporta 8K@60Hz, 4K@144Hz, 4K@120Hz de acordo com as especifica\u00e7\u00f5es HDMI 2.1, compat\u00edvel com vers\u00f5es anteriores<\/li>\n<li class=\"text-th-primary-dark\"><strong>Alta largura de banda<\/strong>: capacidade de 48 Gbps, compat\u00edvel com vers\u00f5es anteriores<\/li>\n<li class=\"text-th-primary-dark\"><strong>Transmiss\u00e3o sem perdas<\/strong>: Oferece visuais de 8K a 60 Hz, VR e sinais de exibi\u00e7\u00e3o 3D em longas dist\u00e2ncias<\/li>\n<li class=\"text-th-primary-dark\"><strong>Taxa de atualiza\u00e7\u00e3o r\u00e1pida<\/strong>: 120Hz em resolu\u00e7\u00e3o 4K para imagens n\u00edtidas e precisas; taxas mais altas em resolu\u00e7\u00f5es mais baixas<\/li>\n<li class=\"text-th-primary-dark\"><strong>HDR Din\u00e2mico<\/strong>: Otimiza contraste, profundidade, brilho e gama de cores quadro a quadro<\/li>\n<li class=\"text-th-primary-dark\"><strong>eARC aprimorado<\/strong>: Simplifica a conectividade e a otimiza\u00e7\u00e3o de \u00e1udio para v\u00e1rios componentes<\/li>\n<li class=\"text-th-primary-dark\"><strong>\u00c1udio de alta qualidade<\/strong>: Suporta at\u00e9 192 kHz, 24 bits, 5.1 e 7.1 n\u00e3o compactados, formatos sem perdas Dolby e \u00e1udio de 32 canais<\/li>\n<li class=\"text-th-primary-dark\"><strong>VRR para jogos<\/strong>: Jogabilidade fluida com lag m\u00ednimo, trepida\u00e7\u00e3o e quebra de quadro<\/li>\n<li class=\"text-th-primary-dark\"><strong>Caracter\u00edsticas avan\u00e7adas<\/strong>: Suporta EDID, fun\u00e7\u00e3o de detec\u00e7\u00e3o autom\u00e1tica, ALLM, QMS e QFT<\/li>\n<li class=\"text-th-primary-dark\"><strong>Constru\u00e7\u00e3o dur\u00e1vel<\/strong>: Carca\u00e7a em liga de zinco, conectores banhados a ouro resistentes \u00e0 corros\u00e3o<\/li>\n<li class=\"text-th-primary-dark\"><strong>Resist\u00eancia EMI<\/strong>: Alta resist\u00eancia \u00e0 interfer\u00eancia eletromagn\u00e9tica, garantindo um ambiente seguro e livre de radia\u00e7\u00e3o<\/li>\n<li class=\"text-th-primary-dark\"><strong>Customiz\u00e1vel<\/strong>: Comprimento m\u00e1ximo de at\u00e9 70 m (m\u00e1ximo de 30 m para eARC), comprimento personalizado, logotipo e embalagem dispon\u00edveis<\/li>\n<\/ul>\n<p><strong>Formul\u00e1rios:<\/strong><\/p>\n<ul>\n<li>Assinatura digital<\/li>\n<li>Sinais e monitores de LED para est\u00e1dios, hospitais, shoppings<\/li>\n<li>Equipamento de imagiologia m\u00e9dica<\/li>\n<li>Sistema de informa\u00e7\u00f5es de v\u00eddeo de embarque no aeroporto<\/li>\n<li>Home Theater, Blu-ray, v\u00eddeo 3D, projetor, set-top box, DVR, controle de console de jogos e conex\u00e3o de monitor<\/li>\n<li>Esta\u00e7\u00e3o de r\u00e1dio e TV<\/li>\n<li>Equipamento de videoconfer\u00eancia<\/li>\n<li>Sistema de monitoramento de seguran\u00e7a<\/li>\n<\/ul>","protected":false},"excerpt":{"rendered":"<p>-Defini\u00e7\u00e3o incompar\u00e1vel de 8K 60Hz;<br \/>\n-M\u00e1ximo 240Hz ideal para entretenimento imersivo;<br \/>\n-Solu\u00e7\u00e3o \u00f3ptica\/el\u00e9trica para transmiss\u00e3o sem perdas;<br \/>\n-48 Gbps de largura de banda;<br \/>\n-Carca\u00e7a de liga de zinco de f\u00e1cil ader\u00eancia e conectores banhados a ouro<\/p>","protected":false},"featured_media":432,"comment_status":"open","ping_status":"closed","template":"","meta":{"rs_blank_template":"","rs_page_bg_color":"","slide_template_v7":""},"product_brand":[],"product_cat":[488,489,490,38,492,24,493],"product_tag":[40,39,30,34,41,35,29],"class_list":{"0":"post-427","1":"product","2":"type-product","3":"status-publish","4":"has-post-thumbnail","6":"product_cat-solution-audio-visual","7":"product_cat-solution-education","8":"product_cat-solution-hd-conferences","9":"product_cat-hdmi-2-1","10":"product_cat-solution-medical","11":"product_cat-optical-hdmi-cables","12":"product_cat-solution-smart-home","13":"product_tag-8k-hdmi-fiber-cable","14":"product_tag-active-hdmi-2-1-cable","15":"product_tag-active-hdmi-cable","16":"product_tag-aoc-hdmi-cable","17":"product_tag-fiber-optic-hdmi-2-1-cable","18":"product_tag-hdmi-2-1-aoc","19":"product_tag-optical-hdmi-cable","21":"first","22":"instock","23":"shipping-taxable","24":"product-type-simple"},"aioseo_notices":[],"_links":{"self":[{"href":"https:\/\/www.aocfiberlink.com\/pt\/wp-json\/wp\/v2\/product\/427","targetHints":{"allow":["GET"]}}],"collection":[{"href":"https:\/\/www.aocfiberlink.com\/pt\/wp-json\/wp\/v2\/product"}],"about":[{"href":"https:\/\/www.aocfiberlink.com\/pt\/wp-json\/wp\/v2\/types\/product"}],"replies":[{"embeddable":true,"href":"https:\/\/www.aocfiberlink.com\/pt\/wp-json\/wp\/v2\/comments?post=427"}],"wp:featuredmedia":[{"embeddable":true,"href":"https:\/\/www.aocfiberlink.com\/pt\/wp-json\/wp\/v2\/media\/432"}],"wp:attachment":[{"href":"https:\/\/www.aocfiberlink.com\/pt\/wp-json\/wp\/v2\/media?parent=427"}],"wp:term":[{"taxonomy":"product_brand","embeddable":true,"href":"https:\/\/www.aocfiberlink.com\/pt\/wp-json\/wp\/v2\/product_brand?post=427"},{"taxonomy":"product_cat","embeddable":true,"href":"https:\/\/www.aocfiberlink.com\/pt\/wp-json\/wp\/v2\/product_cat?post=427"},{"taxonomy":"product_tag","embeddable":true,"href":"https:\/\/www.aocfiberlink.com\/pt\/wp-json\/wp\/v2\/product_tag?post=427"}],"curies":[{"name":"wp","href":"https:\/\/api.w.org\/{rel}","templated":true}]}}