{"id":482,"date":"2024-01-01T06:00:40","date_gmt":"2023-12-31T22:00:40","guid":{"rendered":"https:\/\/www.aocfiberlink.com\/?post_type=product&#038;p=482"},"modified":"2025-10-25T10:39:57","modified_gmt":"2025-10-25T02:39:57","slug":"usb-3-1-gen-2-aoc-active-optical-cableam-to-af50m10gbps","status":"publish","type":"product","link":"https:\/\/www.aocfiberlink.com\/pt\/product\/fiber-optic-usb3-aoc-active-optical-cable\/","title":{"rendered":"Cabo de fibra \u00f3tica USB 3.1 AOC-Active Optical Cable,Gen-2,10Gbps,AM para AF,100m"},"content":{"rendered":"<p>O FUMF-3201 <strong>10Gbps <\/strong><strong>Cabo de extens\u00e3o de fibra \u00f3tica USB 3.2 Gen2<\/strong> \u00e9 um cabo \u00f3tico ativo que suporta a extens\u00e3o de sinais USB desde 2.0 at\u00e9 \u00e0 especifica\u00e7\u00e3o 3.2 Gen 2, o que significa que este cabo pode suportar 10 Gbps. Ao contr\u00e1rio dos cabos de cobre tradicionais, este cabo de fibra \u00f3tica transmite dados utilizando impulsos de luz, minimizando a perda de sinal e obtendo um desempenho impec\u00e1vel at\u00e9 100 metros (333 p\u00e9s). Com o design USB macho-f\u00eamea, pode ligar e prolongar praticamente qualquer dispositivo perif\u00e9rico USB em segundos.<\/p>\n<p>Este cabo de extens\u00e3o de fibra \u00f3tica FUMF-3201 foi concebido para responder \u00e0 crescente procura de transfer\u00eancia de dados a alta velocidade em longas dist\u00e2ncias, desde dispositivos remotos a dispositivos como c\u00e2maras PTZ, ecr\u00e3s t\u00e1cteis interactivos, quadros inteligentes e muito mais.<\/p>\n<p><strong>Recursos de destaque:<\/strong><\/p>\n<ul>\n<li class=\"text-th-primary-dark\"><strong>Alta largura de banda<\/strong>: compat\u00edvel com os mais recentes padr\u00f5es USB 3.2 Gen 2, supervelocidade de at\u00e9 10 Gbps<\/li>\n<li class=\"text-th-primary-dark\"><strong>Compat\u00edvel com vers\u00f5es anteriores<\/strong>: Suporta USB 3.0 @ 5Gbps at\u00e9 100 metros (328ft), USB 2.0 at\u00e9 50 metros (164ft)<\/li>\n<li><strong>Transmiss\u00e3o de longa dist\u00e2ncia<\/strong>: Transmite sinais sem perdas num comprimento m\u00e1ximo de 100 m<\/li>\n<li><strong>Alta resolu\u00e7\u00e3o<\/strong>: O modo alternativo DisplayPort suporta uma resolu\u00e7\u00e3o at\u00e9 4K<\/li>\n<li><strong>Fonte de energia<\/strong>: Suporta 5V 900mA no m\u00e1ximo para o dispositivo remoto<\/li>\n<li><strong>Instala\u00e7\u00e3o f\u00e1cil<\/strong>: Plug and play para ambos os lados, design unidirecional<\/li>\n<li class=\"text-th-primary-dark\"><strong>Constru\u00e7\u00e3o dur\u00e1vel<\/strong>: Carca\u00e7a em liga de zinco, conectores banhados a ouro resistentes \u00e0 corros\u00e3o<\/li>\n<li class=\"text-th-primary-dark\"><strong>Resist\u00eancia EMI<\/strong>: Alta resist\u00eancia \u00e0 interfer\u00eancia eletromagn\u00e9tica, garantindo um ambiente seguro e livre de radia\u00e7\u00e3o<\/li>\n<li class=\"text-th-primary-dark\"><strong>Customiz\u00e1vel<\/strong>: Comprimento m\u00e1ximo at\u00e9 100 m, comprimento, log\u00f3tipo e embalagem personalizados dispon\u00edveis<\/li>\n<\/ul>\n<p><strong>Formul\u00e1rios:<\/strong><\/p>\n<ul>\n<li>Link da c\u00e2mera de vis\u00e3o de m\u00e1quina<\/li>\n<li>Home Theater, Blu-ray, v\u00eddeo 3D, projetor, set-top box, DVR, controle de console de jogos e conex\u00e3o de monitor<\/li>\n<li>Equipamento de imagem m\u00e9dica<\/li>\n<li>Pain\u00e9is e monitores de LED<\/li>\n<li>Esta\u00e7\u00e3o de transmiss\u00e3o de r\u00e1dio e TV<\/li>\n<li>Sistema de v\u00eddeo a bordo do avi\u00e3o<\/li>\n<li>Sala de conferencia<\/li>\n<li>Assinatura digital<\/li>\n<li>Equipamento de videoconfer\u00eancia<\/li>\n<li>Sistema de monitoramento de seguran\u00e7a<\/li>\n<\/ul>\n<p><b>Refer\u00eancias do tipo de conetor USB:<\/b><\/p>\n<table class=\"table table-bordered\">\n<tbody>\n<tr>\n<td align=\"center\">USB 2.0 Tipo A<br \/>\nUSB 3.0 Tipo A<br \/>\nUSB 3.1 Tipo A<img decoding=\"async\" src=\"https:\/\/www.activeopticalcable.com\/image\/catalog\/products\/USBConnector\/USB-A.jpg\" \/><\/td>\n<td align=\"center\">USB 2.0 Tipo C<br \/>\nUSB 3.0 Tipo C<br \/>\nUSB 3.1 Tipo C<img decoding=\"async\" src=\"https:\/\/www.activeopticalcable.com\/image\/catalog\/products\/USBConnector\/USB-C.jpg\" \/><\/td>\n<\/tr>\n<tr>\n<td align=\"center\">USB 2.0 Tipo B<\/p>\n<p><img decoding=\"async\" src=\"https:\/\/www.activeopticalcable.com\/image\/catalog\/products\/USBConnector\/USB2.0-B.jpg\" \/><\/td>\n<td align=\"center\">USB 3.0 Tipo B<\/p>\n<p><img decoding=\"async\" src=\"https:\/\/www.activeopticalcable.com\/image\/catalog\/products\/USBConnector\/USB3.0-B.jpg\" \/><\/td>\n<\/tr>\n<tr>\n<td align=\"center\">USB 2.0 Micro B<\/p>\n<p><img decoding=\"async\" src=\"https:\/\/www.activeopticalcable.com\/image\/catalog\/products\/USBConnector\/USB2.0-Micro-B.jpg\" \/><\/td>\n<td align=\"center\">USB 3.0 Micro B<\/p>\n<p><img decoding=\"async\" src=\"https:\/\/www.activeopticalcable.com\/image\/catalog\/products\/USBConnector\/USB3.0-Micro-B.jpg\" \/><\/td>\n<\/tr>\n<tr>\n<td align=\"center\">USB 2.0 Mini B<br \/>\nUSB 3.0 Mini B<img decoding=\"async\" src=\"https:\/\/www.activeopticalcable.com\/image\/catalog\/products\/USBConnector\/USB-Mini-B.jpg\" \/><\/td>\n<td><\/td>\n<\/tr>\n<\/tbody>\n<\/table>\n<p><b>Garantia: 2 anos de garantia<\/b><\/p>","protected":false},"excerpt":{"rendered":"<p>-Cabo de liga\u00e7\u00e3o de fibra \u00f3tica USB 3.2 para macho tipo A para f\u00eamea tipo A<\/p>\n<p>-USB 3.2 Gen2 10Gbps<\/p>\n<p>-Perfil EMI\/RFI praticamente nulo para um desempenho sem falhas<\/p>\n<p>-O design h\u00edbrido de fibra\/cobre n\u00e3o requer alimenta\u00e7\u00e3o externa<\/p>\n<p>-Estende a longa dist\u00e2ncia at\u00e9 100m<\/p>","protected":false},"featured_media":483,"comment_status":"open","ping_status":"closed","template":"","meta":{"rs_blank_template":"","rs_page_bg_color":"","slide_template_v7":""},"product_brand":[],"product_cat":[489,490,76,491,492,25,493],"product_tag":[390,290,56,391,57,392,389,58,279,66,69,265,70],"class_list":{"0":"post-482","1":"product","2":"type-product","3":"status-publish","4":"has-post-thumbnail","6":"product_cat-solution-education","7":"product_cat-solution-hd-conferences","8":"product_cat-hot-sellers","9":"product_cat-solution-machine-vision","10":"product_cat-solution-medical","11":"product_cat-optical-usb-cables","12":"product_cat-solution-smart-home","13":"product_tag-10gbps-usb-cable","14":"product_tag-fiber-optic-usb","15":"product_tag-fiber-optic-usb-cable","16":"product_tag-long-distance-usb-extension","17":"product_tag-optical-usb-cable","18":"product_tag-ptz-camera-cable","19":"product_tag-usb-3-2-gen-2-extension-cable","20":"product_tag-usb-active-optical-cable","21":"product_tag-usb-active-optical-extension-cable","22":"product_tag-usb-aoc","23":"product_tag-usb-aoc-cable","24":"product_tag-usb-fiber-optic","25":"product_tag-usb-optical-cable","27":"first","28":"instock","29":"shipping-taxable","30":"product-type-simple"},"aioseo_notices":[],"_links":{"self":[{"href":"https:\/\/www.aocfiberlink.com\/pt\/wp-json\/wp\/v2\/product\/482","targetHints":{"allow":["GET"]}}],"collection":[{"href":"https:\/\/www.aocfiberlink.com\/pt\/wp-json\/wp\/v2\/product"}],"about":[{"href":"https:\/\/www.aocfiberlink.com\/pt\/wp-json\/wp\/v2\/types\/product"}],"replies":[{"embeddable":true,"href":"https:\/\/www.aocfiberlink.com\/pt\/wp-json\/wp\/v2\/comments?post=482"}],"wp:featuredmedia":[{"embeddable":true,"href":"https:\/\/www.aocfiberlink.com\/pt\/wp-json\/wp\/v2\/media\/483"}],"wp:attachment":[{"href":"https:\/\/www.aocfiberlink.com\/pt\/wp-json\/wp\/v2\/media?parent=482"}],"wp:term":[{"taxonomy":"product_brand","embeddable":true,"href":"https:\/\/www.aocfiberlink.com\/pt\/wp-json\/wp\/v2\/product_brand?post=482"},{"taxonomy":"product_cat","embeddable":true,"href":"https:\/\/www.aocfiberlink.com\/pt\/wp-json\/wp\/v2\/product_cat?post=482"},{"taxonomy":"product_tag","embeddable":true,"href":"https:\/\/www.aocfiberlink.com\/pt\/wp-json\/wp\/v2\/product_tag?post=482"}],"curies":[{"name":"wp","href":"https:\/\/api.w.org\/{rel}","templated":true}]}}