{"id":492,"date":"2023-01-01T10:10:41","date_gmt":"2023-01-01T02:10:41","guid":{"rendered":"https:\/\/www.aocfiberlink.com\/?post_type=product&#038;p=492"},"modified":"2025-10-25T10:26:01","modified_gmt":"2025-10-25T02:26:01","slug":"retratil-4k-hdmi-2-0-aoc-reel-blindado-ativo-cabo-optico-am-to-am-100m","status":"publish","type":"product","link":"https:\/\/www.aocfiberlink.com\/pt\/product\/armored-4k-active-optical-hdmi-cable-roxtone-drum-100m\/","title":{"rendered":"Cabo HDMI \u00f3ptico ativo 4K blindado em tambor Roxtone-AM para AM-100m"},"content":{"rendered":"<p>A s\u00e9rie FHDC-20AA-XX <strong>Cabo HDMI \u00f3tico ativo 4K blindado <\/strong>is designed with heavy\u2212duty durability perfectly suited for the harshest use and abuse expected from rental and road applications. This Active Optical Armored 4K HDMI Cable supports resolutions up to 4K@60 (4:4:4) 18 Gbps over long cable runs up to 100 meters without the need for an external power supply or additional extenders.<\/p>\n<p>Elaborados com cabo de fibra \u00f3ptica h\u00edbrido de alta qualidade (3 Fibras e 7 Cobres), os Cabos \u00d3pticos Ativos de Fibra 4K HDMI 2.0 oferecem recursos de transmiss\u00e3o inigual\u00e1veis. Com uma taxa de dados m\u00e1xima de 18 Gbps, esses cabos oferecem desempenho de alta velocidade, garantindo qualidade visual impec\u00e1vel com resolu\u00e7\u00f5es de at\u00e9 4096 x 2160 \/ 3840 x 2160 (4K) em sinais de v\u00eddeo de 60 Hz. Experimente todo o espectro de cores com 4:4:4 e desfrute de recursos aprimorados como HDR e eARC, tudo sem perda de sinal, mesmo em longas dist\u00e2ncias.<\/p>\n<p><strong>Recursos de destaque:<\/strong><\/p>\n<ul>\n<li><strong>Substitui\u00e7\u00e3o ideal<\/strong>: for <a href=\"https:\/\/shop.klotz-ais.com\/foauhw.html\">Klotz FOAUHW050,FOAUHW075,FOAUHW100<\/a> e <a href=\"https:\/\/www1.kramerav.com\/Product\/CRS-PlugNView-H#Tab_Overview\">Kramer CRS-PlugNView-H<\/a> series<\/li>\n<li class=\"text-th-primary-dark\"><strong>Design retr\u00e1til e extremamente dur\u00e1vel<\/strong>: Constru\u00e7\u00e3o dur\u00e1vel de alum\u00ednio\/a\u00e7o para menos de 25 libras; Design de quadro empilh\u00e1vel; Tampas de prote\u00e7\u00e3o inclu\u00eddas;<\/li>\n<li class=\"text-th-primary-dark\"><strong>Alta resolu\u00e7\u00e3o:<\/strong> Suporta sinais de v\u00eddeo 4K@60Hz 4:4:4 at\u00e9 150 metros para uma experi\u00eancia de visualiza\u00e7\u00e3o de alta qualidade.<\/li>\n<li class=\"text-th-primary-dark\"><strong>Alta largura de banda<\/strong>: Capacidade de 18 Gbps, garantindo transmiss\u00e3o r\u00e1pida e confi\u00e1vel de conte\u00fado multim\u00eddia<\/li>\n<li class=\"text-th-primary-dark\"><strong>Transmiss\u00e3o sem perdas<\/strong>: Fornece visuais 4K@60Hz, VR e sinais de exibi\u00e7\u00e3o 3D em longas dist\u00e2ncias<\/li>\n<li class=\"text-th-primary-dark\"><strong>Taxa de atualiza\u00e7\u00e3o r\u00e1pida<\/strong>: 60Hz em resolu\u00e7\u00e3o 4K para imagens n\u00edtidas e n\u00edtidas; taxas mais altas em resolu\u00e7\u00f5es mais baixas<\/li>\n<li class=\"text-th-primary-dark\"><strong>HDR Din\u00e2mico<\/strong>: Otimiza contraste, profundidade, brilho e gama de cores quadro a quadro<\/li>\n<li class=\"text-th-primary-dark\"><strong>eARC aprimorado<\/strong>: Simplifica a conectividade e a otimiza\u00e7\u00e3o de \u00e1udio para v\u00e1rios componentes<\/li>\n<li class=\"text-th-primary-dark\"><strong>\u00c1udio de alta qualidade<\/strong>: Suporta at\u00e9 192 kHz, 24 bits, 5.1 e 7.1 n\u00e3o compactados, formatos sem perdas Dolby e \u00e1udio de 32 canais<\/li>\n<li class=\"text-th-primary-dark\"><strong>VRR para jogos<\/strong>: Jogabilidade fluida com lag m\u00ednimo, trepida\u00e7\u00e3o e quebra de quadro<\/li>\n<li class=\"text-th-primary-dark\"><strong>Caracter\u00edsticas avan\u00e7adas<\/strong>: Suporta EDID, fun\u00e7\u00e3o de detec\u00e7\u00e3o autom\u00e1tica, ALLM, QMS e QFT<\/li>\n<li class=\"text-th-primary-dark\"><strong>Constru\u00e7\u00e3o dur\u00e1vel<\/strong>: Carca\u00e7a em liga de zinco, conectores banhados a ouro resistentes \u00e0 corros\u00e3o<\/li>\n<li class=\"text-th-primary-dark\"><strong>Resist\u00eancia EMI<\/strong>: Alta resist\u00eancia \u00e0 interfer\u00eancia eletromagn\u00e9tica, garantindo um ambiente seguro e livre de radia\u00e7\u00e3o<\/li>\n<li class=\"text-th-primary-dark\"><strong>Customiz\u00e1vel<\/strong>: Comprimento m\u00e1ximo de at\u00e9 150 m (m\u00e1ximo de 30 m para eARC), comprimento personalizado, logotipo e embalagem dispon\u00edveis<\/li>\n<\/ul>\n<p><strong>Formul\u00e1rios:<\/strong><\/p>\n<ul>\n<li>Rental and Staging<\/li>\n<li>LED signs &amp; monitors<\/li>\n<li>Equipamento de imagiologia m\u00e9dica<\/li>\n<li>Esta\u00e7\u00e3o de r\u00e1dio e TV<\/li>\n<\/ul>","protected":false},"excerpt":{"rendered":"<ul>\n<li>Rectractable &amp; Durable design on solid cable drum;<\/li>\n<li>Extend full 4096 x 2160 \/ 3840 x 2160 (4K) at 60Hz 4:4:4 video signals up to 300m (985ft)<\/li>\n<li>Totalmente compat\u00edvel com especifica\u00e7\u00f5es HDMI 2.0, incluindo eARC, 21:9 Aspect Ratio e muito mais<\/li>\n<li>Compat\u00edvel com PCM, DTS-HD Master e Dolby Digital True HD Surround Sound<\/li>\n<li>Perfil EMI\/RFI praticamente zero para desempenho impec\u00e1vel<\/li>\n<li>Extremely Durable \u2014 integrated. stainless steel, corrugated tube with Kevlar reinforcement protection<\/li>\n<li>Suporta HDCP 2.2\/EDID\/DDC\/CEC<\/li>\n<\/ul>","protected":false},"featured_media":493,"comment_status":"open","ping_status":"closed","template":"","meta":{"rs_blank_template":"","rs_page_bg_color":"","slide_template_v7":""},"product_brand":[],"product_cat":[488,37,24,108],"product_tag":[43,50,484,483,47,29,75,73,74],"class_list":{"0":"post-492","1":"product","2":"type-product","3":"status-publish","4":"has-post-thumbnail","6":"product_cat-solution-audio-visual","7":"product_cat-hdmi-2-0","8":"product_cat-optical-hdmi-cables","9":"product_cat-shop","10":"product_tag-active-hdmi-2-0-cable","11":"product_tag-active-optical-hdmi-2-0-cable","12":"product_tag-armored-4k-active-optical-hdmi-cable","13":"product_tag-armored-4k-hdmi-cable","14":"product_tag-hdmi-2-0-optical-cable","15":"product_tag-optical-hdmi-cable","16":"product_tag-retractable-active-optical-cables","17":"product_tag-retractable-hdmi-aoc-reel","18":"product_tag-retractable-hdmi-cable-reel","20":"first","21":"instock","22":"shipping-taxable","23":"product-type-simple"},"aioseo_notices":[],"_links":{"self":[{"href":"https:\/\/www.aocfiberlink.com\/pt\/wp-json\/wp\/v2\/product\/492","targetHints":{"allow":["GET"]}}],"collection":[{"href":"https:\/\/www.aocfiberlink.com\/pt\/wp-json\/wp\/v2\/product"}],"about":[{"href":"https:\/\/www.aocfiberlink.com\/pt\/wp-json\/wp\/v2\/types\/product"}],"replies":[{"embeddable":true,"href":"https:\/\/www.aocfiberlink.com\/pt\/wp-json\/wp\/v2\/comments?post=492"}],"wp:featuredmedia":[{"embeddable":true,"href":"https:\/\/www.aocfiberlink.com\/pt\/wp-json\/wp\/v2\/media\/493"}],"wp:attachment":[{"href":"https:\/\/www.aocfiberlink.com\/pt\/wp-json\/wp\/v2\/media?parent=492"}],"wp:term":[{"taxonomy":"product_brand","embeddable":true,"href":"https:\/\/www.aocfiberlink.com\/pt\/wp-json\/wp\/v2\/product_brand?post=492"},{"taxonomy":"product_cat","embeddable":true,"href":"https:\/\/www.aocfiberlink.com\/pt\/wp-json\/wp\/v2\/product_cat?post=492"},{"taxonomy":"product_tag","embeddable":true,"href":"https:\/\/www.aocfiberlink.com\/pt\/wp-json\/wp\/v2\/product_tag?post=492"}],"curies":[{"name":"wp","href":"https:\/\/api.w.org\/{rel}","templated":true}]}}