{"id":547,"date":"2023-07-18T09:18:36","date_gmt":"2023-07-18T01:18:36","guid":{"rendered":"https:\/\/www.aocfiberlink.com\/?post_type=product&#038;p=547"},"modified":"2025-07-08T11:04:24","modified_gmt":"2025-07-08T03:04:24","slug":"blindado-displayport-1-4-aoc-active-optical-cable-8k-32-4gbps","status":"publish","type":"product","link":"https:\/\/www.aocfiberlink.com\/pt\/product\/armored-displayport-1-4-aoc-active-optical-cable-8k-32-4gbps\/","title":{"rendered":"Armored DisplayPort 1.4 AOC-Active Optical Cable-8K-32.4Gbps"},"content":{"rendered":"<article class=\"4ever-article\" data-clipboard-cangjie=\"[&quot;root&quot;,{&quot;copyFrom&quot;:&quot;im-native&quot;},[&quot;p&quot;,{}],[&quot;p&quot;,{},[&quot;span&quot;,{&quot;data-type&quot;:&quot;text&quot;},[&quot;span&quot;,{&quot;data-type&quot;:&quot;leaf&quot;},&quot;Active Optical Cable DisplayPort 1.4 AOC 8K @ 60Hz 32.4 Gbps Snap Connectors 50m - TECHLY - ICOC DSP-HY-050&quot;]]],[&quot;p&quot;,{},[&quot;span&quot;,{&quot;data-type&quot;:&quot;text&quot;},[&quot;span&quot;,{&quot;data-type&quot;:&quot;leaf&quot;},&quot;AOC Active Optical Cable HDMI\u2122 2.1 8K 48Gbps eARC HDMI\u2122 A\/A M\/M 15m&quot;]]],[&quot;p&quot;,{},[&quot;span&quot;,{&quot;data-type&quot;:&quot;text&quot;},[&quot;span&quot;,{&quot;data-type&quot;:&quot;leaf&quot;},&quot;AOC Active Optical Cable HDMI\u2122 2.1 8K 48Gbps ARC HDMI\u2122 A\/A M\/M 30m&quot;]]],[&quot;p&quot;,{},[&quot;span&quot;,{&quot;data-type&quot;:&quot;text&quot;},[&quot;span&quot;,{&quot;data-type&quot;:&quot;leaf&quot;},&quot;Buy together&quot;]]],[&quot;p&quot;,{},[&quot;span&quot;,{&quot;data-type&quot;:&quot;text&quot;},[&quot;span&quot;,{&quot;data-type&quot;:&quot;leaf&quot;},&quot;3 products selected&quot;]]],[&quot;p&quot;,{},[&quot;span&quot;,{&quot;data-type&quot;:&quot;text&quot;},[&quot;span&quot;,{&quot;data-type&quot;:&quot;leaf&quot;},&quot;Total \u20ac436.54&quot;]]],[&quot;p&quot;,{}],[&quot;p&quot;,{},[&quot;span&quot;,{&quot;data-type&quot;:&quot;text&quot;},[&quot;span&quot;,{&quot;data-type&quot;:&quot;leaf&quot;},&quot;You may also be interested in the following product(s)&quot;]]],[&quot;p&quot;,{}],[&quot;p&quot;,{}],[&quot;p&quot;,{}],[&quot;p&quot;,{}],[&quot;p&quot;,{}],[&quot;p&quot;,{}],[&quot;p&quot;,{}],[&quot;p&quot;,{}],[&quot;p&quot;,{}],[&quot;p&quot;,{}],[&quot;p&quot;,{}],[&quot;p&quot;,{}],[&quot;p&quot;,{}],[&quot;p&quot;,{}],[&quot;p&quot;,{}],[&quot;p&quot;,{}],[&quot;p&quot;,{}],[&quot;p&quot;,{}],[&quot;p&quot;,{}],[&quot;p&quot;,{}],[&quot;p&quot;,{}],[&quot;p&quot;,{}],[&quot;p&quot;,{}],[&quot;p&quot;,{}],[&quot;p&quot;,{}],[&quot;p&quot;,{}],[&quot;p&quot;,{}],[&quot;p&quot;,{}],[&quot;p&quot;,{}],[&quot;p&quot;,{}],[&quot;p&quot;,{}],[&quot;p&quot;,{}],[&quot;p&quot;,{},[&quot;span&quot;,{&quot;data-type&quot;:&quot;text&quot;},[&quot;span&quot;,{&quot;data-type&quot;:&quot;leaf&quot;},&quot;Fiber optic technology enables active optical (AOC) cables to transmit ultra-high bandwidth data signals over distances that copper cannot reach. Copper cables struggle to transmit 4K @ 60Hz at 5 meters and have to switch to modular transmitter \/ receiver extenders to reach greater distances, while all-in-one AOC cables can easily support DisplayPort 1.4 bandwidths of 32.4 Gbps over hundreds of meters. Just connect the two connectors to the HDTV and the source device to get the connection. It therefore represents an excellent solution for home video connections, video games, schools, showrooms and trade fairs.&quot;]]]]\"><\/article>\n<article class=\"4ever-article\" data-clipboard-cangjie=\"[&quot;root&quot;,{&quot;copyFrom&quot;:&quot;im-native&quot;},[&quot;p&quot;,{}],[&quot;p&quot;,{},[&quot;span&quot;,{&quot;data-type&quot;:&quot;text&quot;},[&quot;span&quot;,{&quot;data-type&quot;:&quot;leaf&quot;},&quot;Active Optical Cable DisplayPort 1.4 AOC 8K @ 60Hz 32.4 Gbps Snap Connectors 50m - TECHLY - ICOC DSP-HY-050&quot;]]],[&quot;p&quot;,{},[&quot;span&quot;,{&quot;data-type&quot;:&quot;text&quot;},[&quot;span&quot;,{&quot;data-type&quot;:&quot;leaf&quot;},&quot;AOC Active Optical Cable HDMI\u2122 2.1 8K 48Gbps eARC HDMI\u2122 A\/A M\/M 15m&quot;]]],[&quot;p&quot;,{},[&quot;span&quot;,{&quot;data-type&quot;:&quot;text&quot;},[&quot;span&quot;,{&quot;data-type&quot;:&quot;leaf&quot;},&quot;AOC Active Optical Cable HDMI\u2122 2.1 8K 48Gbps ARC HDMI\u2122 A\/A M\/M 30m&quot;]]],[&quot;p&quot;,{},[&quot;span&quot;,{&quot;data-type&quot;:&quot;text&quot;},[&quot;span&quot;,{&quot;data-type&quot;:&quot;leaf&quot;},&quot;Buy together&quot;]]],[&quot;p&quot;,{},[&quot;span&quot;,{&quot;data-type&quot;:&quot;text&quot;},[&quot;span&quot;,{&quot;data-type&quot;:&quot;leaf&quot;},&quot;3 products selected&quot;]]],[&quot;p&quot;,{},[&quot;span&quot;,{&quot;data-type&quot;:&quot;text&quot;},[&quot;span&quot;,{&quot;data-type&quot;:&quot;leaf&quot;},&quot;Total \u20ac436.54&quot;]]],[&quot;p&quot;,{}],[&quot;p&quot;,{},[&quot;span&quot;,{&quot;data-type&quot;:&quot;text&quot;},[&quot;span&quot;,{&quot;data-type&quot;:&quot;leaf&quot;},&quot;You may also be interested in the following product(s)&quot;]]],[&quot;p&quot;,{}],[&quot;p&quot;,{}],[&quot;p&quot;,{}],[&quot;p&quot;,{}],[&quot;p&quot;,{}],[&quot;p&quot;,{}],[&quot;p&quot;,{}],[&quot;p&quot;,{}],[&quot;p&quot;,{}],[&quot;p&quot;,{}],[&quot;p&quot;,{}],[&quot;p&quot;,{}],[&quot;p&quot;,{}],[&quot;p&quot;,{}],[&quot;p&quot;,{}],[&quot;p&quot;,{}],[&quot;p&quot;,{}],[&quot;p&quot;,{}],[&quot;p&quot;,{}],[&quot;p&quot;,{}],[&quot;p&quot;,{}],[&quot;p&quot;,{}],[&quot;p&quot;,{}],[&quot;p&quot;,{}],[&quot;p&quot;,{}],[&quot;p&quot;,{}],[&quot;p&quot;,{}],[&quot;p&quot;,{}],[&quot;p&quot;,{}],[&quot;p&quot;,{}],[&quot;p&quot;,{}],[&quot;p&quot;,{}],[&quot;p&quot;,{},[&quot;span&quot;,{&quot;data-type&quot;:&quot;text&quot;},[&quot;span&quot;,{&quot;data-type&quot;:&quot;leaf&quot;},&quot;Fiber optic technology enables active optical (AOC) cables to transmit ultra-high bandwidth data signals over distances that copper cannot reach. Copper cables struggle to transmit 4K @ 60Hz at 5 meters and have to switch to modular transmitter \/ receiver extenders to reach greater distances, while all-in-one AOC cables can easily support DisplayPort 1.4 bandwidths of 32.4 Gbps over hundreds of meters. Just connect the two connectors to the HDTV and the source device to get the connection. It therefore represents an excellent solution for home video connections, video games, schools, showrooms and trade fairs.&quot;]]]]\"><\/article>\n<p>Fiber optic technology enables active optical (AOC) cables to transmit ultra-high bandwidth data signals over distances that copper cannot reach. Copper cables struggle to transmit 4K @ 60Hz at 5 meters and have to switch to modular transmitter \/ receiver extenders to reach greater distances, while all-in-one AOC cables can easily support DisplayPort 1.4 bandwidths of 32.4 Gbps, 8k@60Hz &amp; 4K@144Hz over hundred meters. Just connect the two connectors to the HDTV and the source device to get the connection. It therefore represents an excellent solution for home video connections, video games, schools, showrooms and trade fairs.<\/p>\n<p>The FDPC-14KAA-XX serires <strong>Armoed DisplayPort 1.4 AOC-Active Optical Cables<\/strong> is a high\u2212speed DisplayPort active optical cable (AOC) designed with heavy\u2212duty durability perfectly suited for the harshest use and abuse expected from rental and road applications, providing an ideal solution for various applications requiring uncompromised Ultra High Definition video at extended distances. With a transmission range of up to 150 meters(492feet), these cables flawlessly transmit uncompressed, full Ultra HD 8K video signals.<\/p>\n<p>Constructed with high-quality stainless steel and reinforced hybrid optical fiber cable (4 Fiber &amp; 7 Copper), the Armored HDMI 2.1 AOC-Active Optical Cables offer exceptional durability and resilience. With a crush-resistant armor capable of withstanding up to 500kg of force, these cables are designed for demanding environments. The industrial-grade TPU jacket provides a wide operating temperature range (-40\u2103 to +80\u2103), making them perfect for use in challenging settings like Medical Surgeries, Live Events Rental, Military, Shipboard, Temporary Staging, or anywhere that requires extended HDMI cables in tough conditions.<\/p>\n<p>The all-in-one cable design eliminates the need for additional components, ensuring a plug-and-play experience without signal loss or degradation. Simply connect the cable between your source and display, and enjoy seamless audio\/video transmission. The cable is unidirectional, connecting the source side to the source and the display side to the display.<\/p>\n<p><strong>Highlight Features:<\/strong><\/p>\n<ul>\n<li class=\"text-th-primary-dark\"><strong>High-Quality Resolution<\/strong>: Supports 8K (7680&#215;4320)@60Hz resolution, 5K (5120&#215;2880)@60Hz, 4K@120Hz, backward compatible<\/li>\n<li class=\"text-th-primary-dark\"><strong>High Bandwidth<\/strong>: 32.4Gbps capacity,High Bit Rate 3 (HBR3)<\/li>\n<li class=\"text-th-primary-dark\"><strong>Lossless Transmission<\/strong>: Delivers 8K@60Hz visuals, VR, and 3D display signals over long distances<\/li>\n<li class=\"text-th-primary-dark\"><strong>Fast Refresh Rate<\/strong>: 4K@144Hz &amp; 4K@122Hz resolution for crisp, sharp images; higher rates at lower resolutions<\/li>\n<li class=\"text-th-primary-dark\"><strong>Dynamic HDR<\/strong>: Optimizes contrast, depth, brightness, and color gamut on a frame-by-frame basis<\/li>\n<li class=\"text-th-primary-dark\"><strong>Enhanced eARC<\/strong>: Simplifies connectivity and audio optimization for multiple components<\/li>\n<li class=\"text-th-primary-dark\"><strong>High-Quality Audio<\/strong>: Supports up to 192kHz, 24-bit, uncompressed 5.1 and 7.1, Dolby lossless formats, and 32-channel audio<\/li>\n<li class=\"text-th-primary-dark\"><strong>VRR for Gaming<\/strong>: Fluid gameplay with minimal lag, judder, and frame tearing<\/li>\n<li class=\"text-th-primary-dark\"><strong>Advanced Features<\/strong>: Supports EDID, self-detecting function, ALLM, QMS, and QFT<\/li>\n<li class=\"text-th-primary-dark\"><strong>Durable Construction<\/strong>: Zinc-alloy housing, corrosion-resistant gold-plated connectors<\/li>\n<li class=\"text-th-primary-dark\"><strong>EMI Resistance<\/strong>: High resistance to electromagnetic interference, ensuring a safe, radiation-free environment<\/li>\n<li class=\"text-th-primary-dark\"><strong>Customizable<\/strong>: Up to 150m(492feet) maximum length (30m max for eARC), custom length, logo, and packaging available<\/li>\n<\/ul>\n<p><strong>Applications:<\/strong><\/p>\n<ul>\n<li>LED Digital signage<\/li>\n<li>Home Theater Applications (Blue-Ray, 3D Video, Projectors, DVR, Game Consoles and Computers)<\/li>\n<li>Medical imaging equipment<\/li>\n<li>Airport boarding video information system<\/li>\n<li>Security monitoring system<\/li>\n<li>Conference Room Video Equipment<\/li>\n<li>TV Broadcast Station<\/li>\n<\/ul>\n","protected":false},"excerpt":{"rendered":"<p>-Compat\u00edvel com a especifica\u00e7\u00e3o DisplayPort 1.4<br \/>\n-Suporta 8K@60Hz, 4K@144Hz, HBR3, HDCP 1.4\/2.2, HDR, profundidade de cor profunda de 48 bits<br \/>\n-8,1 Gbps por canal, largura de banda m\u00e1xima de at\u00e9 32,4 Gbps<br \/>\n-Suporta resolu\u00e7\u00e3o 8K (7680\u00d74320)@60Hz, 5K (5120\u00d72880)@60Hz, 4K@144Hz e todas as vers\u00f5es anteriores do DisplayPort<br \/>\n-Resist\u00eancia ao esmagamento: Long term100kg; curto prazo 200kg<br \/>\n-200CU constru\u00e7\u00e3o em a\u00e7o inoxid\u00e1vel<br \/>\n-Bobina de tambor t\u00e1tica port\u00e1til opcional<br \/>\n-Baixa interfer\u00eancia RFI\/EMI<\/p>","protected":false},"featured_media":552,"comment_status":"open","ping_status":"closed","template":"","meta":{"rs_blank_template":"","rs_page_bg_color":"","slide_template_v7":""},"product_brand":[],"product_cat":[27,488,489,108,493],"product_tag":[88,83,86,84,85,87],"class_list":{"0":"post-547","1":"product","2":"type-product","3":"status-publish","4":"has-post-thumbnail","6":"product_cat-aoc-displayport-cables","7":"product_cat-solution-audio-visual","8":"product_cat-solution-education","9":"product_cat-shop","10":"product_cat-solution-smart-home","11":"product_tag-aoc-displayport-1-4-cable","12":"product_tag-displayport-1-4-active-optical-cable","13":"product_tag-displayport-1-4-aoc-cable","14":"product_tag-dp-1-4-active-optical-cable","15":"product_tag-dp-1-4-aoc-cable","16":"product_tag-dp-1-4-fiber-optic-cable","18":"first","19":"instock","20":"shipping-taxable","21":"product-type-simple"},"aioseo_notices":[],"_links":{"self":[{"href":"https:\/\/www.aocfiberlink.com\/pt\/wp-json\/wp\/v2\/product\/547","targetHints":{"allow":["GET"]}}],"collection":[{"href":"https:\/\/www.aocfiberlink.com\/pt\/wp-json\/wp\/v2\/product"}],"about":[{"href":"https:\/\/www.aocfiberlink.com\/pt\/wp-json\/wp\/v2\/types\/product"}],"replies":[{"embeddable":true,"href":"https:\/\/www.aocfiberlink.com\/pt\/wp-json\/wp\/v2\/comments?post=547"}],"wp:featuredmedia":[{"embeddable":true,"href":"https:\/\/www.aocfiberlink.com\/pt\/wp-json\/wp\/v2\/media\/552"}],"wp:attachment":[{"href":"https:\/\/www.aocfiberlink.com\/pt\/wp-json\/wp\/v2\/media?parent=547"}],"wp:term":[{"taxonomy":"product_brand","embeddable":true,"href":"https:\/\/www.aocfiberlink.com\/pt\/wp-json\/wp\/v2\/product_brand?post=547"},{"taxonomy":"product_cat","embeddable":true,"href":"https:\/\/www.aocfiberlink.com\/pt\/wp-json\/wp\/v2\/product_cat?post=547"},{"taxonomy":"product_tag","embeddable":true,"href":"https:\/\/www.aocfiberlink.com\/pt\/wp-json\/wp\/v2\/product_tag?post=547"}],"curies":[{"name":"wp","href":"https:\/\/api.w.org\/{rel}","templated":true}]}}