{"id":555,"date":"2023-06-18T07:58:16","date_gmt":"2023-06-17T23:58:16","guid":{"rendered":"https:\/\/www.aocfiberlink.com\/?post_type=product&#038;p=555"},"modified":"2025-07-08T10:10:23","modified_gmt":"2025-07-08T02:10:23","slug":"dvi-d-aoc-hybrid-active-optical-fiber-cable-10-2gbps-4k30hz","status":"publish","type":"product","link":"https:\/\/www.aocfiberlink.com\/pt\/product\/dvi-d-hybrid-active-optical-cable-aoc-4k\/","title":{"rendered":"Cabo \u00f3tico ativo h\u00edbrido DVI-D-AOC 10,2 Gbps 4K@30Hz"},"content":{"rendered":"<p>A s\u00e9rie FDVC-10VV-XX <strong>Cabos de fibra \u00f3ptica ativos h\u00edbridos DVI-D, <\/strong>tamb\u00e9m conhecido como DVI AOC, cabo \u00f3tico ativo DVI, cabo de fibra \u00f3tica DVI, cabo \u00f3tico DVI, cabo DVI ativo, extensor DVI sobre cabo de fibra \u00f3tica, oferece um design compacto, transmiss\u00e3o fi\u00e1vel de sinais WUXGA (1920\u00d71200) ou 1080p@60Hz (4K 30Hz) at\u00e9 100m. Com baixo consumo de energia e suporte para EDID e HDCP, proporciona f\u00e1cil instala\u00e7\u00e3o e compatibilidade para maior flexibilidade em diversos ambientes.<\/p>\n<p>Projetados para durabilidade e confiabilidade, os cabos de fibra \u00f3tica ativa DVI apresentam um revestimento TPU de n\u00edvel industrial, que fornece prote\u00e7\u00e3o excecional e permite que esses cabos operem perfeitamente em uma ampla faixa de temperatura, de -40 \u2103 a +80 \u2103. Com esta constru\u00e7\u00e3o robusta, estes cabos s\u00e3o ideais para ambientes exigentes, tais como <a href=\"https:\/\/www.aocfiberlink.com\/pt\/medico\/\">Cirurgias m\u00e9dicas<\/a>, L<a href=\"https:\/\/www.aocfiberlink.com\/pt\/audiovisual-2\/\">aluguer de eventos ive<\/a>, Aplica\u00e7\u00f5es militares, instala\u00e7\u00f5es a bordo de navios, instala\u00e7\u00f5es tempor\u00e1rias ou qualquer cen\u00e1rio que exija conetividade HDMI alargada em condi\u00e7\u00f5es dif\u00edceis.<\/p>\n<p><strong>Recursos de destaque:<\/strong><\/p>\n<ul>\n<li>Estende WUXGA (1920\u00d71200) a 60 Hz ou 1080p a 60 Hz (36 bits, 3,4 Gbps\/ch)<\/li>\n<li>Interface DVI de canal \u00fanico, suporta largura de banda de at\u00e9 10,2 Gbps<\/li>\n<li>Mais fino, mais leve e mais macio que o cabo de cobre convencional<\/li>\n<li>Operado por fonte DVI sem alimenta\u00e7\u00e3o externa<\/li>\n<li>Transmite dados DVI at\u00e9 100 m (328 p\u00e9s) por cabo h\u00edbrido \u00f3ptico<\/li>\n<li>Suporta transmiss\u00e3o de conte\u00fado 3D<\/li>\n<li>Compat\u00edvel com EDID, HDCP<\/li>\n<li>Prolonga qualquer resolu\u00e7\u00e3o DVI Single-Link at\u00e9 100 metros (328 p\u00e9s)<\/li>\n<\/ul>\n<p><strong>Formul\u00e1rios:<\/strong><\/p>\n<ul>\n<li>Assinatura digital<\/li>\n<li>Sinais e monitores de LED para est\u00e1dios, hospitais, shoppings<\/li>\n<li>Equipamento de imagiologia m\u00e9dica<\/li>\n<li>Sistema de informa\u00e7\u00f5es de v\u00eddeo de embarque no aeroporto<\/li>\n<li>Home Theater, Blu-ray, v\u00eddeo 3D, projetor, set-top box, DVR, controle de console de jogos e conex\u00e3o de monitor<\/li>\n<li>Esta\u00e7\u00e3o de r\u00e1dio e TV<\/li>\n<li>Equipamento de videoconfer\u00eancia<\/li>\n<li>Sistema de monitoramento de seguran\u00e7a<\/li>\n<\/ul>","protected":false},"excerpt":{"rendered":"<ul>\n<li>Transmiss\u00f5es de longa dist\u00e2ncia de at\u00e9 100m<\/li>\n<li>Suporta at\u00e9 10,2 Gbps<\/li>\n<li>Suporta resolu\u00e7\u00f5es de 1080p e 4K2K<\/li>\n<li>Nenhuma fonte de alimenta\u00e7\u00e3o externa necess\u00e1ria<\/li>\n<li>Nenhuma radia\u00e7\u00e3o e altamente resistente a EMI<\/li>\n<li>Conector de fonte program\u00e1vel para armazenar informa\u00e7\u00f5es EDID<\/li>\n<\/ul>","protected":false},"featured_media":559,"comment_status":"open","ping_status":"closed","template":"","meta":{"rs_blank_template":"","rs_page_bg_color":"","slide_template_v7":""},"product_brand":[683],"product_cat":[488,89,108,493],"product_tag":[94,91,241,95,92,93],"class_list":{"0":"post-555","1":"product","2":"type-product","3":"status-publish","4":"has-post-thumbnail","6":"product_brand-aocfiberlink","7":"product_cat-solution-audio-visual","8":"product_cat-dvi-aoc","9":"product_cat-shop","10":"product_cat-solution-smart-home","11":"product_tag-active-dvi-cable","12":"product_tag-dvi-active-optical-cable","13":"product_tag-dvi-aoc","14":"product_tag-dvi-extender-over-fiber-optical-cable","15":"product_tag-dvi-fiber-optical-cable","16":"product_tag-optical-dvi-cable","18":"first","19":"instock","20":"shipping-taxable","21":"product-type-simple"},"aioseo_notices":[],"_links":{"self":[{"href":"https:\/\/www.aocfiberlink.com\/pt\/wp-json\/wp\/v2\/product\/555","targetHints":{"allow":["GET"]}}],"collection":[{"href":"https:\/\/www.aocfiberlink.com\/pt\/wp-json\/wp\/v2\/product"}],"about":[{"href":"https:\/\/www.aocfiberlink.com\/pt\/wp-json\/wp\/v2\/types\/product"}],"replies":[{"embeddable":true,"href":"https:\/\/www.aocfiberlink.com\/pt\/wp-json\/wp\/v2\/comments?post=555"}],"wp:featuredmedia":[{"embeddable":true,"href":"https:\/\/www.aocfiberlink.com\/pt\/wp-json\/wp\/v2\/media\/559"}],"wp:attachment":[{"href":"https:\/\/www.aocfiberlink.com\/pt\/wp-json\/wp\/v2\/media?parent=555"}],"wp:term":[{"taxonomy":"product_brand","embeddable":true,"href":"https:\/\/www.aocfiberlink.com\/pt\/wp-json\/wp\/v2\/product_brand?post=555"},{"taxonomy":"product_cat","embeddable":true,"href":"https:\/\/www.aocfiberlink.com\/pt\/wp-json\/wp\/v2\/product_cat?post=555"},{"taxonomy":"product_tag","embeddable":true,"href":"https:\/\/www.aocfiberlink.com\/pt\/wp-json\/wp\/v2\/product_tag?post=555"}],"curies":[{"name":"wp","href":"https:\/\/api.w.org\/{rel}","templated":true}]}}