{"id":558,"date":"2023-01-01T11:40:31","date_gmt":"2023-01-01T03:40:31","guid":{"rendered":"https:\/\/www.aocfiberlink.com\/?post_type=product&#038;p=558"},"modified":"2025-10-25T10:30:24","modified_gmt":"2025-10-25T02:30:24","slug":"dvi-hdmi-aoc-hibrido-ativo-fibra-optica-cabo-10-2gbps-4k30hz","status":"publish","type":"product","link":"https:\/\/www.aocfiberlink.com\/pt\/product\/detachable-dvi-to-hdmi-aoc-active-optical-cable-4k\/","title":{"rendered":"Cabo \u00f3tico destac\u00e1vel DVI para HDMI AOC-Active - 10,2 Gbps 4K@30Hz"},"content":{"rendered":"<p>A s\u00e9rie FDVC-10VM-XX <strong>Cabos \u00f3pticos activos DVI para HDMI, <\/strong>tamb\u00e9m conhecido como DIV-HDMI AOC, DVI-HDMI Active Optical Cable, DVI-HDMI Fiber Optical Cable, Optical DVI Cable, Active DVI Cable. Ele fornece uma conex\u00e3o digital perfeita entre uma fonte habilitada para DVI e um monitor habilitado para HDMI, permitindo f\u00e1cil conectividade entre dispositivos. Se voc\u00ea deseja assistir a v\u00eddeos do seu laptop em uma tela maior ou conectar um dispositivo equipado com HDMI a um monitor DVI, este DVI para HDMI AOC oferece desempenho confi\u00e1vel e transmiss\u00e3o de v\u00eddeo de alta qualidade.<\/p>\n<p>Experimente qualidade de v\u00eddeo aprimorada e entretenimento envolvente com o cabo \u00f3ptico ativo HDMI para DVI. Perfeito para entusiastas de jogos e configura\u00e7\u00f5es de home theater, este cabo permite que voc\u00ea conecte HDMI a DVI e desfrute de uma experi\u00eancia de v\u00eddeo superior em seu dispositivo compat\u00edvel. Esteja voc\u00ea jogando, transmitindo ou assistindo a filmes, o HDMI para DVI AOC garante uma experi\u00eancia visual perfeita e impressionante.<\/p>\n<p><strong>Recursos de destaque:<\/strong><\/p>\n<ul>\n<li>Estende WUXGA (1920\u00d71200) a 60 Hz ou 1080p a 60 Hz (36 bits, 3,4 Gbps\/ch)<\/li>\n<li>Interface DVI de canal \u00fanico, suporta largura de banda de at\u00e9 10,2 Gbps<\/li>\n<li>Mais fino, mais leve e mais macio que o cabo de cobre convencional<\/li>\n<li>Operado por fonte DVI sem alimenta\u00e7\u00e3o externa<\/li>\n<li>Transmite dados DVI at\u00e9 100 m (328 p\u00e9s) por cabo h\u00edbrido \u00f3ptico<\/li>\n<li>Suporta transmiss\u00e3o de conte\u00fado 3D<\/li>\n<li>Compat\u00edvel com EDID, HDCP<\/li>\n<\/ul>\n<p><strong>Formul\u00e1rios:<\/strong><\/p>\n<ul>\n<li>Assinatura digital<\/li>\n<li>Sinais e monitores de LED para est\u00e1dios, hospitais, shoppings<\/li>\n<li>Equipamento de imagiologia m\u00e9dica<\/li>\n<li>Sistema de informa\u00e7\u00f5es de v\u00eddeo de embarque no aeroporto<\/li>\n<li>Home Theater, Blu-ray, v\u00eddeo 3D, projetor, set-top box, DVR, controle de console de jogos e conex\u00e3o de monitor<\/li>\n<li>Esta\u00e7\u00e3o de r\u00e1dio e TV<\/li>\n<li>Equipamento de videoconfer\u00eancia<\/li>\n<li>Sistema de monitoramento de seguran\u00e7a<\/li>\n<\/ul>","protected":false},"excerpt":{"rendered":"<ul>\n<li>Transmiss\u00f5es de longa dist\u00e2ncia de at\u00e9 100m<\/li>\n<li>Suporta at\u00e9 10,2 Gbps<\/li>\n<li>Suporta resolu\u00e7\u00f5es de 1080p e 4K2K<\/li>\n<li>Nenhuma fonte de alimenta\u00e7\u00e3o externa necess\u00e1ria<\/li>\n<li>Nenhuma radia\u00e7\u00e3o e altamente resistente a EMI<\/li>\n<li>Conector de fonte program\u00e1vel para armazenar informa\u00e7\u00f5es EDID<\/li>\n<\/ul>","protected":false},"featured_media":560,"comment_status":"open","ping_status":"closed","template":"","meta":{"rs_blank_template":"","rs_page_bg_color":"","slide_template_v7":""},"product_brand":[683],"product_cat":[488,89,37,24,493],"product_tag":[44,94,90,91,92,97,96,32,29],"class_list":{"0":"post-558","1":"product","2":"type-product","3":"status-publish","4":"has-post-thumbnail","6":"product_brand-aocfiberlink","7":"product_cat-solution-audio-visual","8":"product_cat-dvi-aoc","9":"product_cat-hdmi-2-0","10":"product_cat-optical-hdmi-cables","11":"product_cat-solution-smart-home","12":"product_tag-4k-hdmi-fiber-cable","13":"product_tag-active-dvi-cable","14":"product_tag-div-aoc","15":"product_tag-dvi-active-optical-cable","16":"product_tag-dvi-fiber-optical-cable","17":"product_tag-hdmi-2-0-fiber-cable","18":"product_tag-hdmi-aoc","19":"product_tag-hdmi-fiber-cable","20":"product_tag-optical-hdmi-cable","22":"first","23":"instock","24":"shipping-taxable","25":"product-type-simple"},"aioseo_notices":[],"_links":{"self":[{"href":"https:\/\/www.aocfiberlink.com\/pt\/wp-json\/wp\/v2\/product\/558","targetHints":{"allow":["GET"]}}],"collection":[{"href":"https:\/\/www.aocfiberlink.com\/pt\/wp-json\/wp\/v2\/product"}],"about":[{"href":"https:\/\/www.aocfiberlink.com\/pt\/wp-json\/wp\/v2\/types\/product"}],"replies":[{"embeddable":true,"href":"https:\/\/www.aocfiberlink.com\/pt\/wp-json\/wp\/v2\/comments?post=558"}],"wp:featuredmedia":[{"embeddable":true,"href":"https:\/\/www.aocfiberlink.com\/pt\/wp-json\/wp\/v2\/media\/560"}],"wp:attachment":[{"href":"https:\/\/www.aocfiberlink.com\/pt\/wp-json\/wp\/v2\/media?parent=558"}],"wp:term":[{"taxonomy":"product_brand","embeddable":true,"href":"https:\/\/www.aocfiberlink.com\/pt\/wp-json\/wp\/v2\/product_brand?post=558"},{"taxonomy":"product_cat","embeddable":true,"href":"https:\/\/www.aocfiberlink.com\/pt\/wp-json\/wp\/v2\/product_cat?post=558"},{"taxonomy":"product_tag","embeddable":true,"href":"https:\/\/www.aocfiberlink.com\/pt\/wp-json\/wp\/v2\/product_tag?post=558"}],"curies":[{"name":"wp","href":"https:\/\/api.w.org\/{rel}","templated":true}]}}