{"id":711,"date":"2023-01-01T10:00:45","date_gmt":"2023-01-01T02:00:45","guid":{"rendered":"https:\/\/www.aocfiberlink.com\/?post_type=product&#038;p=711"},"modified":"2025-10-25T10:24:28","modified_gmt":"2025-10-25T02:24:28","slug":"retratil-4k-hdmi-2-0-aoc-reel-blindado-ativo-cabo-optico-am-to-am-100m-2","status":"publish","type":"product","link":"https:\/\/www.aocfiberlink.com\/pt\/product\/armored-8k-fiber-optic-hdmi-active-optical-cable-drum\/","title":{"rendered":"Cabo \u00f3tico ativo HDMI 2.1 de fibra \u00f3tica 8K blindado no tambor Roxtone PCD 310"},"content":{"rendered":"<p>A s\u00e9rie FHDC-21AA-XX <strong>Cabos \u00f3pticos activos HDMI 2.1 de fibra \u00f3tica 8K blindados <\/strong>s\u00e3o fornecidos com tampas de prote\u00e7\u00e3o e tambor Roxtone PCD 235 e PCD 310 port\u00e1til opcional. S\u00e3o a alternativa ideal para substituir o #<a href=\"https:\/\/shop.klotz-ais.com\/foauhw.html\">Klotz FOAUHW<\/a>, #<a href=\"https:\/\/www1.kramerav.com\/hk\/Product\/CRS-PlugNView-H\">Kramer CRS-PlugNView<\/a>,#<a href=\"https:\/\/www.bhphotovideo.com\/c\/product\/1672319-REG\/techlogix_networx_mofo_hd20st_100_mofo_media_over_fiber.html\">TechLogix Networx MOFO-HD20ST<\/a>, #<a href=\"https:\/\/tripplite.eaton.com\/armored-hdmi-active-optical-cable-aoc-on-reel-4k-60hz-hdr-18-gbps-waterproof-shell-cap-70m-230ft~P568FA70MWR\">Tripplite<\/a> #<a href=\"http:\/\/Eaton P568FA series Armored\">Cabo HDMI \u00f3tico de alta velocidade blindado s\u00e9rie P568FA da Eaton<\/a> numa bobina de tambor port\u00e1til mas inquebr\u00e1vel.<\/p>\n<p>Fabricados com um cabo de fibra \u00f3tica h\u00edbrida de alta qualidade (4 fibras e 7 cobre), os cabos de fibra \u00f3tica HDMI 2.1 AOC 8K foram concebidos para aumentar a dist\u00e2ncia de transmiss\u00e3o entre a fonte de dados e os dispositivos de visualiza\u00e7\u00e3o com um comprimento m\u00e1ximo de 150 metros, que oferecem capacidades de transmiss\u00e3o incompar\u00e1veis com uma taxa de dados m\u00e1xima de 48 Gbps. Estes cabos de fibra \u00f3tica HDMI 2.1 AOC proporcionam um desempenho de velocidade ultra elevada, garantindo uma qualidade visual imaculada com resolu\u00e7\u00f5es at\u00e9 UHD 8K\/60p e 4K\/120p.<\/p>\n<p><strong>Recursos de destaque:<\/strong><\/p>\n<ul>\n<li><strong>Substitui\u00e7\u00e3o ideal<\/strong>para Klotz FOAUHW, Kramer CRS-PlugNView, TechLogix Networx MOFO-HD20ST, Tripplite #Eaton P568FA<\/li>\n<li class=\"text-th-primary-dark\"><strong>Design retr\u00e1til e extremamente dur\u00e1vel<\/strong>: Constru\u00e7\u00e3o dur\u00e1vel de alum\u00ednio\/a\u00e7o para menos de 25 libras; Design de quadro empilh\u00e1vel; Tampas de prote\u00e7\u00e3o inclu\u00eddas;<\/li>\n<li><strong>Conformidade<\/strong> com a especifica\u00e7\u00e3o HDMI 1.4, 2.0 e 2.1;<\/li>\n<li class=\"text-th-primary-dark\"><strong>Alta resolu\u00e7\u00e3o:<\/strong> Suporta sinais de v\u00eddeo UHD 8K\/60p e 4K\/120p 4:4:4 at\u00e9 150 metros para uma experi\u00eancia de visualiza\u00e7\u00e3o de alta qualidade;<\/li>\n<li class=\"text-th-primary-dark\"><strong>Alta largura de banda<\/strong>: Capacidade de 48 Gbps, garantindo uma transmiss\u00e3o r\u00e1pida e fi\u00e1vel de conte\u00fados multim\u00e9dia<\/li>\n<li class=\"text-th-primary-dark\"><strong>Transmiss\u00e3o sem perdas<\/strong>: Transmite sinais visuais de 8K\/60p e 4K\/120p, VR e 3D a longas dist\u00e2ncias<\/li>\n<li class=\"text-th-primary-dark\"><strong>Taxa de atualiza\u00e7\u00e3o r\u00e1pida<\/strong>Taxa de transfer\u00eancia de dados: 60 Hz com resolu\u00e7\u00e3o 8K UHD para imagens n\u00edtidas e precisas; taxas mais elevadas para resolu\u00e7\u00f5es mais baixas<\/li>\n<li class=\"text-th-primary-dark\"><strong>HDR Din\u00e2mico<\/strong>: Otimiza contraste, profundidade, brilho e gama de cores quadro a quadro<\/li>\n<li class=\"text-th-primary-dark\"><strong>eARC aprimorado<\/strong>: Simplifica a conectividade e a otimiza\u00e7\u00e3o de \u00e1udio para v\u00e1rios componentes<\/li>\n<li class=\"text-th-primary-dark\"><strong>\u00c1udio de alta qualidade<\/strong>: Suporta at\u00e9 192 kHz, 24 bits, 5.1 e 7.1 n\u00e3o compactados, formatos sem perdas Dolby e \u00e1udio de 32 canais<\/li>\n<li class=\"text-th-primary-dark\"><strong>VRR para jogos<\/strong>: Jogabilidade fluida com lag m\u00ednimo, trepida\u00e7\u00e3o e quebra de quadro<\/li>\n<li class=\"text-th-primary-dark\"><strong>Caracter\u00edsticas avan\u00e7adas<\/strong>: Suporta EDID, fun\u00e7\u00e3o de detec\u00e7\u00e3o autom\u00e1tica, ALLM, QMS e QFT<\/li>\n<li class=\"text-th-primary-dark\"><strong>Constru\u00e7\u00e3o dur\u00e1vel<\/strong>: Carca\u00e7a em liga de zinco, conectores banhados a ouro resistentes \u00e0 corros\u00e3o<\/li>\n<li class=\"text-th-primary-dark\"><strong>Resist\u00eancia EMI<\/strong>: Alta resist\u00eancia \u00e0 interfer\u00eancia eletromagn\u00e9tica, garantindo um ambiente seguro e livre de radia\u00e7\u00e3o<\/li>\n<li class=\"text-th-primary-dark\"><strong>Customiz\u00e1vel<\/strong>: Comprimento m\u00e1ximo de at\u00e9 150 m (m\u00e1ximo de 30 m para eARC), comprimento personalizado, logotipo e embalagem dispon\u00edveis<\/li>\n<\/ul>\n<p><strong>Formul\u00e1rios:<\/strong><\/p>\n<ul>\n<li>Assinatura digital<\/li>\n<li>Sinais e monitores de LED para est\u00e1dios, hospitais, shoppings<\/li>\n<li>Equipamento de imagiologia m\u00e9dica<\/li>\n<li>Sistema de informa\u00e7\u00f5es de v\u00eddeo de embarque no aeroporto<\/li>\n<li>Home Theater, Blu-ray, v\u00eddeo 3D, projetor, set-top box, DVR, controle de console de jogos e conex\u00e3o de monitor<\/li>\n<li>Esta\u00e7\u00e3o de r\u00e1dio e TV<\/li>\n<li>Equipamento de videoconfer\u00eancia<\/li>\n<li>Sistema de monitoramento de seguran\u00e7a<\/li>\n<\/ul>","protected":false},"excerpt":{"rendered":"<ul>\n<li>Design retr\u00e1til e duradouro com tampas de prote\u00e7\u00e3o;<\/li>\n<li>Prolonga sinais de v\u00eddeo completos de 7680 x 4320(8K), 4096 x 2160 (4K), 3840 x 2160 (2K) a 60Hz 4:4:4 at\u00e9 150m (492ft)<\/li>\n<li>Totalmente compat\u00edvel com as especifica\u00e7\u00f5es HDMI 1.4, 2.0 e 2.1, incluindo eARC, rela\u00e7\u00e3o de aspeto 21:9 e muito mais<\/li>\n<li>Compat\u00edvel com PCM, DTS-HD Master e Dolby Digital True HD Surround Sound<\/li>\n<li>Perfil EMI\/RFI praticamente zero para desempenho impec\u00e1vel<\/li>\n<li>O design h\u00edbrido de fibra\/cobre n\u00e3o requer alimenta\u00e7\u00e3o externa<\/li>\n<li>Suporta HDCP 2.2\/EDID\/DDC\/CEC<\/li>\n<li>Comprimento personalizado at\u00e9 150m<\/li>\n<\/ul>","protected":false},"featured_media":1090,"comment_status":"open","ping_status":"closed","template":"","meta":{"rs_blank_template":"","rs_page_bg_color":"","slide_template_v7":""},"product_brand":[],"product_cat":[488,38,76,24,108],"product_tag":[169,40,165,168,35,164,166,96,29,167],"class_list":{"0":"post-711","1":"product","2":"type-product","3":"status-publish","4":"has-post-thumbnail","6":"product_cat-solution-audio-visual","7":"product_cat-hdmi-2-1","8":"product_cat-hot-sellers","9":"product_cat-optical-hdmi-cables","10":"product_cat-shop","11":"product_tag-8k-hdmi-aoc","12":"product_tag-8k-hdmi-fiber-cable","13":"product_tag-active-optical-hdmi-2-1-cable","14":"product_tag-armored-8k-hdmi-2-1-cable","15":"product_tag-hdmi-2-1-aoc","16":"product_tag-hdmi-2-1-fiber","17":"product_tag-hdmi-2-1-optical-cable","18":"product_tag-hdmi-aoc","19":"product_tag-optical-hdmi-cable","20":"product_tag-tactical-hdmi-aoc","22":"first","23":"instock","24":"shipping-taxable","25":"product-type-simple"},"aioseo_notices":[],"_links":{"self":[{"href":"https:\/\/www.aocfiberlink.com\/pt\/wp-json\/wp\/v2\/product\/711","targetHints":{"allow":["GET"]}}],"collection":[{"href":"https:\/\/www.aocfiberlink.com\/pt\/wp-json\/wp\/v2\/product"}],"about":[{"href":"https:\/\/www.aocfiberlink.com\/pt\/wp-json\/wp\/v2\/types\/product"}],"replies":[{"embeddable":true,"href":"https:\/\/www.aocfiberlink.com\/pt\/wp-json\/wp\/v2\/comments?post=711"}],"wp:featuredmedia":[{"embeddable":true,"href":"https:\/\/www.aocfiberlink.com\/pt\/wp-json\/wp\/v2\/media\/1090"}],"wp:attachment":[{"href":"https:\/\/www.aocfiberlink.com\/pt\/wp-json\/wp\/v2\/media?parent=711"}],"wp:term":[{"taxonomy":"product_brand","embeddable":true,"href":"https:\/\/www.aocfiberlink.com\/pt\/wp-json\/wp\/v2\/product_brand?post=711"},{"taxonomy":"product_cat","embeddable":true,"href":"https:\/\/www.aocfiberlink.com\/pt\/wp-json\/wp\/v2\/product_cat?post=711"},{"taxonomy":"product_tag","embeddable":true,"href":"https:\/\/www.aocfiberlink.com\/pt\/wp-json\/wp\/v2\/product_tag?post=711"}],"curies":[{"name":"wp","href":"https:\/\/api.w.org\/{rel}","templated":true}]}}