{"id":811,"date":"2024-07-17T10:08:51","date_gmt":"2024-07-17T02:08:51","guid":{"rendered":"https:\/\/www.aocfiberlink.com\/?post_type=product&#038;p=811"},"modified":"2025-07-30T07:36:10","modified_gmt":"2025-07-29T23:36:10","slug":"destacavel-hdmi-20-aoc-ativo-optico-cabo-2","status":"publish","type":"product","link":"https:\/\/www.aocfiberlink.com\/pt\/product\/detachable-8k-active-optical-hdmi-cable-latching\/","title":{"rendered":"Cabo HDMI \u00f3tico ativo 8K amov\u00edvel, com trav\u00e3o, DM-DM, 48Gbps"},"content":{"rendered":"<p>The FHDC-21DD-XX serires <strong>Detacbale 8K Hybrid Active Optical HDMI 2.1 Cables <\/strong>are also called HDMI 2.1 AOC, <a href=\"https:\/\/www.aocfiberlink.com\/pt\/produto\/8k-active-optical-hdmi-2-1-fiber-cable-type-am-to-type-am-48gbps\/\">HDMI 2.1 Active Optical Cable<\/a>, <a href=\"https:\/\/www.aocfiberlink.com\/pt\/produto\/locking-hdmi-2-1-aoc-active-optical-cable-armored-8k60hz-48gbps\/\">Fiber Optic HDMI 2.1 Cable<\/a>, <a href=\"https:\/\/www.aocfiberlink.com\/pt\/categoria-produto\/optical-hdmi-cables\/\">Cabo \u00f3ptico HDMI<\/a>, Active HDMI Cable, Active Optical HDMI Cable.<\/p>\n<p>Constru\u00eddo com a\u00e7o inoxid\u00e1vel de alta qualidade e cabo de fibra \u00f3ptica h\u00edbrido refor\u00e7ado (4 Fibras e 7 Cobres), os Cabos \u00d3pticos Armored HDMI 2.1 AOC-Active oferecem durabilidade e resili\u00eancia excepcionais. Com uma armadura resistente a esmagamento capaz de suportar at\u00e9 500kg de for\u00e7a, esses cabos s\u00e3o projetados para ambientes exigentes. A jaqueta de TPU de n\u00edvel industrial oferece uma ampla faixa de temperatura operacional (-40 \u2103 a +80 \u2103), tornando-os perfeitos para uso em ambientes desafiadores, como cirurgias m\u00e9dicas, aluguel de eventos ao vivo, militares, a bordo, estadiamento tempor\u00e1rio ou em qualquer lugar que exija tempo prolongado Cabos HDMI em condi\u00e7\u00f5es dif\u00edceis.<\/p>\n<p>The FHDC-21DD-XX series Detachable 8K Hybrid Active Optical HDMI 2.1 AOC Cables, transmit ultra-high-speed signals of up to 48Gbps and 8K@60Hz resolution, 4:4:4 color subsampling, HDR,eARC without any signal loss. These EMI-resistant Detachable Fiber Optic HDMI Cables, compliant with HDMI 2.1 specifications, deliver unparalleled visual quality with up to 8K resolution and a refresh rate of up to 144Hz. Immerse yourself in an exceptional entertainment and gaming experience. The optical solution ensures lossless transmission even over long distances, guaranteeing superior signal quality.<\/p>\n<p><strong>Recursos de destaque:<\/strong><\/p>\n<ul>\n<li class=\"text-th-primary-dark\"><strong>Resolu\u00e7\u00e3o de alta qualidade<\/strong>: Suporta 8K@60Hz, 4K@144Hz, 4K@120Hz de acordo com as especifica\u00e7\u00f5es HDMI 2.1, compat\u00edvel com vers\u00f5es anteriores<\/li>\n<li class=\"text-th-primary-dark\"><strong>Alta largura de banda<\/strong>: capacidade de 48 Gbps, compat\u00edvel com vers\u00f5es anteriores<\/li>\n<li class=\"text-th-primary-dark\"><strong>Transmiss\u00e3o sem perdas<\/strong>: Oferece visuais de 8K a 60 Hz, VR e sinais de exibi\u00e7\u00e3o 3D em longas dist\u00e2ncias<\/li>\n<li class=\"text-th-primary-dark\"><strong>Taxa de atualiza\u00e7\u00e3o r\u00e1pida<\/strong>: 120Hz em resolu\u00e7\u00e3o 4K para imagens n\u00edtidas e precisas; taxas mais altas em resolu\u00e7\u00f5es mais baixas<\/li>\n<li class=\"text-th-primary-dark\"><strong>HDR Din\u00e2mico<\/strong>: Otimiza contraste, profundidade, brilho e gama de cores quadro a quadro<\/li>\n<li class=\"text-th-primary-dark\"><strong>eARC aprimorado<\/strong>: Simplifica a conectividade e a otimiza\u00e7\u00e3o de \u00e1udio para v\u00e1rios componentes<\/li>\n<li class=\"text-th-primary-dark\"><strong>\u00c1udio de alta qualidade<\/strong>: Suporta at\u00e9 192 kHz, 24 bits, 5.1 e 7.1 n\u00e3o compactados, formatos sem perdas Dolby e \u00e1udio de 32 canais<\/li>\n<li class=\"text-th-primary-dark\"><strong>VRR para jogos<\/strong>: Jogabilidade fluida com lag m\u00ednimo, trepida\u00e7\u00e3o e quebra de quadro<\/li>\n<li class=\"text-th-primary-dark\"><strong>Caracter\u00edsticas avan\u00e7adas<\/strong>: Suporta EDID, fun\u00e7\u00e3o de detec\u00e7\u00e3o autom\u00e1tica, ALLM, QMS e QFT<\/li>\n<li class=\"text-th-primary-dark\"><strong>Constru\u00e7\u00e3o dur\u00e1vel<\/strong>: Carca\u00e7a em liga de zinco, conectores banhados a ouro resistentes \u00e0 corros\u00e3o<\/li>\n<li class=\"text-th-primary-dark\"><strong>Resist\u00eancia EMI<\/strong>: Alta resist\u00eancia \u00e0 interfer\u00eancia eletromagn\u00e9tica, garantindo um ambiente seguro e livre de radia\u00e7\u00e3o<\/li>\n<li class=\"text-th-primary-dark\"><strong>Customiz\u00e1vel<\/strong>: Comprimento m\u00e1ximo de at\u00e9 70 m (m\u00e1ximo de 30 m para eARC), comprimento personalizado, logotipo e embalagem dispon\u00edveis<\/li>\n<\/ul>\n<p><strong>Formul\u00e1rios:<\/strong><\/p>\n<ul>\n<li>Assinatura digital<\/li>\n<li>Sinais e monitores de LED para est\u00e1dios, hospitais, shoppings<\/li>\n<li>Equipamento de imagiologia m\u00e9dica<\/li>\n<li>Sistema de informa\u00e7\u00f5es de v\u00eddeo de embarque no aeroporto<\/li>\n<li>Home Theater, Blu-ray, v\u00eddeo 3D, projetor, set-top box, DVR, controle de console de jogos e conex\u00e3o de monitor<\/li>\n<li>Esta\u00e7\u00e3o de r\u00e1dio e TV<\/li>\n<li>Equipamento de videoconfer\u00eancia<\/li>\n<li>Sistema de monitoramento de seguran\u00e7a<\/li>\n<\/ul>","protected":false},"excerpt":{"rendered":"<ul>\n<li>Extend full 8K@60Hz, 4K@144Hz, 4K@120Hz as per HDMI 2.1 video signals up to 150m (492ft)<\/li>\n<li>Fully supports HDMI 2.1 spec, including eARC, 21:9 Aspect Ratio and more<\/li>\n<li>Compat\u00edvel com PCM, DTS-HD Master e Dolby Digital True HD Surround Sound<\/li>\n<li>Perfil EMI\/RFI praticamente zero para desempenho impec\u00e1vel<\/li>\n<li>O design h\u00edbrido de fibra\/cobre n\u00e3o requer alimenta\u00e7\u00e3o externa<\/li>\n<li>Suporta HDCP 2.2\/EDID\/DDC\/CEC<\/li>\n<\/ul>","protected":false},"featured_media":329,"comment_status":"open","ping_status":"closed","template":"","meta":{"rs_blank_template":"","rs_page_bg_color":"","slide_template_v7":""},"product_brand":[683],"product_cat":[488,489,490,38,76,24,108,493],"product_tag":[40,39,30,33,41,35,29],"class_list":{"0":"post-811","1":"product","2":"type-product","3":"status-publish","4":"has-post-thumbnail","6":"product_brand-aocfiberlink","7":"product_cat-solution-audio-visual","8":"product_cat-solution-education","9":"product_cat-solution-hd-conferences","10":"product_cat-hdmi-2-1","11":"product_cat-hot-sellers","12":"product_cat-optical-hdmi-cables","13":"product_cat-shop","14":"product_cat-solution-smart-home","15":"product_tag-8k-hdmi-fiber-cable","16":"product_tag-active-hdmi-2-1-cable","17":"product_tag-active-hdmi-cable","18":"product_tag-active-optical-hdmi-cable","19":"product_tag-fiber-optic-hdmi-2-1-cable","20":"product_tag-hdmi-2-1-aoc","21":"product_tag-optical-hdmi-cable","23":"first","24":"instock","25":"shipping-taxable","26":"product-type-simple"},"aioseo_notices":[],"_links":{"self":[{"href":"https:\/\/www.aocfiberlink.com\/pt\/wp-json\/wp\/v2\/product\/811","targetHints":{"allow":["GET"]}}],"collection":[{"href":"https:\/\/www.aocfiberlink.com\/pt\/wp-json\/wp\/v2\/product"}],"about":[{"href":"https:\/\/www.aocfiberlink.com\/pt\/wp-json\/wp\/v2\/types\/product"}],"replies":[{"embeddable":true,"href":"https:\/\/www.aocfiberlink.com\/pt\/wp-json\/wp\/v2\/comments?post=811"}],"wp:featuredmedia":[{"embeddable":true,"href":"https:\/\/www.aocfiberlink.com\/pt\/wp-json\/wp\/v2\/media\/329"}],"wp:attachment":[{"href":"https:\/\/www.aocfiberlink.com\/pt\/wp-json\/wp\/v2\/media?parent=811"}],"wp:term":[{"taxonomy":"product_brand","embeddable":true,"href":"https:\/\/www.aocfiberlink.com\/pt\/wp-json\/wp\/v2\/product_brand?post=811"},{"taxonomy":"product_cat","embeddable":true,"href":"https:\/\/www.aocfiberlink.com\/pt\/wp-json\/wp\/v2\/product_cat?post=811"},{"taxonomy":"product_tag","embeddable":true,"href":"https:\/\/www.aocfiberlink.com\/pt\/wp-json\/wp\/v2\/product_tag?post=811"}],"curies":[{"name":"wp","href":"https:\/\/api.w.org\/{rel}","templated":true}]}}