{"id":911,"date":"2023-01-01T10:05:38","date_gmt":"2023-01-01T02:05:38","guid":{"rendered":"https:\/\/www.aocfiberlink.com\/?post_type=product&#038;p=911"},"modified":"2025-10-25T10:29:11","modified_gmt":"2025-10-25T02:29:11","slug":"retratil-4k-hdmi-2-0-aoc-reel-blindado-ativo-cabo-optico-am-to-am-100m-3","status":"publish","type":"product","link":"https:\/\/www.aocfiberlink.com\/pt\/product\/armored-8k-fiber-optic-hdmi2-extension-cable-on-roxtone-drum\/","title":{"rendered":"Cabo de extens\u00e3o HDMI2.1 de fibra \u00f3tica 8K blindado quatro em um na bateria Roxtone"},"content":{"rendered":"<h5>Four-In-One Armored 8K Fiber Optic HDMI2.1 MPO Extension Cable,on Roxtone PCD cable drum<\/h5>\n<div id=\"attachment_467\" style=\"width: 1034px\" class=\"wp-caption aligncenter\"><img loading=\"lazy\" decoding=\"async\" aria-describedby=\"caption-attachment-467\" class=\"size-large wp-image-467\" src=\"https:\/\/www.aocfiberlink.com\/wp-content\/uploads\/2023\/06\/aocfiberlink-audio-visual-solution-1250-1024x441.jpg\" alt=\"aocfiberlink-solu\u00e7\u00e3o-audio-visual-1250\" width=\"1024\" height=\"441\" srcset=\"https:\/\/www.aocfiberlink.com\/wp-content\/uploads\/2023\/06\/aocfiberlink-audio-visual-solution-1250-1024x441.jpg 1024w, https:\/\/www.aocfiberlink.com\/wp-content\/uploads\/2023\/06\/aocfiberlink-audio-visual-solution-1250-600x258.jpg 600w, https:\/\/www.aocfiberlink.com\/wp-content\/uploads\/2023\/06\/aocfiberlink-audio-visual-solution-1250-300x129.jpg 300w, https:\/\/www.aocfiberlink.com\/wp-content\/uploads\/2023\/06\/aocfiberlink-audio-visual-solution-1250-768x331.jpg 768w, https:\/\/www.aocfiberlink.com\/wp-content\/uploads\/2023\/06\/aocfiberlink-audio-visual-solution-1250-150x65.jpg 150w, https:\/\/www.aocfiberlink.com\/wp-content\/uploads\/2023\/06\/aocfiberlink-audio-visual-solution-1250-480x207.jpg 480w, https:\/\/www.aocfiberlink.com\/wp-content\/uploads\/2023\/06\/aocfiberlink-audio-visual-solution-1250.jpg 1250w\" sizes=\"auto, (max-width:767px) 480px, (max-width:1024px) 100vw, 1024px\" \/><p id=\"caption-attachment-467\" class=\"wp-caption-text\">aocfiberlink-audio-visual-solution<\/p><\/div>\n<p>The FPHD-K2104 <strong>Armored Four-In-One 8K Fiber Optic HDMI2.1 MPO Extension Cable drum <\/strong>is a game-changer for 8K HDMI signal transmission, especially for live events organizers &amp; rental service providers and video producers to solve the pain points below:<\/p>\n<ul style=\"padding-left: 25px;\">\n<li>Frustrated by the hefty shipping bills for multiple HDMI cable reels ?<\/li>\n<li>Tired of replacing entire reels for one faulty HDMI head?<\/li>\n<li>Worried about signal quality and distance?<\/li>\n<li>Fret about multiple MEDIA CONVERTER power supplies ?<\/li>\n<\/ul>\n<p>This Four-In-One 8K Pure Fiber Optical HDMI Extension Cable Drum comes with following accessories:<\/p>\n<ul>\n<li>1x stainless steel armored, TPU sheathed, 24-core Fiber Optic Jumper Cable with MPO connections on both terminations as extension interfaces;<\/li>\n<li>1x Roxtone PCD 235\/310\/380 portable cable drum with winder &amp; protection caps;<\/li>\n<li>4x detachable 8K Fiber Optic HDMI 2.1 to MPO AOC Cable for Source side;<\/li>\n<li>4x detachable MPO to 8K Fiber Optic HDMI 2.1 AOC Cable for Display side (with external USB-A 2.0 Power Supply)<\/li>\n<\/ul>\n<div id=\"attachment_1051\" style=\"width: 1326px\" class=\"wp-caption alignnone\"><img loading=\"lazy\" decoding=\"async\" aria-describedby=\"caption-attachment-1051\" class=\"size-full wp-image-1051\" src=\"https:\/\/www.aocfiberlink.com\/wp-content\/uploads\/2024\/01\/IMG_20240625185414-\u526f\u672c1.png\" alt=\"Detachable 8K Fiber Optical HDMI 2.1 Extension Cable\" width=\"1316\" height=\"521\" srcset=\"https:\/\/www.aocfiberlink.com\/wp-content\/uploads\/2024\/01\/IMG_20240625185414-\u526f\u672c1.png 1316w, https:\/\/www.aocfiberlink.com\/wp-content\/uploads\/2024\/01\/IMG_20240625185414-\u526f\u672c1-300x119.png 300w, https:\/\/www.aocfiberlink.com\/wp-content\/uploads\/2024\/01\/IMG_20240625185414-\u526f\u672c1-1024x405.png 1024w, https:\/\/www.aocfiberlink.com\/wp-content\/uploads\/2024\/01\/IMG_20240625185414-\u526f\u672c1-768x304.png 768w, https:\/\/www.aocfiberlink.com\/wp-content\/uploads\/2024\/01\/IMG_20240625185414-\u526f\u672c1-18x7.png 18w, https:\/\/www.aocfiberlink.com\/wp-content\/uploads\/2024\/01\/IMG_20240625185414-\u526f\u672c1-150x59.png 150w, https:\/\/www.aocfiberlink.com\/wp-content\/uploads\/2024\/01\/IMG_20240625185414-\u526f\u672c1-480x190.png 480w, https:\/\/www.aocfiberlink.com\/wp-content\/uploads\/2024\/01\/IMG_20240625185414-\u526f\u672c1-600x238.png 600w\" sizes=\"auto, (max-width:767px) 480px, (max-width:1316px) 100vw, 1316px\" \/><p id=\"caption-attachment-1051\" class=\"wp-caption-text\">Detachable 8K Fiber Optical HDMI 2.1 Extension Cable<\/p><\/div>\n<p>Crafted with high-quality 24-core OM3 pure fiber optical cable, this 8K Fiber Optical HDMI Cable are designed to extend the transmission distance between data source and display devices with a maximum length of 500 meters for 4K\/120p HD &amp; 200 meters for 8K\/60p UHD, which offer unmatched transmission capabilities with a maximum data rate of 48Gbps.<\/p>\n<p>Supplied with detachable 8K Fiber Optical HDMI AOC cables for the source and display sides, you can easily send the HDMI connecions for repairing or for easy replacement when any of the HDMI connection fails to work. You don&#8217;t need to send the whole cable again or even throw the whole cable for just one connection broken. Four-In-One design also saves space and transportation cost.<\/p>\n<p>It&#8217;s indeed an ideal alternative replacement for #<a href=\"https:\/\/shop.klotz-ais.com\/foauhw.html\">Klotz FOAUHW<\/a>, #<a href=\"https:\/\/www1.kramerav.com\/hk\/Product\/CRS-PlugNView-H\">Kramer CRS-PlugNView<\/a>,#<a href=\"https:\/\/www.bhphotovideo.com\/c\/product\/1672319-REG\/techlogix_networx_mofo_hd20st_100_mofo_media_over_fiber.html\">TechLogix Networx MOFO-HD20ST<\/a>, #<a href=\"https:\/\/tripplite.eaton.com\/armored-hdmi-active-optical-cable-aoc-on-reel-4k-60hz-hdr-18-gbps-waterproof-shell-cap-70m-230ft~P568FA70MWR\">Tripplite<\/a> #<a href=\"http:\/\/Eaton P568FA series Armored\">Cabo HDMI \u00f3tico de alta velocidade blindado s\u00e9rie P568FA da Eaton<\/a> numa bobina de tambor port\u00e1til mas inquebr\u00e1vel.<\/p>\n<div id=\"attachment_1091\" style=\"width: 1034px\" class=\"wp-caption alignnone\"><img loading=\"lazy\" decoding=\"async\" aria-describedby=\"caption-attachment-1091\" class=\"size-large wp-image-1091\" src=\"https:\/\/www.aocfiberlink.com\/wp-content\/uploads\/2024\/01\/\u573a\u666f\u5e94\u75281\u5e26\u8bf4\u660e\u6c34\u5370-1024x1024.jpg\" alt=\"4-IN-1 Armored 8K Fiber Optic HDMI2.1 Extension Cable drum\" width=\"1024\" height=\"1024\" srcset=\"https:\/\/www.aocfiberlink.com\/wp-content\/uploads\/2024\/01\/\u573a\u666f\u5e94\u75281\u5e26\u8bf4\u660e\u6c34\u5370-1024x1024.jpg 1024w, https:\/\/www.aocfiberlink.com\/wp-content\/uploads\/2024\/01\/\u573a\u666f\u5e94\u75281\u5e26\u8bf4\u660e\u6c34\u5370-300x300.jpg 300w, https:\/\/www.aocfiberlink.com\/wp-content\/uploads\/2024\/01\/\u573a\u666f\u5e94\u75281\u5e26\u8bf4\u660e\u6c34\u5370-150x150.jpg 150w, https:\/\/www.aocfiberlink.com\/wp-content\/uploads\/2024\/01\/\u573a\u666f\u5e94\u75281\u5e26\u8bf4\u660e\u6c34\u5370-768x768.jpg 768w, https:\/\/www.aocfiberlink.com\/wp-content\/uploads\/2024\/01\/\u573a\u666f\u5e94\u75281\u5e26\u8bf4\u660e\u6c34\u5370-1536x1536.jpg 1536w, https:\/\/www.aocfiberlink.com\/wp-content\/uploads\/2024\/01\/\u573a\u666f\u5e94\u75281\u5e26\u8bf4\u660e\u6c34\u5370-12x12.jpg 12w, https:\/\/www.aocfiberlink.com\/wp-content\/uploads\/2024\/01\/\u573a\u666f\u5e94\u75281\u5e26\u8bf4\u660e\u6c34\u5370-75x75.jpg 75w, https:\/\/www.aocfiberlink.com\/wp-content\/uploads\/2024\/01\/\u573a\u666f\u5e94\u75281\u5e26\u8bf4\u660e\u6c34\u5370-480x480.jpg 480w, https:\/\/www.aocfiberlink.com\/wp-content\/uploads\/2024\/01\/\u573a\u666f\u5e94\u75281\u5e26\u8bf4\u660e\u6c34\u5370-500x500.jpg 500w, https:\/\/www.aocfiberlink.com\/wp-content\/uploads\/2024\/01\/\u573a\u666f\u5e94\u75281\u5e26\u8bf4\u660e\u6c34\u5370-600x600.jpg 600w, https:\/\/www.aocfiberlink.com\/wp-content\/uploads\/2024\/01\/\u573a\u666f\u5e94\u75281\u5e26\u8bf4\u660e\u6c34\u5370.jpg 1600w\" sizes=\"auto, (max-width:767px) 480px, (max-width:1024px) 100vw, 1024px\" \/><p id=\"caption-attachment-1091\" class=\"wp-caption-text\">4-IN-1 Armored 8K Fiber Optic HDMI2.1 Extension Cable drum<\/p><\/div>\n<p><strong>Recursos de destaque:<\/strong><\/p>\n<ul>\n<li><strong>Super Transmission Distance<\/strong>: custom length up to 500 meters for 4K\/120p HD &amp; 200 meters for 8K\/60p UHD;<\/li>\n<li><strong>Easy maintenance<\/strong> with replaceable junction HDMI AOC Cables;<\/li>\n<li><strong>Cost saving<\/strong> up to 80%;<\/li>\n<li><strong>Substitui\u00e7\u00e3o ideal<\/strong>para Klotz FOAUHW, Kramer CRS-PlugNView, TechLogix Networx MOFO-HD20ST, Tripplite #Eaton P568FA<\/li>\n<li class=\"text-th-primary-dark\"><strong>Compact &amp; Durable Design<\/strong>: Four-In-One design saves space, Durable Aluminum\/Steel Construction for less than 25 Lbs; Stackable Frame Design; Protection Caps Included;<\/li>\n<li><strong>Conformidade<\/strong> com a especifica\u00e7\u00e3o HDMI 1.4, 2.0 e 2.1;<\/li>\n<li class=\"text-th-primary-dark\"><strong>Alta largura de banda<\/strong>: Capacidade de 48 Gbps, garantindo uma transmiss\u00e3o r\u00e1pida e fi\u00e1vel de conte\u00fados multim\u00e9dia<\/li>\n<li class=\"text-th-primary-dark\"><strong>Transmiss\u00e3o sem perdas<\/strong>: Pure fiber delivers 8K\/60p and 4K\/120p visuals, VR, and 3D display signals over long distances<\/li>\n<li class=\"text-th-primary-dark\"><strong>HDR Din\u00e2mico<\/strong>: Otimiza contraste, profundidade, brilho e gama de cores quadro a quadro<\/li>\n<li class=\"text-th-primary-dark\"><strong>eARC aprimorado<\/strong>: Simplifica a conectividade e a otimiza\u00e7\u00e3o de \u00e1udio para v\u00e1rios componentes<\/li>\n<li class=\"text-th-primary-dark\"><strong>\u00c1udio de alta qualidade<\/strong>: Suporta at\u00e9 192 kHz, 24 bits, 5.1 e 7.1 n\u00e3o compactados, formatos sem perdas Dolby e \u00e1udio de 32 canais<\/li>\n<li class=\"text-th-primary-dark\"><strong>VRR para jogos<\/strong>: Jogabilidade fluida com lag m\u00ednimo, trepida\u00e7\u00e3o e quebra de quadro<\/li>\n<li class=\"text-th-primary-dark\"><strong>Caracter\u00edsticas avan\u00e7adas<\/strong>: Suporta EDID, fun\u00e7\u00e3o de detec\u00e7\u00e3o autom\u00e1tica, ALLM, QMS e QFT<\/li>\n<li class=\"text-th-primary-dark\"><strong>Resist\u00eancia EMI<\/strong>: Alta resist\u00eancia \u00e0 interfer\u00eancia eletromagn\u00e9tica, garantindo um ambiente seguro e livre de radia\u00e7\u00e3o<\/li>\n<li class=\"text-th-primary-dark\"><strong>Customiz\u00e1vel<\/strong>: Up to 500m maximum length (30m max for eARC), custom length, logo, and packaging available<\/li>\n<\/ul>\n<p><strong>Formul\u00e1rios:<\/strong><\/p>\n<ul>\n<li>Assinatura digital<\/li>\n<li>LED display and walls<\/li>\n<li>Equipamento de imagiologia m\u00e9dica<\/li>\n<li>Sistema de informa\u00e7\u00f5es de v\u00eddeo de embarque no aeroporto<\/li>\n<li>Home Theater, Blu-ray, v\u00eddeo 3D, projetor, set-top box, DVR, controle de console de jogos e conex\u00e3o de monitor<\/li>\n<li>Esta\u00e7\u00e3o de r\u00e1dio e TV<\/li>\n<li>Equipamento de videoconfer\u00eancia<\/li>\n<li>Sistema de monitoramento de seguran\u00e7a<\/li>\n<li>Media Server, Live Production System,Video Creation System and Switchers that have DP1.4 or HDMI 2.0\/2.1 in\/out interface<\/li>\n<\/ul>\n<p><img loading=\"lazy\" decoding=\"async\" class=\"size-large wp-image-495\" src=\"https:\/\/www.aocfiberlink.com\/wp-content\/uploads\/2023\/06\/Armored-HDMI-2.1-Hybrid-Active-Optical-Fiber-Cable-8K-with-portable-drum-reel-up-to-300m-application-1024x1024.jpg\" alt=\"Cabo de fibra \u00f3ptica ativo h\u00edbrido blindado HDMI 2.1 8K com carretel de bateria port\u00e1til at\u00e9 300m de aplica\u00e7\u00e3o\" width=\"1024\" height=\"1024\" srcset=\"https:\/\/www.aocfiberlink.com\/wp-content\/uploads\/2023\/06\/Armored-HDMI-2.1-Hybrid-Active-Optical-Fiber-Cable-8K-with-portable-drum-reel-up-to-300m-application-1024x1024.jpg 1024w, https:\/\/www.aocfiberlink.com\/wp-content\/uploads\/2023\/06\/Armored-HDMI-2.1-Hybrid-Active-Optical-Fiber-Cable-8K-with-portable-drum-reel-up-to-300m-application-500x500.jpg 500w, https:\/\/www.aocfiberlink.com\/wp-content\/uploads\/2023\/06\/Armored-HDMI-2.1-Hybrid-Active-Optical-Fiber-Cable-8K-with-portable-drum-reel-up-to-300m-application-300x300.jpg 300w, https:\/\/www.aocfiberlink.com\/wp-content\/uploads\/2023\/06\/Armored-HDMI-2.1-Hybrid-Active-Optical-Fiber-Cable-8K-with-portable-drum-reel-up-to-300m-application-600x600.jpg 600w, https:\/\/www.aocfiberlink.com\/wp-content\/uploads\/2023\/06\/Armored-HDMI-2.1-Hybrid-Active-Optical-Fiber-Cable-8K-with-portable-drum-reel-up-to-300m-application-150x150.jpg 150w, https:\/\/www.aocfiberlink.com\/wp-content\/uploads\/2023\/06\/Armored-HDMI-2.1-Hybrid-Active-Optical-Fiber-Cable-8K-with-portable-drum-reel-up-to-300m-application-768x768.jpg 768w, https:\/\/www.aocfiberlink.com\/wp-content\/uploads\/2023\/06\/Armored-HDMI-2.1-Hybrid-Active-Optical-Fiber-Cable-8K-with-portable-drum-reel-up-to-300m-application-75x75.jpg 75w, https:\/\/www.aocfiberlink.com\/wp-content\/uploads\/2023\/06\/Armored-HDMI-2.1-Hybrid-Active-Optical-Fiber-Cable-8K-with-portable-drum-reel-up-to-300m-application-480x480.jpg 480w, https:\/\/www.aocfiberlink.com\/wp-content\/uploads\/2023\/06\/Armored-HDMI-2.1-Hybrid-Active-Optical-Fiber-Cable-8K-with-portable-drum-reel-up-to-300m-application.jpg 1500w\" sizes=\"auto, (max-width:767px) 480px, (max-width:1024px) 100vw, 1024px\" \/><\/p>\n<h4><strong>Video Introduction About this 4-IN-1 Armored 8K HDMI Fiber Optical Cable Drum<\/strong><\/h4>\n<p><iframe loading=\"lazy\" title=\"Game-changing Armored 4-IN-1 Optical HDMI Cable Drum? Check it out #armored #opticalhdmi #hdmicable\" width=\"1220\" height=\"686\" src=\"https:\/\/www.youtube.com\/embed\/xOMmKKPmgwc?feature=oembed\" frameborder=\"0\" allow=\"accelerometer; autoplay; clipboard-write; encrypted-media; gyroscope; picture-in-picture; web-share\" referrerpolicy=\"strict-origin-when-cross-origin\" allowfullscreen><\/iframe><\/p>\n<h4 class=\"title\">Blog: <a href=\"https:\/\/www.aocfiberlink.com\/pt\/seven-advantages-of-choosing-fphd-k2104-four-in-one-armored-8k-fiber-optic-hdmi-2-1-extension-cable-on-roxtone-drum-reel\/\">Seven Advantages of choosing FPHD-K2104 Four-In-One Armored 8K Fiber Optic HDMI 2.1 Extension Cable on Roxtone drum reel<\/a><a href=\"https:\/\/www.aocfiberlink.com\/pt\/7-advantages-of-4-in-1-armored-8k-fiber-optic-hdmi-2-1-extension-cable-on-roxtone-drum-reel\/\"><img loading=\"lazy\" decoding=\"async\" class=\"size-large wp-image-1805 alignleft\" src=\"https:\/\/www.aocfiberlink.com\/wp-content\/uploads\/2024\/11\/7-Advantages-of-4-In-1-Armored-8K-Fiber-Optic-HDMI-2.1-Extension-Cable-on-Roxtone-drum-reel-1024x576.webp\" alt=\"7 Vantagens do cabo de extens\u00e3o HDMI 2.1 de fibra \u00f3tica 8K blindado 4 em 1 em bobina de tambor Roxtone\" width=\"1024\" height=\"576\" srcset=\"https:\/\/www.aocfiberlink.com\/wp-content\/uploads\/2024\/11\/7-Advantages-of-4-In-1-Armored-8K-Fiber-Optic-HDMI-2.1-Extension-Cable-on-Roxtone-drum-reel-1024x576.webp 1024w, https:\/\/www.aocfiberlink.com\/wp-content\/uploads\/2024\/11\/7-Advantages-of-4-In-1-Armored-8K-Fiber-Optic-HDMI-2.1-Extension-Cable-on-Roxtone-drum-reel-300x169.webp 300w, https:\/\/www.aocfiberlink.com\/wp-content\/uploads\/2024\/11\/7-Advantages-of-4-In-1-Armored-8K-Fiber-Optic-HDMI-2.1-Extension-Cable-on-Roxtone-drum-reel-768x432.webp 768w, https:\/\/www.aocfiberlink.com\/wp-content\/uploads\/2024\/11\/7-Advantages-of-4-In-1-Armored-8K-Fiber-Optic-HDMI-2.1-Extension-Cable-on-Roxtone-drum-reel-1536x864.webp 1536w, https:\/\/www.aocfiberlink.com\/wp-content\/uploads\/2024\/11\/7-Advantages-of-4-In-1-Armored-8K-Fiber-Optic-HDMI-2.1-Extension-Cable-on-Roxtone-drum-reel-18x10.webp 18w, https:\/\/www.aocfiberlink.com\/wp-content\/uploads\/2024\/11\/7-Advantages-of-4-In-1-Armored-8K-Fiber-Optic-HDMI-2.1-Extension-Cable-on-Roxtone-drum-reel-133x75.webp 133w, https:\/\/www.aocfiberlink.com\/wp-content\/uploads\/2024\/11\/7-Advantages-of-4-In-1-Armored-8K-Fiber-Optic-HDMI-2.1-Extension-Cable-on-Roxtone-drum-reel-960x540.webp 960w, https:\/\/www.aocfiberlink.com\/wp-content\/uploads\/2024\/11\/7-Advantages-of-4-In-1-Armored-8K-Fiber-Optic-HDMI-2.1-Extension-Cable-on-Roxtone-drum-reel-480x270.webp 480w, https:\/\/www.aocfiberlink.com\/wp-content\/uploads\/2024\/11\/7-Advantages-of-4-In-1-Armored-8K-Fiber-Optic-HDMI-2.1-Extension-Cable-on-Roxtone-drum-reel-600x338.webp 600w, https:\/\/www.aocfiberlink.com\/wp-content\/uploads\/2024\/11\/7-Advantages-of-4-In-1-Armored-8K-Fiber-Optic-HDMI-2.1-Extension-Cable-on-Roxtone-drum-reel.webp 1600w\" sizes=\"auto, (max-width:767px) 480px, (max-width:1024px) 100vw, 1024px\" \/><\/a><\/h4>","protected":false},"excerpt":{"rendered":"<p>-Rectractable &amp; Durable design with Roxtone PCD drums &amp; protection caps;<\/p>\n<p>-Four sets 1.5 Meters long detachable snap-on MPO to HDMI cable on each side;<\/p>\n<p>-Extend full 7680 x 4320(8K), 4096 x 2160 (4K), 3840 x 2160 (2K) at 60Hz 4:4:4 video signals<\/p>\n<p>-Fully supports HDMI 1.4, 2.0 &amp; 2.1 spec, including eARC, 21:9 Aspect Ratio and more<\/p>\n<p>-Compat\u00edvel com PCM, DTS-HD Master e Dolby Digital True HD Surround Sound<\/p>\n<p>-Pure fiber transmits EMI-Free singnal up to 500m for 4K\/60P<\/p>\n<p>-Suporta HDCP 2.2 \/ EDID \/ DDC \/ CEC<\/p>\n<p>-Custom MPO jumper cable length up to 500m<\/p>","protected":false},"featured_media":1222,"comment_status":"open","ping_status":"closed","template":"","meta":{"rs_blank_template":"","rs_page_bg_color":"","slide_template_v7":""},"product_brand":[],"product_cat":[488,38,76,24],"product_tag":[245,328,329,246,301,40,248,417,249,247,414,35,164,166,415,416,29],"class_list":{"0":"post-911","1":"product","2":"type-product","3":"status-publish","4":"has-post-thumbnail","6":"product_cat-solution-audio-visual","7":"product_cat-hdmi-2-1","8":"product_cat-hot-sellers","9":"product_cat-optical-hdmi-cables","10":"product_tag-8k-fiber-optic","11":"product_tag-8k-fiber-optic-extender","12":"product_tag-8k-fiber-optic-extension","13":"product_tag-8k-fiber-optical-hdmi","14":"product_tag-8k-hdmi-cable-drum","15":"product_tag-8k-hdmi-fiber-cable","16":"product_tag-8k-optical-hdmi-cable","17":"product_tag-8k-pure-fiber-optical","18":"product_tag-armored-8k-hdmi-cable","19":"product_tag-armored-8k-optical-hdmi","20":"product_tag-fiber-optical-hdmi2-1","21":"product_tag-hdmi-2-1-aoc","22":"product_tag-hdmi-2-1-fiber","23":"product_tag-hdmi-2-1-optical-cable","24":"product_tag-hdmi2-1-extension","25":"product_tag-hdmi2-1-extension-cable","26":"product_tag-optical-hdmi-cable","28":"first","29":"instock","30":"shipping-taxable","31":"product-type-simple"},"aioseo_notices":[],"_links":{"self":[{"href":"https:\/\/www.aocfiberlink.com\/pt\/wp-json\/wp\/v2\/product\/911","targetHints":{"allow":["GET"]}}],"collection":[{"href":"https:\/\/www.aocfiberlink.com\/pt\/wp-json\/wp\/v2\/product"}],"about":[{"href":"https:\/\/www.aocfiberlink.com\/pt\/wp-json\/wp\/v2\/types\/product"}],"replies":[{"embeddable":true,"href":"https:\/\/www.aocfiberlink.com\/pt\/wp-json\/wp\/v2\/comments?post=911"}],"wp:featuredmedia":[{"embeddable":true,"href":"https:\/\/www.aocfiberlink.com\/pt\/wp-json\/wp\/v2\/media\/1222"}],"wp:attachment":[{"href":"https:\/\/www.aocfiberlink.com\/pt\/wp-json\/wp\/v2\/media?parent=911"}],"wp:term":[{"taxonomy":"product_brand","embeddable":true,"href":"https:\/\/www.aocfiberlink.com\/pt\/wp-json\/wp\/v2\/product_brand?post=911"},{"taxonomy":"product_cat","embeddable":true,"href":"https:\/\/www.aocfiberlink.com\/pt\/wp-json\/wp\/v2\/product_cat?post=911"},{"taxonomy":"product_tag","embeddable":true,"href":"https:\/\/www.aocfiberlink.com\/pt\/wp-json\/wp\/v2\/product_tag?post=911"}],"curies":[{"name":"wp","href":"https:\/\/api.w.org\/{rel}","templated":true}]}}