{"id":954,"date":"2024-01-02T05:00:34","date_gmt":"2024-01-01T21:00:34","guid":{"rendered":"https:\/\/www.aocfiberlink.com\/?post_type=product&#038;p=954"},"modified":"2025-10-25T10:47:28","modified_gmt":"2025-10-25T02:47:28","slug":"usb-3-1-gen-2-aoc-active-optical-cableam-to-af50m10gbps-4","status":"publish","type":"product","link":"https:\/\/www.aocfiberlink.com\/pt\/product\/usb3-pure-fiber-active-optical-extension-cable\/","title":{"rendered":"Cabo de extens\u00e3o \u00f3tica ativa de fibra pura USB3.1 - AM para AF-100m-5Gbps"},"content":{"rendered":"<p>The FPUC-3001 serires <strong>USB 3.1 Fiber Active Optical Extension Cable-type A Male to type A Female, with power supply Y-cable <\/strong>are also called USB 3.0 AOC, Fiber Optic USB Cable, Optical USB Cable, USB Active Optical Cable,USB Active Optical Extension Cable. They are specifically designed to extend the transmission distance between USB hosts and devices, and each cable consists of two USB 3.0 Standard-A connectors. The transmission distance can be up to 100m (330ft) through OM3 pure fiber optical cable, with maximum transmission of 5Gbps.<\/p>\n<p>FPUC-3001 device side is powered by its Y-cable.<\/p>\n<p><strong>Recursos de destaque:<\/strong><\/p>\n<ul>\n<li class=\"text-th-primary-dark\"><strong>High Bandwidth:<\/strong> complied with USB 3.0 standard, up to 5Gbps super speed<\/li>\n<li class=\"text-th-primary-dark\"><strong>Backward Compatible:<\/strong> Supports USB 2.0\/1.1 when work with SuperTT build-in devices<\/li>\n<li class=\"text-th-primary-dark\"><strong>Long length Transmission:<\/strong> Delivers lossless signals over 100meter maximum length<\/li>\n<li class=\"text-th-primary-dark\"><strong>Powered<\/strong> by Y-cable (USB 2.0 type-A Male)<\/li>\n<li class=\"text-th-primary-dark\"><strong>Easy Installation:<\/strong> Plug and play for both sides, unidirectional design<\/li>\n<li class=\"text-th-primary-dark\"><strong>Apoia<\/strong> self-powered USB 3.0 compliant devices<\/li>\n<li class=\"text-th-primary-dark\"><strong>Durable Construction:<\/strong> Zinc-alloy housing, corrosion-resistant gold-plated connectors<\/li>\n<li class=\"text-th-primary-dark\"><strong>RFI\/EMI Resistance:<\/strong> Elevada resist\u00eancia \u00e0s interfer\u00eancias electromagn\u00e9ticas, garantindo um ambiente seguro e sem radia\u00e7\u00f5es<\/li>\n<li class=\"text-th-primary-dark\"><strong>Customization:<\/strong> Up to 100m maximum length, logo, and packaging available<\/li>\n<\/ul>\n<p><strong>Formul\u00e1rios:<\/strong><\/p>\n<ul>\n<li>Link da c\u00e2mera de vis\u00e3o de m\u00e1quina<\/li>\n<li>Industrial Control<\/li>\n<li>Sinaliza\u00e7\u00e3o digital<\/li>\n<li>Home Network Integration<\/li>\n<li>Medical Device Connectivity<\/li>\n<li>KVM Extension<\/li>\n<li>Remote Desktop USB 3.0 Connections<\/li>\n<li>Security: web camera, access control<\/li>\n<li>USB 3.0 Devices Sharing: print, scan, storage<\/li>\n<\/ul>","protected":false},"excerpt":{"rendered":"<p>-Pure Fiber Optic USB 3.0 to Type-A Male to Type-A Male Link Cable<\/p>\n<p>-USB 3.0 up to 5Gbps super speed<\/p>\n<p>-Perfil EMI\/RFI praticamente nulo para um desempenho sem falhas<\/p>\n<p>-Extend long distance up to 100m<\/p>","protected":false},"featured_media":958,"comment_status":"open","ping_status":"closed","template":"","meta":{"rs_blank_template":"","rs_page_bg_color":"","slide_template_v7":""},"product_brand":[],"product_cat":[76,491,25,108],"product_tag":[56,57,213,455,71,266,58,66,69,265,461,462,70,460,458,457,459],"class_list":{"0":"post-954","1":"product","2":"type-product","3":"status-publish","4":"has-post-thumbnail","6":"product_cat-hot-sellers","7":"product_cat-solution-machine-vision","8":"product_cat-optical-usb-cables","9":"product_cat-shop","10":"product_tag-fiber-optic-usb-cable","11":"product_tag-optical-usb-cable","12":"product_tag-pure-fiber-usb","13":"product_tag-pure-fiber-usb-cable","14":"product_tag-usb-3-0-aoc","15":"product_tag-usb-3-1-fiber-active-optical-extension-cable","16":"product_tag-usb-active-optical-cable","17":"product_tag-usb-aoc","18":"product_tag-usb-aoc-cable","19":"product_tag-usb-fiber-optic","20":"product_tag-usb-fiber-optical-cable","21":"product_tag-usb-fiber-optical-extension","22":"product_tag-usb-optical-cable","23":"product_tag-usb-optical-extension-cable","24":"product_tag-usb3-extension-cable","25":"product_tag-usb3-fiber-optical-cable","26":"product_tag-usb3-optical-extension-cable","28":"first","29":"instock","30":"shipping-taxable","31":"product-type-simple"},"aioseo_notices":[],"_links":{"self":[{"href":"https:\/\/www.aocfiberlink.com\/pt\/wp-json\/wp\/v2\/product\/954","targetHints":{"allow":["GET"]}}],"collection":[{"href":"https:\/\/www.aocfiberlink.com\/pt\/wp-json\/wp\/v2\/product"}],"about":[{"href":"https:\/\/www.aocfiberlink.com\/pt\/wp-json\/wp\/v2\/types\/product"}],"replies":[{"embeddable":true,"href":"https:\/\/www.aocfiberlink.com\/pt\/wp-json\/wp\/v2\/comments?post=954"}],"wp:featuredmedia":[{"embeddable":true,"href":"https:\/\/www.aocfiberlink.com\/pt\/wp-json\/wp\/v2\/media\/958"}],"wp:attachment":[{"href":"https:\/\/www.aocfiberlink.com\/pt\/wp-json\/wp\/v2\/media?parent=954"}],"wp:term":[{"taxonomy":"product_brand","embeddable":true,"href":"https:\/\/www.aocfiberlink.com\/pt\/wp-json\/wp\/v2\/product_brand?post=954"},{"taxonomy":"product_cat","embeddable":true,"href":"https:\/\/www.aocfiberlink.com\/pt\/wp-json\/wp\/v2\/product_cat?post=954"},{"taxonomy":"product_tag","embeddable":true,"href":"https:\/\/www.aocfiberlink.com\/pt\/wp-json\/wp\/v2\/product_tag?post=954"}],"curies":[{"name":"wp","href":"https:\/\/api.w.org\/{rel}","templated":true}]}}